{"id":380,"date":"2024-06-17T16:59:36","date_gmt":"2024-06-17T08:59:36","guid":{"rendered":"https:\/\/qcgac.com\/?page_id=380"},"modified":"2024-06-17T16:59:36","modified_gmt":"2024-06-17T08:59:36","slug":"upper-body-garments","status":"publish","type":"page","link":"https:\/\/qcgac.com\/tr\/upper-body-garments\/","title":{"rendered":"\u00dcst V\u00fccut Giysileri"},"content":{"rendered":"<p style=\"text-align: center;\">\u00dcst V\u00fccut Giysileri:<\/p>\n<p style=\"text-align: center;\">G\u00f6mlek<\/p>\n<p style=\"text-align: center;\"><img loading=\"lazy\" decoding=\"async\" class=\"alignnone size-full wp-image-381\" src=\"https:\/\/qcgac.com\/wp-content\/uploads\/2024\/06\/\u56fe\u724713-2.png\" alt=\"\" width=\"750\" height=\"664\" srcset=\"https:\/\/qcgac.com\/wp-content\/uploads\/2024\/06\/\u56fe\u724713-2.png 750w, https:\/\/qcgac.com\/wp-content\/uploads\/2024\/06\/\u56fe\u724713-2-300x266.png 300w, https:\/\/qcgac.com\/wp-content\/uploads\/2024\/06\/\u56fe\u724713-2-14x12.png 14w\" sizes=\"auto, (max-width: 750px) 100vw, 750px\" \/><\/p>\n<p style=\"text-align: center;\">D\u00fc\u011fmeler g\u00f6mleklerin giyilip \u00e7\u0131kar\u0131lmas\u0131n\u0131 kolayla\u015ft\u0131r\u0131rken, uygun kapatma ve rahatl\u0131k sa\u011flar.<\/p>\n<p style=\"text-align: center;\">\n<ul style=\"text-align: center;\">\n<li>g\u00f6mlek<\/li>\n<\/ul>\n<p style=\"text-align: center;\">\n<p style=\"text-align: center;\"><img loading=\"lazy\" decoding=\"async\" class=\"alignnone size-full wp-image-382\" src=\"https:\/\/qcgac.com\/wp-content\/uploads\/2024\/06\/\u56fe\u724714-1.png\" alt=\"\" width=\"720\" height=\"1223\" srcset=\"https:\/\/qcgac.com\/wp-content\/uploads\/2024\/06\/\u56fe\u724714-1.png 720w, https:\/\/qcgac.com\/wp-content\/uploads\/2024\/06\/\u56fe\u724714-1-177x300.png 177w, https:\/\/qcgac.com\/wp-content\/uploads\/2024\/06\/\u56fe\u724714-1-603x1024.png 603w, https:\/\/qcgac.com\/wp-content\/uploads\/2024\/06\/\u56fe\u724714-1-7x12.png 7w\" sizes=\"auto, (max-width: 720px) 100vw, 720px\" \/><\/p>\n<p style=\"text-align: center;\">D\u00fc\u011fmeler ti\u015f\u00f6rtlere dekorasyon katabilir ve yakay\u0131 daha uygun bir uyum i\u00e7in ayarlayabilir.<\/p>\n<p style=\"text-align: center;\">\n<p style=\"text-align: center;\">Bluz<\/p>\n<p style=\"text-align: center;\"><img loading=\"lazy\" decoding=\"async\" class=\"alignnone size-full wp-image-383\" src=\"https:\/\/qcgac.com\/wp-content\/uploads\/2024\/06\/\u56fe\u724715-1.png\" alt=\"\" width=\"750\" height=\"986\" srcset=\"https:\/\/qcgac.com\/wp-content\/uploads\/2024\/06\/\u56fe\u724715-1.png 750w, https:\/\/qcgac.com\/wp-content\/uploads\/2024\/06\/\u56fe\u724715-1-228x300.png 228w, https:\/\/qcgac.com\/wp-content\/uploads\/2024\/06\/\u56fe\u724715-1-9x12.png 9w\" sizes=\"auto, (max-width: 750px) 100vw, 750px\" \/><\/p>\n<p style=\"text-align: center;\">D\u00fc\u011fmeler \u00fcst k\u0131s\u0131mlarda vurgu i\u015flevi g\u00f6rebilir ve onlar\u0131 giymenin kolay bir yolunu sa\u011flayabilir.<\/p>\n<p style=\"text-align: center;\">\n<p style=\"text-align: center;\">Ceket<\/p>\n<p style=\"text-align: center;\">\n<p style=\"text-align: center;\">\n<p style=\"text-align: center;\"><img loading=\"lazy\" decoding=\"async\" class=\"alignnone size-full wp-image-384\" src=\"https:\/\/qcgac.com\/wp-content\/uploads\/2024\/06\/\u56fe\u724717-1.png\" alt=\"\" width=\"1400\" height=\"1498\" srcset=\"https:\/\/qcgac.com\/wp-content\/uploads\/2024\/06\/\u56fe\u724717-1.png 1400w, https:\/\/qcgac.com\/wp-content\/uploads\/2024\/06\/\u56fe\u724717-1-280x300.png 280w, https:\/\/qcgac.com\/wp-content\/uploads\/2024\/06\/\u56fe\u724717-1-957x1024.png 957w, https:\/\/qcgac.com\/wp-content\/uploads\/2024\/06\/\u56fe\u724717-1-768x822.png 768w, https:\/\/qcgac.com\/wp-content\/uploads\/2024\/06\/\u56fe\u724717-1-11x12.png 11w\" sizes=\"auto, (max-width: 1400px) 100vw, 1400px\" \/><\/p>\n<p style=\"text-align: center;\">D\u00fc\u011fmeler ceketlerin \u00f6n k\u0131sm\u0131n\u0131 sabitleyerek s\u0131cakl\u0131\u011f\u0131 art\u0131rabilir ve bir tasar\u0131m \u00f6\u011fesi g\u00f6revi g\u00f6rebilir.<\/p>\n<p style=\"text-align: center;\">\n<p style=\"text-align: center;\">Blazer<\/p>\n<p style=\"text-align: center;\">\n<p style=\"text-align: center;\"><img loading=\"lazy\" decoding=\"async\" class=\"alignnone size-full wp-image-385\" src=\"https:\/\/qcgac.com\/wp-content\/uploads\/2024\/06\/\u56fe\u724716-1.png\" alt=\"\" width=\"720\" height=\"1058\" srcset=\"https:\/\/qcgac.com\/wp-content\/uploads\/2024\/06\/\u56fe\u724716-1.png 720w, https:\/\/qcgac.com\/wp-content\/uploads\/2024\/06\/\u56fe\u724716-1-204x300.png 204w, https:\/\/qcgac.com\/wp-content\/uploads\/2024\/06\/\u56fe\u724716-1-697x1024.png 697w, https:\/\/qcgac.com\/wp-content\/uploads\/2024\/06\/\u56fe\u724716-1-8x12.png 8w\" sizes=\"auto, (max-width: 720px) 100vw, 720px\" \/><\/p>\n<p style=\"text-align: center;\">D\u00fc\u011fmeler, tak\u0131m elbise ceketlerinin hem genel g\u00f6r\u00fcn\u00fcm\u00fcn\u00fc hem de giyim konforunu ve rahatl\u0131\u011f\u0131n\u0131 etkileyen vazge\u00e7ilmez detaylar\u0131d\u0131r.<\/p>\n<p style=\"text-align: center;\">\n<p style=\"text-align: center;\">\n<p style=\"text-align: center;\">Kaban<\/p>\n<p style=\"text-align: center;\">\n<p style=\"text-align: center;\"><img loading=\"lazy\" decoding=\"async\" class=\"alignnone size-full wp-image-386\" src=\"https:\/\/qcgac.com\/wp-content\/uploads\/2024\/06\/\u56fe\u724718-1.png\" alt=\"\" width=\"1500\" height=\"1004\" srcset=\"https:\/\/qcgac.com\/wp-content\/uploads\/2024\/06\/\u56fe\u724718-1.png 1500w, https:\/\/qcgac.com\/wp-content\/uploads\/2024\/06\/\u56fe\u724718-1-300x201.png 300w, https:\/\/qcgac.com\/wp-content\/uploads\/2024\/06\/\u56fe\u724718-1-1024x685.png 1024w, https:\/\/qcgac.com\/wp-content\/uploads\/2024\/06\/\u56fe\u724718-1-768x514.png 768w, https:\/\/qcgac.com\/wp-content\/uploads\/2024\/06\/\u56fe\u724718-1-18x12.png 18w\" sizes=\"auto, (max-width: 1500px) 100vw, 1500px\" \/><\/p>\n<p style=\"text-align: center;\">D\u00fc\u011fmeler paltolar\u0131n sabit bir \u015fekilde kapanmas\u0131n\u0131 sa\u011flayarak v\u00fccudu so\u011fuktan korur.<\/p>\n<p style=\"text-align: center;\">\n<p style=\"text-align: center;\">","protected":false},"excerpt":{"rendered":"<p>Upper Body Garments: Shirt Buttons make shirts easier to put on and take off, while providing appropriate closure and comfort. shirt Buttons can add decoration to T-shirts and adjust the neckline for a more appropriate fit. Blouse Buttons can serve as highlights on tops while providing a convenient way to put them on. Jacket Buttons [&hellip;]<\/p>\n","protected":false},"author":2,"featured_media":0,"parent":0,"menu_order":0,"comment_status":"closed","ping_status":"closed","template":"page\/application.php","meta":{"_uf_show_specific_survey":0,"_uf_disable_surveys":false,"footnotes":""},"class_list":["post-380","page","type-page","status-publish","hentry"],"yoast_head":"<!-- This site is optimized with the Yoast SEO plugin v27.4 - https:\/\/yoast.com\/product\/yoast-seo-wordpress\/ -->\n<title>Upper Body Garments - Foshan Qingchen Garment Accessories Co., Ltd.<\/title>\n<meta name=\"robots\" content=\"index, follow, max-snippet:-1, max-image-preview:large, max-video-preview:-1\" \/>\n<link rel=\"canonical\" href=\"https:\/\/qcgac.com\/tr\/upper-body-garments\/\" \/>\n<meta property=\"og:locale\" content=\"tr_TR\" \/>\n<meta property=\"og:type\" content=\"article\" \/>\n<meta property=\"og:title\" content=\"Upper Body Garments - Foshan Qingchen Garment Accessories Co., Ltd.\" \/>\n<meta property=\"og:description\" content=\"Upper Body Garments: Shirt Buttons make shirts easier to put on and take off, while providing appropriate closure and comfort. shirt Buttons can add decoration to T-shirts and adjust the neckline for a more appropriate fit. Blouse Buttons can serve as highlights on tops while providing a convenient way to put them on. Jacket Buttons [&hellip;]\" \/>\n<meta property=\"og:url\" content=\"https:\/\/qcgac.com\/tr\/upper-body-garments\/\" \/>\n<meta property=\"og:site_name\" content=\"Foshan Qingchen Garment Accessories Co., Ltd.\" \/>\n<meta property=\"article:publisher\" content=\"https:\/\/www.facebook.com\/qcbutton\" \/>\n<meta name=\"twitter:card\" content=\"summary_large_image\" \/>\n<meta name=\"twitter:label1\" content=\"Tahmini okuma s\u00fcresi\" \/>\n\t<meta name=\"twitter:data1\" content=\"1 dakika\" \/>\n<script type=\"application\/ld+json\" class=\"yoast-schema-graph\">{\"@context\":\"https:\\\/\\\/schema.org\",\"@graph\":[{\"@type\":\"WebPage\",\"@id\":\"https:\\\/\\\/qcgac.com\\\/upper-body-garments\\\/\",\"url\":\"https:\\\/\\\/qcgac.com\\\/upper-body-garments\\\/\",\"name\":\"Upper Body Garments - Foshan Qingchen Garment Accessories Co., Ltd.\",\"isPartOf\":{\"@id\":\"https:\\\/\\\/qcgac.com\\\/#website\"},\"datePublished\":\"2024-06-17T08:59:36+00:00\",\"breadcrumb\":{\"@id\":\"https:\\\/\\\/qcgac.com\\\/upper-body-garments\\\/#breadcrumb\"},\"inLanguage\":\"tr\",\"potentialAction\":[{\"@type\":\"ReadAction\",\"target\":[\"https:\\\/\\\/qcgac.com\\\/upper-body-garments\\\/\"]}]},{\"@type\":\"BreadcrumbList\",\"@id\":\"https:\\\/\\\/qcgac.com\\\/upper-body-garments\\\/#breadcrumb\",\"itemListElement\":[{\"@type\":\"ListItem\",\"position\":1,\"name\":\"\u9996\u9875\",\"item\":\"https:\\\/\\\/qcgac.com\\\/\"},{\"@type\":\"ListItem\",\"position\":2,\"name\":\"Upper Body Garments\"}]},{\"@type\":\"WebSite\",\"@id\":\"https:\\\/\\\/qcgac.com\\\/#website\",\"url\":\"https:\\\/\\\/qcgac.com\\\/\",\"name\":\"Foshan Qingchen Garment Accessories Co., Ltd.\",\"description\":\"Premier Garment Accessories Manufacturer - Foshan Qingchen Garment Accessories Co., Ltd.\",\"publisher\":{\"@id\":\"https:\\\/\\\/qcgac.com\\\/#organization\"},\"potentialAction\":[{\"@type\":\"SearchAction\",\"target\":{\"@type\":\"EntryPoint\",\"urlTemplate\":\"https:\\\/\\\/qcgac.com\\\/?s={search_term_string}\"},\"query-input\":{\"@type\":\"PropertyValueSpecification\",\"valueRequired\":true,\"valueName\":\"search_term_string\"}}],\"inLanguage\":\"tr\"},{\"@type\":\"Organization\",\"@id\":\"https:\\\/\\\/qcgac.com\\\/#organization\",\"name\":\"Foshan Qingchen Garment Accessories Co., Ltd.\",\"url\":\"https:\\\/\\\/qcgac.com\\\/\",\"logo\":{\"@type\":\"ImageObject\",\"inLanguage\":\"tr\",\"@id\":\"https:\\\/\\\/qcgac.com\\\/#\\\/schema\\\/logo\\\/image\\\/\",\"url\":\"https:\\\/\\\/qcgac.com\\\/wp-content\\\/uploads\\\/2024\\\/06\\\/cropped-22.png\",\"contentUrl\":\"https:\\\/\\\/qcgac.com\\\/wp-content\\\/uploads\\\/2024\\\/06\\\/cropped-22.png\",\"width\":512,\"height\":512,\"caption\":\"Foshan Qingchen Garment Accessories Co., Ltd.\"},\"image\":{\"@id\":\"https:\\\/\\\/qcgac.com\\\/#\\\/schema\\\/logo\\\/image\\\/\"},\"sameAs\":[\"https:\\\/\\\/www.facebook.com\\\/qcbutton\",\"https:\\\/\\\/www.linkedin.com\\\/in\\\/neal-qcfactory-qcgac\\\/\"]}]}<\/script>\n<!-- \/ Yoast SEO plugin. -->","yoast_head_json":{"title":"Upper Body Garments - Foshan Qingchen Garment Accessories Co., Ltd.","robots":{"index":"index","follow":"follow","max-snippet":"max-snippet:-1","max-image-preview":"max-image-preview:large","max-video-preview":"max-video-preview:-1"},"canonical":"https:\/\/qcgac.com\/tr\/upper-body-garments\/","og_locale":"tr_TR","og_type":"article","og_title":"Upper Body Garments - Foshan Qingchen Garment Accessories Co., Ltd.","og_description":"Upper Body Garments: Shirt Buttons make shirts easier to put on and take off, while providing appropriate closure and comfort. shirt Buttons can add decoration to T-shirts and adjust the neckline for a more appropriate fit. Blouse Buttons can serve as highlights on tops while providing a convenient way to put them on. Jacket Buttons [&hellip;]","og_url":"https:\/\/qcgac.com\/tr\/upper-body-garments\/","og_site_name":"Foshan Qingchen Garment Accessories Co., Ltd.","article_publisher":"https:\/\/www.facebook.com\/qcbutton","twitter_card":"summary_large_image","twitter_misc":{"Tahmini okuma s\u00fcresi":"1 dakika"},"schema":{"@context":"https:\/\/schema.org","@graph":[{"@type":"WebPage","@id":"https:\/\/qcgac.com\/upper-body-garments\/","url":"https:\/\/qcgac.com\/upper-body-garments\/","name":"Upper Body Garments - Foshan Qingchen Garment Accessories Co., Ltd.","isPartOf":{"@id":"https:\/\/qcgac.com\/#website"},"datePublished":"2024-06-17T08:59:36+00:00","breadcrumb":{"@id":"https:\/\/qcgac.com\/upper-body-garments\/#breadcrumb"},"inLanguage":"tr","potentialAction":[{"@type":"ReadAction","target":["https:\/\/qcgac.com\/upper-body-garments\/"]}]},{"@type":"BreadcrumbList","@id":"https:\/\/qcgac.com\/upper-body-garments\/#breadcrumb","itemListElement":[{"@type":"ListItem","position":1,"name":"\u9996\u9875","item":"https:\/\/qcgac.com\/"},{"@type":"ListItem","position":2,"name":"Upper Body Garments"}]},{"@type":"WebSite","@id":"https:\/\/qcgac.com\/#website","url":"https:\/\/qcgac.com\/","name":"Foshan Qingchen Konfeksiyon Aksesuarlar\u0131 Co, Ltd","description":"\u00d6nde Gelen Giyim Aksesuarlar\u0131 \u00dcreticisi - Foshan Qingchen Giyim Aksesuarlar\u0131 Co., Ltd.","publisher":{"@id":"https:\/\/qcgac.com\/#organization"},"potentialAction":[{"@type":"SearchAction","target":{"@type":"EntryPoint","urlTemplate":"https:\/\/qcgac.com\/?s={search_term_string}"},"query-input":{"@type":"PropertyValueSpecification","valueRequired":true,"valueName":"search_term_string"}}],"inLanguage":"tr"},{"@type":"Organization","@id":"https:\/\/qcgac.com\/#organization","name":"Foshan Qingchen Konfeksiyon Aksesuarlar\u0131 Co, Ltd","url":"https:\/\/qcgac.com\/","logo":{"@type":"ImageObject","inLanguage":"tr","@id":"https:\/\/qcgac.com\/#\/schema\/logo\/image\/","url":"https:\/\/qcgac.com\/wp-content\/uploads\/2024\/06\/cropped-22.png","contentUrl":"https:\/\/qcgac.com\/wp-content\/uploads\/2024\/06\/cropped-22.png","width":512,"height":512,"caption":"Foshan Qingchen Garment Accessories Co., Ltd."},"image":{"@id":"https:\/\/qcgac.com\/#\/schema\/logo\/image\/"},"sameAs":["https:\/\/www.facebook.com\/qcbutton","https:\/\/www.linkedin.com\/in\/neal-qcfactory-qcgac\/"]}]}},"_links":{"self":[{"href":"https:\/\/qcgac.com\/tr\/wp-json\/wp\/v2\/pages\/380","targetHints":{"allow":["GET"]}}],"collection":[{"href":"https:\/\/qcgac.com\/tr\/wp-json\/wp\/v2\/pages"}],"about":[{"href":"https:\/\/qcgac.com\/tr\/wp-json\/wp\/v2\/types\/page"}],"author":[{"embeddable":true,"href":"https:\/\/qcgac.com\/tr\/wp-json\/wp\/v2\/users\/2"}],"replies":[{"embeddable":true,"href":"https:\/\/qcgac.com\/tr\/wp-json\/wp\/v2\/comments?post=380"}],"version-history":[{"count":1,"href":"https:\/\/qcgac.com\/tr\/wp-json\/wp\/v2\/pages\/380\/revisions"}],"predecessor-version":[{"id":387,"href":"https:\/\/qcgac.com\/tr\/wp-json\/wp\/v2\/pages\/380\/revisions\/387"}],"wp:attachment":[{"href":"https:\/\/qcgac.com\/tr\/wp-json\/wp\/v2\/media?parent=380"}],"curies":[{"name":"wp","href":"https:\/\/api.w.org\/{rel}","templated":true}]}}