{"id":374,"date":"2024-06-17T16:57:29","date_gmt":"2024-06-17T08:57:29","guid":{"rendered":"https:\/\/qcgac.com\/?page_id=374"},"modified":"2024-06-17T17:00:59","modified_gmt":"2024-06-17T09:00:59","slug":"specialized-apparel","status":"publish","type":"page","link":"https:\/\/qcgac.com\/tr\/specialized-apparel\/","title":{"rendered":"\u00d6zel Giyim"},"content":{"rendered":"<p style=\"text-align: center;\">\u00d6zel Giysiler:<\/p>\n<p style=\"text-align: center;\">\u00dcniforma<\/p>\n<p style=\"text-align: center;\"><img loading=\"lazy\" decoding=\"async\" class=\"alignnone size-full wp-image-375\" src=\"https:\/\/qcgac.com\/wp-content\/uploads\/2024\/06\/\u56fe\u724710.png\" alt=\"\" width=\"720\" height=\"1167\" srcset=\"https:\/\/qcgac.com\/wp-content\/uploads\/2024\/06\/\u56fe\u724710.png 720w, https:\/\/qcgac.com\/wp-content\/uploads\/2024\/06\/\u56fe\u724710-185x300.png 185w, https:\/\/qcgac.com\/wp-content\/uploads\/2024\/06\/\u56fe\u724710-632x1024.png 632w, https:\/\/qcgac.com\/wp-content\/uploads\/2024\/06\/\u56fe\u724710-7x12.png 7w\" sizes=\"auto, (max-width: 720px) 100vw, 720px\" \/><\/p>\n<p style=\"text-align: center;\">D\u00fc\u011fmeler \u00fcniformalar\u0131n ayr\u0131lmaz par\u00e7alar\u0131d\u0131r; kurulu\u015flar i\u00e7in birle\u015fik bir imaj yans\u0131t\u0131r ve bunlar\u0131 giymenin kolay bir yolunu sunar.<\/p>\n<p style=\"text-align: center;\">\u0130\u015f k\u0131yafeti<\/p>\n<p style=\"text-align: center;\">D\u00fc\u011fmeler i\u015f k\u0131yafetinin pratikli\u011fini art\u0131r\u0131r, giyilmesini kolayla\u015ft\u0131r\u0131r ve verimlili\u011fi art\u0131r\u0131r.<\/p>\n<p style=\"text-align: center;\">\u0130\u00e7 giyim<\/p>\n<p style=\"text-align: center;\"><img loading=\"lazy\" decoding=\"async\" class=\"alignnone size-full wp-image-376\" src=\"https:\/\/qcgac.com\/wp-content\/uploads\/2024\/06\/\u56fe\u724711-1.png\" alt=\"\" width=\"720\" height=\"897\" srcset=\"https:\/\/qcgac.com\/wp-content\/uploads\/2024\/06\/\u56fe\u724711-1.png 720w, https:\/\/qcgac.com\/wp-content\/uploads\/2024\/06\/\u56fe\u724711-1-241x300.png 241w, https:\/\/qcgac.com\/wp-content\/uploads\/2024\/06\/\u56fe\u724711-1-10x12.png 10w\" sizes=\"auto, (max-width: 720px) 100vw, 720px\" \/><\/p>\n<p style=\"text-align: center;\">\u0130\u00e7 giyim \u00fczerindeki d\u00fc\u011fmeler daha iyi bir giyim deneyimi sa\u011flar ve giysinin uyumunu daha fazla konfor i\u00e7in ayarlayabilir.<br \/>\n<img loading=\"lazy\" decoding=\"async\" src=\"https:\/\/qcgac.com\/wp-content\/uploads\/2024\/06\/\u56fe\u724712-1.png\" alt=\"\" width=\"513\" height=\"1280\" \/><\/p>\n<p>&nbsp;<\/p>\n<p>&nbsp;<\/p>\n<p style=\"text-align: center;\">\u0130\u00e7 \u00e7ama\u015f\u0131r\u0131<\/p>\n<p style=\"text-align: center;\">D\u00fc\u011fmeler, i\u00e7 giyimde rahat kullan\u0131m sa\u011flayan, hem rahatl\u0131\u011f\u0131 hem de uyumu etkileyen \u00f6nemli tasar\u0131m detaylar\u0131d\u0131r.<\/p>\n<p style=\"text-align: center;\">","protected":false},"excerpt":{"rendered":"<p>Specialized Apparel: Uniform Buttons are integral parts of uniforms, reflecting a unified image for organizations and providing a convenient way to put them on. Workwear Buttons enhance the practicality of workwear, making them easier to wear and increasing efficiency. Loungewear Buttons on loungewear provide a better wearing experience and can adjust the garment's fit for [&hellip;]<\/p>\n","protected":false},"author":2,"featured_media":0,"parent":0,"menu_order":0,"comment_status":"closed","ping_status":"closed","template":"page\/application.php","meta":{"_uf_show_specific_survey":0,"_uf_disable_surveys":false,"footnotes":""},"class_list":["post-374","page","type-page","status-publish","hentry"],"yoast_head":"<!-- This site is optimized with the Yoast SEO plugin v27.4 - https:\/\/yoast.com\/product\/yoast-seo-wordpress\/ -->\n<title>Specialized Apparel - Foshan Qingchen Garment Accessories Co., Ltd.<\/title>\n<meta name=\"robots\" content=\"index, follow, max-snippet:-1, max-image-preview:large, max-video-preview:-1\" \/>\n<link rel=\"canonical\" href=\"https:\/\/qcgac.com\/tr\/specialized-apparel\/\" \/>\n<meta property=\"og:locale\" content=\"tr_TR\" \/>\n<meta property=\"og:type\" content=\"article\" \/>\n<meta property=\"og:title\" content=\"Specialized Apparel - Foshan Qingchen Garment Accessories Co., Ltd.\" \/>\n<meta property=\"og:description\" content=\"Specialized Apparel: Uniform Buttons are integral parts of uniforms, reflecting a unified image for organizations and providing a convenient way to put them on. Workwear Buttons enhance the practicality of workwear, making them easier to wear and increasing efficiency. Loungewear Buttons on loungewear provide a better wearing experience and can adjust the garment&#039;s fit for [&hellip;]\" \/>\n<meta property=\"og:url\" content=\"https:\/\/qcgac.com\/tr\/specialized-apparel\/\" \/>\n<meta property=\"og:site_name\" content=\"Foshan Qingchen Garment Accessories Co., Ltd.\" \/>\n<meta property=\"article:publisher\" content=\"https:\/\/www.facebook.com\/qcbutton\" \/>\n<meta property=\"article:modified_time\" content=\"2024-06-17T09:00:59+00:00\" \/>\n<meta name=\"twitter:card\" content=\"summary_large_image\" \/>\n<script type=\"application\/ld+json\" class=\"yoast-schema-graph\">{\"@context\":\"https:\\\/\\\/schema.org\",\"@graph\":[{\"@type\":\"WebPage\",\"@id\":\"https:\\\/\\\/qcgac.com\\\/specialized-apparel\\\/\",\"url\":\"https:\\\/\\\/qcgac.com\\\/specialized-apparel\\\/\",\"name\":\"Specialized Apparel - Foshan Qingchen Garment Accessories Co., Ltd.\",\"isPartOf\":{\"@id\":\"https:\\\/\\\/qcgac.com\\\/#website\"},\"datePublished\":\"2024-06-17T08:57:29+00:00\",\"dateModified\":\"2024-06-17T09:00:59+00:00\",\"breadcrumb\":{\"@id\":\"https:\\\/\\\/qcgac.com\\\/specialized-apparel\\\/#breadcrumb\"},\"inLanguage\":\"tr\",\"potentialAction\":[{\"@type\":\"ReadAction\",\"target\":[\"https:\\\/\\\/qcgac.com\\\/specialized-apparel\\\/\"]}]},{\"@type\":\"BreadcrumbList\",\"@id\":\"https:\\\/\\\/qcgac.com\\\/specialized-apparel\\\/#breadcrumb\",\"itemListElement\":[{\"@type\":\"ListItem\",\"position\":1,\"name\":\"\u9996\u9875\",\"item\":\"https:\\\/\\\/qcgac.com\\\/\"},{\"@type\":\"ListItem\",\"position\":2,\"name\":\"Specialized Apparel\"}]},{\"@type\":\"WebSite\",\"@id\":\"https:\\\/\\\/qcgac.com\\\/#website\",\"url\":\"https:\\\/\\\/qcgac.com\\\/\",\"name\":\"Foshan Qingchen Garment Accessories Co., Ltd.\",\"description\":\"Premier Garment Accessories Manufacturer - Foshan Qingchen Garment Accessories Co., Ltd.\",\"publisher\":{\"@id\":\"https:\\\/\\\/qcgac.com\\\/#organization\"},\"potentialAction\":[{\"@type\":\"SearchAction\",\"target\":{\"@type\":\"EntryPoint\",\"urlTemplate\":\"https:\\\/\\\/qcgac.com\\\/?s={search_term_string}\"},\"query-input\":{\"@type\":\"PropertyValueSpecification\",\"valueRequired\":true,\"valueName\":\"search_term_string\"}}],\"inLanguage\":\"tr\"},{\"@type\":\"Organization\",\"@id\":\"https:\\\/\\\/qcgac.com\\\/#organization\",\"name\":\"Foshan Qingchen Garment Accessories Co., Ltd.\",\"url\":\"https:\\\/\\\/qcgac.com\\\/\",\"logo\":{\"@type\":\"ImageObject\",\"inLanguage\":\"tr\",\"@id\":\"https:\\\/\\\/qcgac.com\\\/#\\\/schema\\\/logo\\\/image\\\/\",\"url\":\"https:\\\/\\\/qcgac.com\\\/wp-content\\\/uploads\\\/2024\\\/06\\\/cropped-22.png\",\"contentUrl\":\"https:\\\/\\\/qcgac.com\\\/wp-content\\\/uploads\\\/2024\\\/06\\\/cropped-22.png\",\"width\":512,\"height\":512,\"caption\":\"Foshan Qingchen Garment Accessories Co., Ltd.\"},\"image\":{\"@id\":\"https:\\\/\\\/qcgac.com\\\/#\\\/schema\\\/logo\\\/image\\\/\"},\"sameAs\":[\"https:\\\/\\\/www.facebook.com\\\/qcbutton\",\"https:\\\/\\\/www.linkedin.com\\\/in\\\/neal-qcfactory-qcgac\\\/\"]}]}<\/script>\n<!-- \/ Yoast SEO plugin. -->","yoast_head_json":{"title":"Specialized Apparel - Foshan Qingchen Garment Accessories Co., Ltd.","robots":{"index":"index","follow":"follow","max-snippet":"max-snippet:-1","max-image-preview":"max-image-preview:large","max-video-preview":"max-video-preview:-1"},"canonical":"https:\/\/qcgac.com\/tr\/specialized-apparel\/","og_locale":"tr_TR","og_type":"article","og_title":"Specialized Apparel - Foshan Qingchen Garment Accessories Co., Ltd.","og_description":"Specialized Apparel: Uniform Buttons are integral parts of uniforms, reflecting a unified image for organizations and providing a convenient way to put them on. Workwear Buttons enhance the practicality of workwear, making them easier to wear and increasing efficiency. Loungewear Buttons on loungewear provide a better wearing experience and can adjust the garment's fit for [&hellip;]","og_url":"https:\/\/qcgac.com\/tr\/specialized-apparel\/","og_site_name":"Foshan Qingchen Garment Accessories Co., Ltd.","article_publisher":"https:\/\/www.facebook.com\/qcbutton","article_modified_time":"2024-06-17T09:00:59+00:00","twitter_card":"summary_large_image","schema":{"@context":"https:\/\/schema.org","@graph":[{"@type":"WebPage","@id":"https:\/\/qcgac.com\/specialized-apparel\/","url":"https:\/\/qcgac.com\/specialized-apparel\/","name":"Specialized Apparel - Foshan Qingchen Garment Accessories Co., Ltd.","isPartOf":{"@id":"https:\/\/qcgac.com\/#website"},"datePublished":"2024-06-17T08:57:29+00:00","dateModified":"2024-06-17T09:00:59+00:00","breadcrumb":{"@id":"https:\/\/qcgac.com\/specialized-apparel\/#breadcrumb"},"inLanguage":"tr","potentialAction":[{"@type":"ReadAction","target":["https:\/\/qcgac.com\/specialized-apparel\/"]}]},{"@type":"BreadcrumbList","@id":"https:\/\/qcgac.com\/specialized-apparel\/#breadcrumb","itemListElement":[{"@type":"ListItem","position":1,"name":"\u9996\u9875","item":"https:\/\/qcgac.com\/"},{"@type":"ListItem","position":2,"name":"Specialized Apparel"}]},{"@type":"WebSite","@id":"https:\/\/qcgac.com\/#website","url":"https:\/\/qcgac.com\/","name":"Foshan Qingchen Konfeksiyon Aksesuarlar\u0131 Co, Ltd","description":"\u00d6nde Gelen Giyim Aksesuarlar\u0131 \u00dcreticisi - Foshan Qingchen Giyim Aksesuarlar\u0131 Co., Ltd.","publisher":{"@id":"https:\/\/qcgac.com\/#organization"},"potentialAction":[{"@type":"SearchAction","target":{"@type":"EntryPoint","urlTemplate":"https:\/\/qcgac.com\/?s={search_term_string}"},"query-input":{"@type":"PropertyValueSpecification","valueRequired":true,"valueName":"search_term_string"}}],"inLanguage":"tr"},{"@type":"Organization","@id":"https:\/\/qcgac.com\/#organization","name":"Foshan Qingchen Konfeksiyon Aksesuarlar\u0131 Co, Ltd","url":"https:\/\/qcgac.com\/","logo":{"@type":"ImageObject","inLanguage":"tr","@id":"https:\/\/qcgac.com\/#\/schema\/logo\/image\/","url":"https:\/\/qcgac.com\/wp-content\/uploads\/2024\/06\/cropped-22.png","contentUrl":"https:\/\/qcgac.com\/wp-content\/uploads\/2024\/06\/cropped-22.png","width":512,"height":512,"caption":"Foshan Qingchen Garment Accessories Co., Ltd."},"image":{"@id":"https:\/\/qcgac.com\/#\/schema\/logo\/image\/"},"sameAs":["https:\/\/www.facebook.com\/qcbutton","https:\/\/www.linkedin.com\/in\/neal-qcfactory-qcgac\/"]}]}},"_links":{"self":[{"href":"https:\/\/qcgac.com\/tr\/wp-json\/wp\/v2\/pages\/374","targetHints":{"allow":["GET"]}}],"collection":[{"href":"https:\/\/qcgac.com\/tr\/wp-json\/wp\/v2\/pages"}],"about":[{"href":"https:\/\/qcgac.com\/tr\/wp-json\/wp\/v2\/types\/page"}],"author":[{"embeddable":true,"href":"https:\/\/qcgac.com\/tr\/wp-json\/wp\/v2\/users\/2"}],"replies":[{"embeddable":true,"href":"https:\/\/qcgac.com\/tr\/wp-json\/wp\/v2\/comments?post=374"}],"version-history":[{"count":5,"href":"https:\/\/qcgac.com\/tr\/wp-json\/wp\/v2\/pages\/374\/revisions"}],"predecessor-version":[{"id":390,"href":"https:\/\/qcgac.com\/tr\/wp-json\/wp\/v2\/pages\/374\/revisions\/390"}],"wp:attachment":[{"href":"https:\/\/qcgac.com\/tr\/wp-json\/wp\/v2\/media?parent=374"}],"curies":[{"name":"wp","href":"https:\/\/api.w.org\/{rel}","templated":true}]}}