{"id":368,"date":"2024-06-17T16:55:47","date_gmt":"2024-06-17T08:55:47","guid":{"rendered":"https:\/\/qcgac.com\/?page_id=368"},"modified":"2024-06-17T16:55:56","modified_gmt":"2024-06-17T08:55:56","slug":"outerwear","status":"publish","type":"page","link":"https:\/\/qcgac.com\/tr\/outerwear\/","title":{"rendered":"D\u0131\u015f giyim"},"content":{"rendered":"<p style=\"text-align: center;\">D\u0131\u015f giyim:<\/p>\n<p style=\"text-align: center;\">Ceket<\/p>\n<p style=\"text-align: center;\">\n<p style=\"text-align: center;\"><img loading=\"lazy\" decoding=\"async\" class=\"alignnone size-full wp-image-369\" src=\"https:\/\/qcgac.com\/wp-content\/uploads\/2024\/06\/\u56fe\u72477-1.png\" alt=\"\" width=\"1314\" height=\"1368\" srcset=\"https:\/\/qcgac.com\/wp-content\/uploads\/2024\/06\/\u56fe\u72477-1.png 1314w, https:\/\/qcgac.com\/wp-content\/uploads\/2024\/06\/\u56fe\u72477-1-288x300.png 288w, https:\/\/qcgac.com\/wp-content\/uploads\/2024\/06\/\u56fe\u72477-1-984x1024.png 984w, https:\/\/qcgac.com\/wp-content\/uploads\/2024\/06\/\u56fe\u72477-1-768x800.png 768w, https:\/\/qcgac.com\/wp-content\/uploads\/2024\/06\/\u56fe\u72477-1-12x12.png 12w\" sizes=\"auto, (max-width: 1314px) 100vw, 1314px\" \/><\/p>\n<p style=\"text-align: center;\">D\u00fc\u011fmeler ceketlerin \u00f6nemli bir tasar\u0131m \u00f6\u011fesidir; kapatmay\u0131 sa\u011flar ve dekoratif vurgu g\u00f6revi g\u00f6r\u00fcr.<\/p>\n<p style=\"text-align: center;\">Kaban<\/p>\n<p style=\"text-align: center;\"><img loading=\"lazy\" decoding=\"async\" class=\"alignnone size-full wp-image-371\" src=\"https:\/\/qcgac.com\/wp-content\/uploads\/2024\/06\/\u56fe\u72478-1.png\" alt=\"\" width=\"1500\" height=\"1004\" srcset=\"https:\/\/qcgac.com\/wp-content\/uploads\/2024\/06\/\u56fe\u72478-1.png 1500w, https:\/\/qcgac.com\/wp-content\/uploads\/2024\/06\/\u56fe\u72478-1-300x201.png 300w, https:\/\/qcgac.com\/wp-content\/uploads\/2024\/06\/\u56fe\u72478-1-1024x685.png 1024w, https:\/\/qcgac.com\/wp-content\/uploads\/2024\/06\/\u56fe\u72478-1-768x514.png 768w, https:\/\/qcgac.com\/wp-content\/uploads\/2024\/06\/\u56fe\u72478-1-18x12.png 18w\" sizes=\"auto, (max-width: 1500px) 100vw, 1500px\" \/><\/p>\n<p style=\"text-align: center;\">D\u00fc\u011fmeler paltolar\u0131n sabit bir \u015fekilde kapanmas\u0131n\u0131 sa\u011flayarak v\u00fccudu so\u011fuktan korur.<\/p>\n<p style=\"text-align: center;\">\n<p style=\"text-align: center;\">Blazer<\/p>\n<p style=\"text-align: center;\"><img loading=\"lazy\" decoding=\"async\" class=\"alignnone size-full wp-image-370\" src=\"https:\/\/qcgac.com\/wp-content\/uploads\/2024\/06\/\u56fe\u72479.png\" alt=\"\" width=\"720\" height=\"834\" srcset=\"https:\/\/qcgac.com\/wp-content\/uploads\/2024\/06\/\u56fe\u72479.png 720w, https:\/\/qcgac.com\/wp-content\/uploads\/2024\/06\/\u56fe\u72479-259x300.png 259w, https:\/\/qcgac.com\/wp-content\/uploads\/2024\/06\/\u56fe\u72479-10x12.png 10w\" sizes=\"auto, (max-width: 720px) 100vw, 720px\" \/><\/p>\n<p style=\"text-align: center;\">D\u00fc\u011fmeler, tak\u0131m elbise ceketlerinin hem genel g\u00f6r\u00fcn\u00fcm\u00fcn\u00fc hem de giyim konforunu ve rahatl\u0131\u011f\u0131n\u0131 etkileyen vazge\u00e7ilmez detaylar\u0131d\u0131r.<\/p>\n<p style=\"text-align: center;\">","protected":false},"excerpt":{"rendered":"<p>D\u0131\u015f Giyim: Ceket D\u00fc\u011fmeleri, ceketlerin \u00f6nemli bir tasar\u0131m \u00f6\u011fesidir ve hem kapan\u0131\u015f sa\u011flar hem de dekoratif bir vurgu g\u00f6revi g\u00f6r\u00fcr. Ceket D\u00fc\u011fmeleri, paltolar i\u00e7in sa\u011flam bir kapan\u0131\u015f sa\u011flayarak v\u00fccudu so\u011fuktan korur. Blazer D\u00fc\u011fmeleri, hem genel g\u00f6r\u00fcn\u00fcm\u00fc hem de giyim rahatl\u0131\u011f\u0131n\u0131 ve kolayl\u0131\u011f\u0131n\u0131 etkileyen, tak\u0131m elbise ceketlerinin olmazsa olmaz detaylar\u0131d\u0131r.<\/p>","protected":false},"author":2,"featured_media":0,"parent":0,"menu_order":0,"comment_status":"closed","ping_status":"closed","template":"page\/application.php","meta":{"_uf_show_specific_survey":0,"_uf_disable_surveys":false,"footnotes":""},"class_list":["post-368","page","type-page","status-publish","hentry"],"yoast_head":"<!-- This site is optimized with the Yoast SEO plugin v27.4 - https:\/\/yoast.com\/product\/yoast-seo-wordpress\/ -->\n<title>Outerwear - Foshan Qingchen Garment Accessories Co., Ltd.<\/title>\n<meta name=\"robots\" content=\"index, follow, max-snippet:-1, max-image-preview:large, max-video-preview:-1\" \/>\n<link rel=\"canonical\" href=\"https:\/\/qcgac.com\/tr\/outerwear\/\" \/>\n<meta property=\"og:locale\" content=\"tr_TR\" \/>\n<meta property=\"og:type\" content=\"article\" \/>\n<meta property=\"og:title\" content=\"Outerwear - Foshan Qingchen Garment Accessories Co., Ltd.\" \/>\n<meta property=\"og:description\" content=\"Outerwear: Jacket Buttons are an important design element of jackets, providing closure and serving as decorative accents. Coat Buttons provide a stable closure for coats, protecting the body from cold. Blazer Buttons are essential details of suit jackets, influencing both the overall appearance and the comfort and convenience of wearing.\" \/>\n<meta property=\"og:url\" content=\"https:\/\/qcgac.com\/tr\/outerwear\/\" \/>\n<meta property=\"og:site_name\" content=\"Foshan Qingchen Garment Accessories Co., Ltd.\" \/>\n<meta property=\"article:publisher\" content=\"https:\/\/www.facebook.com\/qcbutton\" \/>\n<meta property=\"article:modified_time\" content=\"2024-06-17T08:55:56+00:00\" \/>\n<meta name=\"twitter:card\" content=\"summary_large_image\" \/>\n<script type=\"application\/ld+json\" class=\"yoast-schema-graph\">{\"@context\":\"https:\\\/\\\/schema.org\",\"@graph\":[{\"@type\":\"WebPage\",\"@id\":\"https:\\\/\\\/qcgac.com\\\/outerwear\\\/\",\"url\":\"https:\\\/\\\/qcgac.com\\\/outerwear\\\/\",\"name\":\"Outerwear - Foshan Qingchen Garment Accessories Co., Ltd.\",\"isPartOf\":{\"@id\":\"https:\\\/\\\/qcgac.com\\\/#website\"},\"datePublished\":\"2024-06-17T08:55:47+00:00\",\"dateModified\":\"2024-06-17T08:55:56+00:00\",\"breadcrumb\":{\"@id\":\"https:\\\/\\\/qcgac.com\\\/outerwear\\\/#breadcrumb\"},\"inLanguage\":\"tr\",\"potentialAction\":[{\"@type\":\"ReadAction\",\"target\":[\"https:\\\/\\\/qcgac.com\\\/outerwear\\\/\"]}]},{\"@type\":\"BreadcrumbList\",\"@id\":\"https:\\\/\\\/qcgac.com\\\/outerwear\\\/#breadcrumb\",\"itemListElement\":[{\"@type\":\"ListItem\",\"position\":1,\"name\":\"\u9996\u9875\",\"item\":\"https:\\\/\\\/qcgac.com\\\/\"},{\"@type\":\"ListItem\",\"position\":2,\"name\":\"Outerwear\"}]},{\"@type\":\"WebSite\",\"@id\":\"https:\\\/\\\/qcgac.com\\\/#website\",\"url\":\"https:\\\/\\\/qcgac.com\\\/\",\"name\":\"Foshan Qingchen Garment Accessories Co., Ltd.\",\"description\":\"Premier Garment Accessories Manufacturer - Foshan Qingchen Garment Accessories Co., Ltd.\",\"publisher\":{\"@id\":\"https:\\\/\\\/qcgac.com\\\/#organization\"},\"potentialAction\":[{\"@type\":\"SearchAction\",\"target\":{\"@type\":\"EntryPoint\",\"urlTemplate\":\"https:\\\/\\\/qcgac.com\\\/?s={search_term_string}\"},\"query-input\":{\"@type\":\"PropertyValueSpecification\",\"valueRequired\":true,\"valueName\":\"search_term_string\"}}],\"inLanguage\":\"tr\"},{\"@type\":\"Organization\",\"@id\":\"https:\\\/\\\/qcgac.com\\\/#organization\",\"name\":\"Foshan Qingchen Garment Accessories Co., Ltd.\",\"url\":\"https:\\\/\\\/qcgac.com\\\/\",\"logo\":{\"@type\":\"ImageObject\",\"inLanguage\":\"tr\",\"@id\":\"https:\\\/\\\/qcgac.com\\\/#\\\/schema\\\/logo\\\/image\\\/\",\"url\":\"https:\\\/\\\/qcgac.com\\\/wp-content\\\/uploads\\\/2024\\\/06\\\/cropped-22.png\",\"contentUrl\":\"https:\\\/\\\/qcgac.com\\\/wp-content\\\/uploads\\\/2024\\\/06\\\/cropped-22.png\",\"width\":512,\"height\":512,\"caption\":\"Foshan Qingchen Garment Accessories Co., Ltd.\"},\"image\":{\"@id\":\"https:\\\/\\\/qcgac.com\\\/#\\\/schema\\\/logo\\\/image\\\/\"},\"sameAs\":[\"https:\\\/\\\/www.facebook.com\\\/qcbutton\",\"https:\\\/\\\/www.linkedin.com\\\/in\\\/neal-qcfactory-qcgac\\\/\"]}]}<\/script>\n<!-- \/ Yoast SEO plugin. -->","yoast_head_json":{"title":"D\u0131\u015f Giyim - Foshan Qingchen Giyim Aksesuarlar\u0131 Co., Ltd.","robots":{"index":"index","follow":"follow","max-snippet":"max-snippet:-1","max-image-preview":"max-image-preview:large","max-video-preview":"max-video-preview:-1"},"canonical":"https:\/\/qcgac.com\/tr\/outerwear\/","og_locale":"tr_TR","og_type":"article","og_title":"Outerwear - Foshan Qingchen Garment Accessories Co., Ltd.","og_description":"Outerwear: Jacket Buttons are an important design element of jackets, providing closure and serving as decorative accents. Coat Buttons provide a stable closure for coats, protecting the body from cold. Blazer Buttons are essential details of suit jackets, influencing both the overall appearance and the comfort and convenience of wearing.","og_url":"https:\/\/qcgac.com\/tr\/outerwear\/","og_site_name":"Foshan Qingchen Garment Accessories Co., Ltd.","article_publisher":"https:\/\/www.facebook.com\/qcbutton","article_modified_time":"2024-06-17T08:55:56+00:00","twitter_card":"summary_large_image","schema":{"@context":"https:\/\/schema.org","@graph":[{"@type":"WebPage","@id":"https:\/\/qcgac.com\/outerwear\/","url":"https:\/\/qcgac.com\/outerwear\/","name":"D\u0131\u015f Giyim - Foshan Qingchen Giyim Aksesuarlar\u0131 Co., Ltd.","isPartOf":{"@id":"https:\/\/qcgac.com\/#website"},"datePublished":"2024-06-17T08:55:47+00:00","dateModified":"2024-06-17T08:55:56+00:00","breadcrumb":{"@id":"https:\/\/qcgac.com\/outerwear\/#breadcrumb"},"inLanguage":"tr","potentialAction":[{"@type":"ReadAction","target":["https:\/\/qcgac.com\/outerwear\/"]}]},{"@type":"BreadcrumbList","@id":"https:\/\/qcgac.com\/outerwear\/#breadcrumb","itemListElement":[{"@type":"ListItem","position":1,"name":"\u9996\u9875","item":"https:\/\/qcgac.com\/"},{"@type":"ListItem","position":2,"name":"Outerwear"}]},{"@type":"WebSite","@id":"https:\/\/qcgac.com\/#website","url":"https:\/\/qcgac.com\/","name":"Foshan Qingchen Konfeksiyon Aksesuarlar\u0131 Co, Ltd","description":"\u00d6nde Gelen Giyim Aksesuarlar\u0131 \u00dcreticisi - Foshan Qingchen Giyim Aksesuarlar\u0131 Co., Ltd.","publisher":{"@id":"https:\/\/qcgac.com\/#organization"},"potentialAction":[{"@type":"SearchAction","target":{"@type":"EntryPoint","urlTemplate":"https:\/\/qcgac.com\/?s={search_term_string}"},"query-input":{"@type":"PropertyValueSpecification","valueRequired":true,"valueName":"search_term_string"}}],"inLanguage":"tr"},{"@type":"Organization","@id":"https:\/\/qcgac.com\/#organization","name":"Foshan Qingchen Konfeksiyon Aksesuarlar\u0131 Co, Ltd","url":"https:\/\/qcgac.com\/","logo":{"@type":"ImageObject","inLanguage":"tr","@id":"https:\/\/qcgac.com\/#\/schema\/logo\/image\/","url":"https:\/\/qcgac.com\/wp-content\/uploads\/2024\/06\/cropped-22.png","contentUrl":"https:\/\/qcgac.com\/wp-content\/uploads\/2024\/06\/cropped-22.png","width":512,"height":512,"caption":"Foshan Qingchen Garment Accessories Co., Ltd."},"image":{"@id":"https:\/\/qcgac.com\/#\/schema\/logo\/image\/"},"sameAs":["https:\/\/www.facebook.com\/qcbutton","https:\/\/www.linkedin.com\/in\/neal-qcfactory-qcgac\/"]}]}},"_links":{"self":[{"href":"https:\/\/qcgac.com\/tr\/wp-json\/wp\/v2\/pages\/368","targetHints":{"allow":["GET"]}}],"collection":[{"href":"https:\/\/qcgac.com\/tr\/wp-json\/wp\/v2\/pages"}],"about":[{"href":"https:\/\/qcgac.com\/tr\/wp-json\/wp\/v2\/types\/page"}],"author":[{"embeddable":true,"href":"https:\/\/qcgac.com\/tr\/wp-json\/wp\/v2\/users\/2"}],"replies":[{"embeddable":true,"href":"https:\/\/qcgac.com\/tr\/wp-json\/wp\/v2\/comments?post=368"}],"version-history":[{"count":2,"href":"https:\/\/qcgac.com\/tr\/wp-json\/wp\/v2\/pages\/368\/revisions"}],"predecessor-version":[{"id":373,"href":"https:\/\/qcgac.com\/tr\/wp-json\/wp\/v2\/pages\/368\/revisions\/373"}],"wp:attachment":[{"href":"https:\/\/qcgac.com\/tr\/wp-json\/wp\/v2\/media?parent=368"}],"curies":[{"name":"wp","href":"https:\/\/api.w.org\/{rel}","templated":true}]}}