{"id":361,"date":"2024-06-17T16:54:22","date_gmt":"2024-06-17T08:54:22","guid":{"rendered":"https:\/\/qcgac.com\/?page_id=361"},"modified":"2024-06-17T16:54:27","modified_gmt":"2024-06-17T08:54:27","slug":"lower-body-garments","status":"publish","type":"page","link":"https:\/\/qcgac.com\/tr\/lower-body-garments\/","title":{"rendered":"Alt V\u00fccut Giysileri"},"content":{"rendered":"<p style=\"text-align: center;\">Pantolon<\/p>\n<p style=\"text-align: center;\">\u00a0 <img loading=\"lazy\" decoding=\"async\" class=\"alignnone size-full wp-image-363\" src=\"https:\/\/qcgac.com\/wp-content\/uploads\/2024\/06\/\u56fe\u72473-1.png\" alt=\"\" width=\"750\" height=\"750\" srcset=\"https:\/\/qcgac.com\/wp-content\/uploads\/2024\/06\/\u56fe\u72473-1.png 750w, https:\/\/qcgac.com\/wp-content\/uploads\/2024\/06\/\u56fe\u72473-1-300x300.png 300w, https:\/\/qcgac.com\/wp-content\/uploads\/2024\/06\/\u56fe\u72473-1-150x150.png 150w, https:\/\/qcgac.com\/wp-content\/uploads\/2024\/06\/\u56fe\u72473-1-12x12.png 12w\" sizes=\"auto, (max-width: 750px) 100vw, 750px\" \/><\/p>\n<p style=\"text-align: center;\">D\u00fc\u011fmeler pantolonun kapanmas\u0131n\u0131 sa\u011flayarak giymeyi daha rahat ve giymeyi kolayla\u015ft\u0131rabilir.<\/p>\n<p style=\"text-align: center;\">Pantolonlar<\/p>\n<p style=\"text-align: center;\"><img loading=\"lazy\" decoding=\"async\" class=\"alignnone size-full wp-image-364\" src=\"https:\/\/qcgac.com\/wp-content\/uploads\/2024\/06\/\u56fe\u72475-1.png\" alt=\"\" width=\"750\" height=\"750\" srcset=\"https:\/\/qcgac.com\/wp-content\/uploads\/2024\/06\/\u56fe\u72475-1.png 750w, https:\/\/qcgac.com\/wp-content\/uploads\/2024\/06\/\u56fe\u72475-1-300x300.png 300w, https:\/\/qcgac.com\/wp-content\/uploads\/2024\/06\/\u56fe\u72475-1-150x150.png 150w, https:\/\/qcgac.com\/wp-content\/uploads\/2024\/06\/\u56fe\u72475-1-12x12.png 12w\" sizes=\"auto, (max-width: 750px) 100vw, 750px\" \/><\/p>\n<p style=\"text-align: center;\">Pantolonlara uygulanan d\u00fc\u011fmeler belin s\u0131k\u0131l\u0131\u011f\u0131n\u0131 ayarlayarak rahatl\u0131\u011f\u0131 ve uyumu art\u0131rabilir.<\/p>\n<p style=\"text-align: center;\">Etek<\/p>\n<p style=\"text-align: center;\">D\u00fc\u011fmeler, ete\u011fin v\u00fccuda daha iyi uyum sa\u011flamas\u0131na ve kapanmas\u0131na yard\u0131mc\u0131 olarak giyim kolayl\u0131\u011f\u0131 sa\u011flar.<\/p>\n<p style=\"text-align: center;\">\u015eort<\/p>\n<p style=\"text-align: center;\"><img loading=\"lazy\" decoding=\"async\" class=\"alignnone size-full wp-image-365\" src=\"https:\/\/qcgac.com\/wp-content\/uploads\/2024\/06\/\u56fe\u72476-1.png\" alt=\"\" width=\"750\" height=\"750\" srcset=\"https:\/\/qcgac.com\/wp-content\/uploads\/2024\/06\/\u56fe\u72476-1.png 750w, https:\/\/qcgac.com\/wp-content\/uploads\/2024\/06\/\u56fe\u72476-1-300x300.png 300w, https:\/\/qcgac.com\/wp-content\/uploads\/2024\/06\/\u56fe\u72476-1-150x150.png 150w, https:\/\/qcgac.com\/wp-content\/uploads\/2024\/06\/\u56fe\u72476-1-12x12.png 12w\" sizes=\"auto, (max-width: 750px) 100vw, 750px\" \/><\/p>\n<p style=\"text-align: center;\">D\u00fc\u011fmeler \u015fortun v\u00fccuda oturmas\u0131n\u0131 sa\u011flarken ayn\u0131 zamanda tasar\u0131m\u0131n bir par\u00e7as\u0131 olarak genel g\u00f6r\u00fcn\u00fcme \u015f\u0131kl\u0131k kat\u0131yor.<\/p>\n<p style=\"text-align: center;\">","protected":false},"excerpt":{"rendered":"<p>Pants \u00a0 Buttons can secure the closure of pants, making them more comfortable to wear and easier to put on. Trousers Buttons applied to trousers can adjust the waist's tightness, improving comfort and fit. Skirt Buttons help skirts better conform to the body and provide closure, adding convenience to wearing. Shorts Buttons ensure the fit [&hellip;]<\/p>\n","protected":false},"author":2,"featured_media":0,"parent":0,"menu_order":0,"comment_status":"closed","ping_status":"closed","template":"page\/application.php","meta":{"_uf_show_specific_survey":0,"_uf_disable_surveys":false,"footnotes":""},"class_list":["post-361","page","type-page","status-publish","hentry"],"yoast_head":"<!-- This site is optimized with the Yoast SEO plugin v27.4 - https:\/\/yoast.com\/product\/yoast-seo-wordpress\/ -->\n<title>Lower Body Garments - Foshan Qingchen Garment Accessories Co., Ltd.<\/title>\n<meta name=\"robots\" content=\"index, follow, max-snippet:-1, max-image-preview:large, max-video-preview:-1\" \/>\n<link rel=\"canonical\" href=\"https:\/\/qcgac.com\/tr\/lower-body-garments\/\" \/>\n<meta property=\"og:locale\" content=\"tr_TR\" \/>\n<meta property=\"og:type\" content=\"article\" \/>\n<meta property=\"og:title\" content=\"Lower Body Garments - Foshan Qingchen Garment Accessories Co., Ltd.\" \/>\n<meta property=\"og:description\" content=\"Pants \u00a0 Buttons can secure the closure of pants, making them more comfortable to wear and easier to put on. Trousers Buttons applied to trousers can adjust the waist&#039;s tightness, improving comfort and fit. Skirt Buttons help skirts better conform to the body and provide closure, adding convenience to wearing. Shorts Buttons ensure the fit [&hellip;]\" \/>\n<meta property=\"og:url\" content=\"https:\/\/qcgac.com\/tr\/lower-body-garments\/\" \/>\n<meta property=\"og:site_name\" content=\"Foshan Qingchen Garment Accessories Co., Ltd.\" \/>\n<meta property=\"article:publisher\" content=\"https:\/\/www.facebook.com\/qcbutton\" \/>\n<meta property=\"article:modified_time\" content=\"2024-06-17T08:54:27+00:00\" \/>\n<meta name=\"twitter:card\" content=\"summary_large_image\" \/>\n<script type=\"application\/ld+json\" class=\"yoast-schema-graph\">{\"@context\":\"https:\\\/\\\/schema.org\",\"@graph\":[{\"@type\":\"WebPage\",\"@id\":\"https:\\\/\\\/qcgac.com\\\/lower-body-garments\\\/\",\"url\":\"https:\\\/\\\/qcgac.com\\\/lower-body-garments\\\/\",\"name\":\"Lower Body Garments - Foshan Qingchen Garment Accessories Co., Ltd.\",\"isPartOf\":{\"@id\":\"https:\\\/\\\/qcgac.com\\\/#website\"},\"datePublished\":\"2024-06-17T08:54:22+00:00\",\"dateModified\":\"2024-06-17T08:54:27+00:00\",\"breadcrumb\":{\"@id\":\"https:\\\/\\\/qcgac.com\\\/lower-body-garments\\\/#breadcrumb\"},\"inLanguage\":\"tr\",\"potentialAction\":[{\"@type\":\"ReadAction\",\"target\":[\"https:\\\/\\\/qcgac.com\\\/lower-body-garments\\\/\"]}]},{\"@type\":\"BreadcrumbList\",\"@id\":\"https:\\\/\\\/qcgac.com\\\/lower-body-garments\\\/#breadcrumb\",\"itemListElement\":[{\"@type\":\"ListItem\",\"position\":1,\"name\":\"\u9996\u9875\",\"item\":\"https:\\\/\\\/qcgac.com\\\/\"},{\"@type\":\"ListItem\",\"position\":2,\"name\":\"Lower Body Garments\"}]},{\"@type\":\"WebSite\",\"@id\":\"https:\\\/\\\/qcgac.com\\\/#website\",\"url\":\"https:\\\/\\\/qcgac.com\\\/\",\"name\":\"Foshan Qingchen Garment Accessories Co., Ltd.\",\"description\":\"Premier Garment Accessories Manufacturer - Foshan Qingchen Garment Accessories Co., Ltd.\",\"publisher\":{\"@id\":\"https:\\\/\\\/qcgac.com\\\/#organization\"},\"potentialAction\":[{\"@type\":\"SearchAction\",\"target\":{\"@type\":\"EntryPoint\",\"urlTemplate\":\"https:\\\/\\\/qcgac.com\\\/?s={search_term_string}\"},\"query-input\":{\"@type\":\"PropertyValueSpecification\",\"valueRequired\":true,\"valueName\":\"search_term_string\"}}],\"inLanguage\":\"tr\"},{\"@type\":\"Organization\",\"@id\":\"https:\\\/\\\/qcgac.com\\\/#organization\",\"name\":\"Foshan Qingchen Garment Accessories Co., Ltd.\",\"url\":\"https:\\\/\\\/qcgac.com\\\/\",\"logo\":{\"@type\":\"ImageObject\",\"inLanguage\":\"tr\",\"@id\":\"https:\\\/\\\/qcgac.com\\\/#\\\/schema\\\/logo\\\/image\\\/\",\"url\":\"https:\\\/\\\/qcgac.com\\\/wp-content\\\/uploads\\\/2024\\\/06\\\/cropped-22.png\",\"contentUrl\":\"https:\\\/\\\/qcgac.com\\\/wp-content\\\/uploads\\\/2024\\\/06\\\/cropped-22.png\",\"width\":512,\"height\":512,\"caption\":\"Foshan Qingchen Garment Accessories Co., Ltd.\"},\"image\":{\"@id\":\"https:\\\/\\\/qcgac.com\\\/#\\\/schema\\\/logo\\\/image\\\/\"},\"sameAs\":[\"https:\\\/\\\/www.facebook.com\\\/qcbutton\",\"https:\\\/\\\/www.linkedin.com\\\/in\\\/neal-qcfactory-qcgac\\\/\"]}]}<\/script>\n<!-- \/ Yoast SEO plugin. -->","yoast_head_json":{"title":"Lower Body Garments - Foshan Qingchen Garment Accessories Co., Ltd.","robots":{"index":"index","follow":"follow","max-snippet":"max-snippet:-1","max-image-preview":"max-image-preview:large","max-video-preview":"max-video-preview:-1"},"canonical":"https:\/\/qcgac.com\/tr\/lower-body-garments\/","og_locale":"tr_TR","og_type":"article","og_title":"Lower Body Garments - Foshan Qingchen Garment Accessories Co., Ltd.","og_description":"Pants \u00a0 Buttons can secure the closure of pants, making them more comfortable to wear and easier to put on. Trousers Buttons applied to trousers can adjust the waist's tightness, improving comfort and fit. Skirt Buttons help skirts better conform to the body and provide closure, adding convenience to wearing. Shorts Buttons ensure the fit [&hellip;]","og_url":"https:\/\/qcgac.com\/tr\/lower-body-garments\/","og_site_name":"Foshan Qingchen Garment Accessories Co., Ltd.","article_publisher":"https:\/\/www.facebook.com\/qcbutton","article_modified_time":"2024-06-17T08:54:27+00:00","twitter_card":"summary_large_image","schema":{"@context":"https:\/\/schema.org","@graph":[{"@type":"WebPage","@id":"https:\/\/qcgac.com\/lower-body-garments\/","url":"https:\/\/qcgac.com\/lower-body-garments\/","name":"Lower Body Garments - Foshan Qingchen Garment Accessories Co., Ltd.","isPartOf":{"@id":"https:\/\/qcgac.com\/#website"},"datePublished":"2024-06-17T08:54:22+00:00","dateModified":"2024-06-17T08:54:27+00:00","breadcrumb":{"@id":"https:\/\/qcgac.com\/lower-body-garments\/#breadcrumb"},"inLanguage":"tr","potentialAction":[{"@type":"ReadAction","target":["https:\/\/qcgac.com\/lower-body-garments\/"]}]},{"@type":"BreadcrumbList","@id":"https:\/\/qcgac.com\/lower-body-garments\/#breadcrumb","itemListElement":[{"@type":"ListItem","position":1,"name":"\u9996\u9875","item":"https:\/\/qcgac.com\/"},{"@type":"ListItem","position":2,"name":"Lower Body Garments"}]},{"@type":"WebSite","@id":"https:\/\/qcgac.com\/#website","url":"https:\/\/qcgac.com\/","name":"Foshan Qingchen Konfeksiyon Aksesuarlar\u0131 Co, Ltd","description":"\u00d6nde Gelen Giyim Aksesuarlar\u0131 \u00dcreticisi - Foshan Qingchen Giyim Aksesuarlar\u0131 Co., Ltd.","publisher":{"@id":"https:\/\/qcgac.com\/#organization"},"potentialAction":[{"@type":"SearchAction","target":{"@type":"EntryPoint","urlTemplate":"https:\/\/qcgac.com\/?s={search_term_string}"},"query-input":{"@type":"PropertyValueSpecification","valueRequired":true,"valueName":"search_term_string"}}],"inLanguage":"tr"},{"@type":"Organization","@id":"https:\/\/qcgac.com\/#organization","name":"Foshan Qingchen Konfeksiyon Aksesuarlar\u0131 Co, Ltd","url":"https:\/\/qcgac.com\/","logo":{"@type":"ImageObject","inLanguage":"tr","@id":"https:\/\/qcgac.com\/#\/schema\/logo\/image\/","url":"https:\/\/qcgac.com\/wp-content\/uploads\/2024\/06\/cropped-22.png","contentUrl":"https:\/\/qcgac.com\/wp-content\/uploads\/2024\/06\/cropped-22.png","width":512,"height":512,"caption":"Foshan Qingchen Garment Accessories Co., Ltd."},"image":{"@id":"https:\/\/qcgac.com\/#\/schema\/logo\/image\/"},"sameAs":["https:\/\/www.facebook.com\/qcbutton","https:\/\/www.linkedin.com\/in\/neal-qcfactory-qcgac\/"]}]}},"_links":{"self":[{"href":"https:\/\/qcgac.com\/tr\/wp-json\/wp\/v2\/pages\/361","targetHints":{"allow":["GET"]}}],"collection":[{"href":"https:\/\/qcgac.com\/tr\/wp-json\/wp\/v2\/pages"}],"about":[{"href":"https:\/\/qcgac.com\/tr\/wp-json\/wp\/v2\/types\/page"}],"author":[{"embeddable":true,"href":"https:\/\/qcgac.com\/tr\/wp-json\/wp\/v2\/users\/2"}],"replies":[{"embeddable":true,"href":"https:\/\/qcgac.com\/tr\/wp-json\/wp\/v2\/comments?post=361"}],"version-history":[{"count":2,"href":"https:\/\/qcgac.com\/tr\/wp-json\/wp\/v2\/pages\/361\/revisions"}],"predecessor-version":[{"id":367,"href":"https:\/\/qcgac.com\/tr\/wp-json\/wp\/v2\/pages\/361\/revisions\/367"}],"wp:attachment":[{"href":"https:\/\/qcgac.com\/tr\/wp-json\/wp\/v2\/media?parent=361"}],"curies":[{"name":"wp","href":"https:\/\/api.w.org\/{rel}","templated":true}]}}