{"id":354,"date":"2024-06-17T16:51:26","date_gmt":"2024-06-17T08:51:26","guid":{"rendered":"https:\/\/qcgac.com\/?page_id=354"},"modified":"2024-06-17T16:52:00","modified_gmt":"2024-06-17T08:52:00","slug":"accessories","status":"publish","type":"page","link":"https:\/\/qcgac.com\/tr\/accessories\/","title":{"rendered":"Aksesuarlar"},"content":{"rendered":"<p style=\"text-align: center;\">Aksesuarlar:<\/p>\n<h2 style=\"text-align: center;\">\u015eapka<\/h2>\n<p style=\"text-align: center;\"><img loading=\"lazy\" decoding=\"async\" class=\"alignnone size-full wp-image-357\" src=\"https:\/\/qcgac.com\/wp-content\/uploads\/2024\/06\/\u672a\u547d\u540d\u7684\u6587\u4ef6.png\" alt=\"\" width=\"720\" height=\"720\" srcset=\"https:\/\/qcgac.com\/wp-content\/uploads\/2024\/06\/\u672a\u547d\u540d\u7684\u6587\u4ef6.png 720w, https:\/\/qcgac.com\/wp-content\/uploads\/2024\/06\/\u672a\u547d\u540d\u7684\u6587\u4ef6-300x300.png 300w, https:\/\/qcgac.com\/wp-content\/uploads\/2024\/06\/\u672a\u547d\u540d\u7684\u6587\u4ef6-150x150.png 150w, https:\/\/qcgac.com\/wp-content\/uploads\/2024\/06\/\u672a\u547d\u540d\u7684\u6587\u4ef6-12x12.png 12w\" sizes=\"auto, (max-width: 720px) 100vw, 720px\" \/><\/p>\n<p style=\"text-align: center;\">D\u00fc\u011fmeler \u015fapkalar\u0131n \u015feklini ve boyutunu sabitleyerek giyildi\u011finde stabilite ve rahatl\u0131k sa\u011flar.<\/p>\n<p style=\"text-align: center;\">\n<h2 style=\"text-align: center;\"><strong>\u00c7anta<\/strong><\/h2>\n<p style=\"text-align: center;\">\n<p style=\"text-align: center;\"><img loading=\"lazy\" decoding=\"async\" class=\"alignnone size-full wp-image-356\" src=\"https:\/\/qcgac.com\/wp-content\/uploads\/2024\/06\/\u56fe\u72471-1.png\" alt=\"\" width=\"720\" height=\"763\" srcset=\"https:\/\/qcgac.com\/wp-content\/uploads\/2024\/06\/\u56fe\u72471-1.png 720w, https:\/\/qcgac.com\/wp-content\/uploads\/2024\/06\/\u56fe\u72471-1-283x300.png 283w, https:\/\/qcgac.com\/wp-content\/uploads\/2024\/06\/\u56fe\u72471-1-11x12.png 11w\" sizes=\"auto, (max-width: 720px) 100vw, 720px\" \/><\/p>\n<p style=\"text-align: center;\">D\u00fc\u011fmeler \u015fapkalar\u0131n \u015feklini ve boyutunu sabitleyerek giyildi\u011finde stabilite ve rahatl\u0131k sa\u011flar.<\/p>\n<p style=\"text-align: center;\">\n<h2 style=\"text-align: center;\"><strong>Ayakkab\u0131<\/strong><\/h2>\n<p style=\"text-align: center;\"><img loading=\"lazy\" decoding=\"async\" class=\"alignnone size-full wp-image-355\" src=\"https:\/\/qcgac.com\/wp-content\/uploads\/2024\/06\/\u56fe\u72472-1.png\" alt=\"\" width=\"750\" height=\"750\" srcset=\"https:\/\/qcgac.com\/wp-content\/uploads\/2024\/06\/\u56fe\u72472-1.png 750w, https:\/\/qcgac.com\/wp-content\/uploads\/2024\/06\/\u56fe\u72472-1-300x300.png 300w, https:\/\/qcgac.com\/wp-content\/uploads\/2024\/06\/\u56fe\u72472-1-150x150.png 150w, https:\/\/qcgac.com\/wp-content\/uploads\/2024\/06\/\u56fe\u72472-1-12x12.png 12w\" sizes=\"auto, (max-width: 750px) 100vw, 750px\" \/><\/p>\n<p style=\"text-align: center;\">Ayakkab\u0131lara uygulanan d\u00fc\u011fmeler \u00fcst k\u0131sm\u0131 sabitleyerek uygun bir uyum sa\u011flar ve benzersiz tasar\u0131m \u00f6\u011feleri ekler.<\/p>\n<p style=\"text-align: center;\">","protected":false},"excerpt":{"rendered":"<p>Aksesuarlar: \u015eapka D\u00fc\u011fmeleri \u015fapkalar\u0131n \u015feklini ve boyutunu sabitleyerek giyildi\u011finde denge ve konfor sa\u011flar. \u00c7anta D\u00fc\u011fmeleri \u015fapkalar\u0131n \u015feklini ve boyutunu sabitleyerek giyildi\u011finde denge ve konfor sa\u011flar. Ayakkab\u0131 D\u00fc\u011fmeleri ayakkab\u0131lara uyguland\u0131\u011f\u0131nda \u00fcst k\u0131sm\u0131 sabitleyerek uygun bir uyum sa\u011flar ve benzersiz tasar\u0131m \u00f6\u011feleri ekler.<\/p>","protected":false},"author":2,"featured_media":0,"parent":0,"menu_order":0,"comment_status":"closed","ping_status":"closed","template":"page\/application.php","meta":{"_uf_show_specific_survey":0,"_uf_disable_surveys":false,"footnotes":""},"class_list":["post-354","page","type-page","status-publish","hentry"],"yoast_head":"<!-- This site is optimized with the Yoast SEO plugin v27.4 - https:\/\/yoast.com\/product\/yoast-seo-wordpress\/ -->\n<title>Accessories - Foshan Qingchen Garment Accessories Co., Ltd.<\/title>\n<meta name=\"robots\" content=\"index, follow, max-snippet:-1, max-image-preview:large, max-video-preview:-1\" \/>\n<link rel=\"canonical\" href=\"https:\/\/qcgac.com\/tr\/accessories\/\" \/>\n<meta property=\"og:locale\" content=\"tr_TR\" \/>\n<meta property=\"og:type\" content=\"article\" \/>\n<meta property=\"og:title\" content=\"Accessories - Foshan Qingchen Garment Accessories Co., Ltd.\" \/>\n<meta property=\"og:description\" content=\"Accessories: Hat Buttons can secure the shape and size of hats, ensuring stability and comfort when worn. Bag Buttons can secure the shape and size of hats, ensuring stability and comfort when worn. Shoes Buttons applied to shoes can secure the upper part, ensuring a proper fit and adding unique design elements.\" \/>\n<meta property=\"og:url\" content=\"https:\/\/qcgac.com\/tr\/accessories\/\" \/>\n<meta property=\"og:site_name\" content=\"Foshan Qingchen Garment Accessories Co., Ltd.\" \/>\n<meta property=\"article:publisher\" content=\"https:\/\/www.facebook.com\/qcbutton\" \/>\n<meta property=\"article:modified_time\" content=\"2024-06-17T08:52:00+00:00\" \/>\n<meta name=\"twitter:card\" content=\"summary_large_image\" \/>\n<script type=\"application\/ld+json\" class=\"yoast-schema-graph\">{\"@context\":\"https:\\\/\\\/schema.org\",\"@graph\":[{\"@type\":\"WebPage\",\"@id\":\"https:\\\/\\\/qcgac.com\\\/accessories\\\/\",\"url\":\"https:\\\/\\\/qcgac.com\\\/accessories\\\/\",\"name\":\"Accessories - Foshan Qingchen Garment Accessories Co., Ltd.\",\"isPartOf\":{\"@id\":\"https:\\\/\\\/qcgac.com\\\/#website\"},\"datePublished\":\"2024-06-17T08:51:26+00:00\",\"dateModified\":\"2024-06-17T08:52:00+00:00\",\"breadcrumb\":{\"@id\":\"https:\\\/\\\/qcgac.com\\\/accessories\\\/#breadcrumb\"},\"inLanguage\":\"tr\",\"potentialAction\":[{\"@type\":\"ReadAction\",\"target\":[\"https:\\\/\\\/qcgac.com\\\/accessories\\\/\"]}]},{\"@type\":\"BreadcrumbList\",\"@id\":\"https:\\\/\\\/qcgac.com\\\/accessories\\\/#breadcrumb\",\"itemListElement\":[{\"@type\":\"ListItem\",\"position\":1,\"name\":\"\u9996\u9875\",\"item\":\"https:\\\/\\\/qcgac.com\\\/\"},{\"@type\":\"ListItem\",\"position\":2,\"name\":\"Accessories\"}]},{\"@type\":\"WebSite\",\"@id\":\"https:\\\/\\\/qcgac.com\\\/#website\",\"url\":\"https:\\\/\\\/qcgac.com\\\/\",\"name\":\"Foshan Qingchen Garment Accessories Co., Ltd.\",\"description\":\"Premier Garment Accessories Manufacturer - Foshan Qingchen Garment Accessories Co., Ltd.\",\"publisher\":{\"@id\":\"https:\\\/\\\/qcgac.com\\\/#organization\"},\"potentialAction\":[{\"@type\":\"SearchAction\",\"target\":{\"@type\":\"EntryPoint\",\"urlTemplate\":\"https:\\\/\\\/qcgac.com\\\/?s={search_term_string}\"},\"query-input\":{\"@type\":\"PropertyValueSpecification\",\"valueRequired\":true,\"valueName\":\"search_term_string\"}}],\"inLanguage\":\"tr\"},{\"@type\":\"Organization\",\"@id\":\"https:\\\/\\\/qcgac.com\\\/#organization\",\"name\":\"Foshan Qingchen Garment Accessories Co., Ltd.\",\"url\":\"https:\\\/\\\/qcgac.com\\\/\",\"logo\":{\"@type\":\"ImageObject\",\"inLanguage\":\"tr\",\"@id\":\"https:\\\/\\\/qcgac.com\\\/#\\\/schema\\\/logo\\\/image\\\/\",\"url\":\"https:\\\/\\\/qcgac.com\\\/wp-content\\\/uploads\\\/2024\\\/06\\\/cropped-22.png\",\"contentUrl\":\"https:\\\/\\\/qcgac.com\\\/wp-content\\\/uploads\\\/2024\\\/06\\\/cropped-22.png\",\"width\":512,\"height\":512,\"caption\":\"Foshan Qingchen Garment Accessories Co., Ltd.\"},\"image\":{\"@id\":\"https:\\\/\\\/qcgac.com\\\/#\\\/schema\\\/logo\\\/image\\\/\"},\"sameAs\":[\"https:\\\/\\\/www.facebook.com\\\/qcbutton\",\"https:\\\/\\\/www.linkedin.com\\\/in\\\/neal-qcfactory-qcgac\\\/\"]}]}<\/script>\n<!-- \/ Yoast SEO plugin. -->","yoast_head_json":{"title":"Accessories - Foshan Qingchen Garment Accessories Co., Ltd.","robots":{"index":"index","follow":"follow","max-snippet":"max-snippet:-1","max-image-preview":"max-image-preview:large","max-video-preview":"max-video-preview:-1"},"canonical":"https:\/\/qcgac.com\/tr\/accessories\/","og_locale":"tr_TR","og_type":"article","og_title":"Accessories - Foshan Qingchen Garment Accessories Co., Ltd.","og_description":"Accessories: Hat Buttons can secure the shape and size of hats, ensuring stability and comfort when worn. Bag Buttons can secure the shape and size of hats, ensuring stability and comfort when worn. Shoes Buttons applied to shoes can secure the upper part, ensuring a proper fit and adding unique design elements.","og_url":"https:\/\/qcgac.com\/tr\/accessories\/","og_site_name":"Foshan Qingchen Garment Accessories Co., Ltd.","article_publisher":"https:\/\/www.facebook.com\/qcbutton","article_modified_time":"2024-06-17T08:52:00+00:00","twitter_card":"summary_large_image","schema":{"@context":"https:\/\/schema.org","@graph":[{"@type":"WebPage","@id":"https:\/\/qcgac.com\/accessories\/","url":"https:\/\/qcgac.com\/accessories\/","name":"Accessories - Foshan Qingchen Garment Accessories Co., Ltd.","isPartOf":{"@id":"https:\/\/qcgac.com\/#website"},"datePublished":"2024-06-17T08:51:26+00:00","dateModified":"2024-06-17T08:52:00+00:00","breadcrumb":{"@id":"https:\/\/qcgac.com\/accessories\/#breadcrumb"},"inLanguage":"tr","potentialAction":[{"@type":"ReadAction","target":["https:\/\/qcgac.com\/accessories\/"]}]},{"@type":"BreadcrumbList","@id":"https:\/\/qcgac.com\/accessories\/#breadcrumb","itemListElement":[{"@type":"ListItem","position":1,"name":"\u9996\u9875","item":"https:\/\/qcgac.com\/"},{"@type":"ListItem","position":2,"name":"Accessories"}]},{"@type":"WebSite","@id":"https:\/\/qcgac.com\/#website","url":"https:\/\/qcgac.com\/","name":"Foshan Qingchen Konfeksiyon Aksesuarlar\u0131 Co, Ltd","description":"\u00d6nde Gelen Giyim Aksesuarlar\u0131 \u00dcreticisi - Foshan Qingchen Giyim Aksesuarlar\u0131 Co., Ltd.","publisher":{"@id":"https:\/\/qcgac.com\/#organization"},"potentialAction":[{"@type":"SearchAction","target":{"@type":"EntryPoint","urlTemplate":"https:\/\/qcgac.com\/?s={search_term_string}"},"query-input":{"@type":"PropertyValueSpecification","valueRequired":true,"valueName":"search_term_string"}}],"inLanguage":"tr"},{"@type":"Organization","@id":"https:\/\/qcgac.com\/#organization","name":"Foshan Qingchen Konfeksiyon Aksesuarlar\u0131 Co, Ltd","url":"https:\/\/qcgac.com\/","logo":{"@type":"ImageObject","inLanguage":"tr","@id":"https:\/\/qcgac.com\/#\/schema\/logo\/image\/","url":"https:\/\/qcgac.com\/wp-content\/uploads\/2024\/06\/cropped-22.png","contentUrl":"https:\/\/qcgac.com\/wp-content\/uploads\/2024\/06\/cropped-22.png","width":512,"height":512,"caption":"Foshan Qingchen Garment Accessories Co., Ltd."},"image":{"@id":"https:\/\/qcgac.com\/#\/schema\/logo\/image\/"},"sameAs":["https:\/\/www.facebook.com\/qcbutton","https:\/\/www.linkedin.com\/in\/neal-qcfactory-qcgac\/"]}]}},"_links":{"self":[{"href":"https:\/\/qcgac.com\/tr\/wp-json\/wp\/v2\/pages\/354","targetHints":{"allow":["GET"]}}],"collection":[{"href":"https:\/\/qcgac.com\/tr\/wp-json\/wp\/v2\/pages"}],"about":[{"href":"https:\/\/qcgac.com\/tr\/wp-json\/wp\/v2\/types\/page"}],"author":[{"embeddable":true,"href":"https:\/\/qcgac.com\/tr\/wp-json\/wp\/v2\/users\/2"}],"replies":[{"embeddable":true,"href":"https:\/\/qcgac.com\/tr\/wp-json\/wp\/v2\/comments?post=354"}],"version-history":[{"count":3,"href":"https:\/\/qcgac.com\/tr\/wp-json\/wp\/v2\/pages\/354\/revisions"}],"predecessor-version":[{"id":360,"href":"https:\/\/qcgac.com\/tr\/wp-json\/wp\/v2\/pages\/354\/revisions\/360"}],"wp:attachment":[{"href":"https:\/\/qcgac.com\/tr\/wp-json\/wp\/v2\/media?parent=354"}],"curies":[{"name":"wp","href":"https:\/\/api.w.org\/{rel}","templated":true}]}}