{"id":332,"date":"2024-06-14T14:53:25","date_gmt":"2024-06-14T06:53:25","guid":{"rendered":"https:\/\/qcgac.com\/?page_id=332"},"modified":"2024-06-17T15:44:22","modified_gmt":"2024-06-17T07:44:22","slug":"set-up-a-aluminum-nail-factory","status":"publish","type":"page","link":"https:\/\/qcgac.com\/tr\/set-up-a-aluminum-nail-factory\/","title":{"rendered":"al\u00fcminyum \u00e7ivi fabrikas\u0131 kurmak"},"content":{"rendered":"<h1><strong>Al\u00fcminyum \u00c7ivi Malzemesi<\/strong><\/h1>\n<p>Al\u00fcminyum \u00e7ivilerin malzemeleri aras\u0131nda Avrupa standart tel ve s\u0131radan tel bulunur. Avrupa standard\u0131 teller s\u0131radan tellere g\u00f6re daha pahal\u0131d\u0131r ve yo\u011funlu\u011fu daha y\u00fcksektir. Ayn\u0131 boyuttaki al\u00fcminyum \u00e7iviler i\u00e7in Avrupa standard\u0131 al\u00fcminyum \u00e7ivilerin a\u011f\u0131rl\u0131\u011f\u0131 s\u0131radan malzemelerden \u00e7ok daha fazlad\u0131r. Ancak Avrupa standartlar\u0131ndaki al\u00fcminyum telin y\u00fcksek yo\u011funlu\u011fu ve y\u00fcksek kal\u0131p kayb\u0131 nedeniyle i\u015flenmesi zordur.<\/p>\n<div style=\"width: 960px;\" class=\"wp-video\"><video class=\"wp-video-shortcode\" id=\"video-332-1\" width=\"960\" height=\"544\" preload=\"metadata\" controls=\"controls\"><source type=\"video\/mp4\" src=\"https:\/\/qcgac.com\/wp-content\/uploads\/2024\/06\/58f0ac1809889a6f7e1b73418db79f18.mp4?_=1\" \/><a href=\"https:\/\/qcgac.com\/wp-content\/uploads\/2024\/06\/58f0ac1809889a6f7e1b73418db79f18.mp4\">https:\/\/qcgac.com\/wp-content\/uploads\/2024\/06\/58f0ac1809889a6f7e1b73418db79f18.mp4<\/a><\/video><\/div>\n<h1><strong>Al\u00fcminyum \u00c7ivi Yap\u0131m\u0131<\/strong><\/h1>\n<ol>\n<li>Al\u00fcminyum \u00c7ivi makinesi<\/li>\n<\/ol>\n<p>Al\u00fcminyum \u00e7ivi makineleri aras\u0131nda al\u00fcminyum \u00e7ivi \u00e7ubu\u011fu yapma makineleri ve al\u00fcminyum \u00e7ivi bileme makineleri bulunmaktad\u0131r.<\/p>\n<div style=\"width: 960px;\" class=\"wp-video\"><video class=\"wp-video-shortcode\" id=\"video-332-2\" width=\"960\" height=\"544\" preload=\"metadata\" controls=\"controls\"><source type=\"video\/mp4\" src=\"https:\/\/qcgac.com\/wp-content\/uploads\/2024\/06\/857a448c077e46bbed8b9dca94787ceb.mp4?_=2\" \/><a href=\"https:\/\/qcgac.com\/wp-content\/uploads\/2024\/06\/857a448c077e46bbed8b9dca94787ceb.mp4\">https:\/\/qcgac.com\/wp-content\/uploads\/2024\/06\/857a448c077e46bbed8b9dca94787ceb.mp4<\/a><\/video><\/div>\n<div style=\"width: 720px;\" class=\"wp-video\"><video class=\"wp-video-shortcode\" id=\"video-332-3\" width=\"720\" height=\"1280\" preload=\"metadata\" controls=\"controls\"><source type=\"video\/mp4\" src=\"https:\/\/qcgac.com\/wp-content\/uploads\/2024\/06\/f7fa0999fc9bc2500fce5dd117bedf9d.mp4?_=3\" \/><a href=\"https:\/\/qcgac.com\/wp-content\/uploads\/2024\/06\/f7fa0999fc9bc2500fce5dd117bedf9d.mp4\">https:\/\/qcgac.com\/wp-content\/uploads\/2024\/06\/f7fa0999fc9bc2500fce5dd117bedf9d.mp4<\/a><\/video><\/div>\n<ol start=\"2\">\n<li>Al\u00fcminyum \u00c7ivi Kal\u0131b\u0131<\/li>\n<\/ol>\n<p>Al\u00fcminyum \u00e7ivilerde d\u00fc\u011fme gibi logolar da bulunabilmektedir. G\u00fcn\u00fcm\u00fczde piyasadaki en pop\u00fcler al\u00fcminyum tel kaplamal\u0131 al\u00fcminyum \u00e7ivilerdir. Al\u00fcminyum \u00e7ivi i\u00e7in paslanmaz \u00e7elik kapak yap\u0131lm\u0131\u015ft\u0131r. Kapa\u011f\u0131n deseni \u00f6zelle\u015ftirilebilir. Elbette maliyetlerden tasarruf etmek i\u00e7in logoyu do\u011frudan al\u00fcminyum \u00e7ivi \u00fczerine kaz\u0131mak en ekonomik ve ekonomik olan\u0131d\u0131r.<\/p>\n<p><img loading=\"lazy\" decoding=\"async\" class=\"alignnone size-full wp-image-336\" src=\"https:\/\/qcgac.com\/wp-content\/uploads\/2024\/06\/\u56fe\u724717.png\" alt=\"\" width=\"1267\" height=\"585\" srcset=\"https:\/\/qcgac.com\/wp-content\/uploads\/2024\/06\/\u56fe\u724717.png 1267w, https:\/\/qcgac.com\/wp-content\/uploads\/2024\/06\/\u56fe\u724717-300x139.png 300w, https:\/\/qcgac.com\/wp-content\/uploads\/2024\/06\/\u56fe\u724717-1024x473.png 1024w, https:\/\/qcgac.com\/wp-content\/uploads\/2024\/06\/\u56fe\u724717-768x355.png 768w, https:\/\/qcgac.com\/wp-content\/uploads\/2024\/06\/\u56fe\u724717-18x8.png 18w\" sizes=\"auto, (max-width: 1267px) 100vw, 1267px\" \/><\/p>\n<p><img loading=\"lazy\" decoding=\"async\" class=\"alignnone size-full wp-image-337\" src=\"https:\/\/qcgac.com\/wp-content\/uploads\/2024\/06\/\u56fe\u724718.png\" alt=\"\" width=\"1280\" height=\"540\" srcset=\"https:\/\/qcgac.com\/wp-content\/uploads\/2024\/06\/\u56fe\u724718.png 1280w, https:\/\/qcgac.com\/wp-content\/uploads\/2024\/06\/\u56fe\u724718-300x127.png 300w, https:\/\/qcgac.com\/wp-content\/uploads\/2024\/06\/\u56fe\u724718-1024x432.png 1024w, https:\/\/qcgac.com\/wp-content\/uploads\/2024\/06\/\u56fe\u724718-768x324.png 768w, https:\/\/qcgac.com\/wp-content\/uploads\/2024\/06\/\u56fe\u724718-18x8.png 18w\" sizes=\"auto, (max-width: 1280px) 100vw, 1280px\" \/><\/p>\n<p>3. Dikkat edilmesi gerekenler<\/p>\n<p>\u0130yi bir kal\u0131p \u00fcr\u00fcn\u00fcn sa\u011flanmas\u0131nda en \u00f6nemli fakt\u00f6rd\u00fcr. \u0130yi bir kal\u0131p, yaln\u0131zca \u00fcr\u00fcn\u00fcn boyutunu ve kal\u0131nl\u0131\u011f\u0131n\u0131 do\u011fru bir \u015fekilde sa\u011flamakla kalmaz, ayn\u0131 zamanda d\u00fc\u011fmelerin \u00e7apaks\u0131z olmas\u0131n\u0131 da sa\u011flar. Bu nedenle, iyi kalite i\u00e7in kal\u0131b\u0131n zaman\u0131nda de\u011fi\u015ftirilmesi \u00f6nerilir.<\/p>\n<p>&nbsp;<\/p>\n<h1><strong>Al\u00fcminyum \u00c7ivi Bitmi\u015f<\/strong><\/h1>\n<p>Bitmi\u015f Al\u00fcminyum \u00c7ivi<\/p>\n<p>&nbsp;<\/p>\n<p>&nbsp;<\/p>\n<p>&nbsp;<\/p>\n<p>&nbsp;<\/p>","protected":false},"excerpt":{"rendered":"<p>Aluminum Nail Material The materials of aluminum nails include European standard wire and ordinary wire. European standard wires are more expensive than ordinary wires and have higher density. For aluminum nails of the same size, the weight of European standard aluminum nails is much greater than that of ordinary materials. However, European standard aluminum wire [&hellip;]<\/p>\n","protected":false},"author":2,"featured_media":0,"parent":0,"menu_order":0,"comment_status":"closed","ping_status":"closed","template":"page\/application.php","meta":{"_uf_show_specific_survey":0,"_uf_disable_surveys":false,"footnotes":""},"class_list":["post-332","page","type-page","status-publish","hentry"],"yoast_head":"<!-- This site is optimized with the Yoast SEO plugin v27.4 - https:\/\/yoast.com\/product\/yoast-seo-wordpress\/ -->\n<title>set up a aluminum nail factory - Foshan Qingchen Garment Accessories Co., Ltd.<\/title>\n<meta name=\"robots\" content=\"index, follow, max-snippet:-1, max-image-preview:large, max-video-preview:-1\" \/>\n<link rel=\"canonical\" href=\"https:\/\/qcgac.com\/tr\/set-up-a-aluminum-nail-factory\/\" \/>\n<meta property=\"og:locale\" content=\"tr_TR\" \/>\n<meta property=\"og:type\" content=\"article\" \/>\n<meta property=\"og:title\" content=\"set up a aluminum nail factory - Foshan Qingchen Garment Accessories Co., Ltd.\" \/>\n<meta property=\"og:description\" content=\"Aluminum Nail Material The materials of aluminum nails include European standard wire and ordinary wire. European standard wires are more expensive than ordinary wires and have higher density. For aluminum nails of the same size, the weight of European standard aluminum nails is much greater than that of ordinary materials. However, European standard aluminum wire [&hellip;]\" \/>\n<meta property=\"og:url\" content=\"https:\/\/qcgac.com\/tr\/set-up-a-aluminum-nail-factory\/\" \/>\n<meta property=\"og:site_name\" content=\"Foshan Qingchen Garment Accessories Co., Ltd.\" \/>\n<meta property=\"article:publisher\" content=\"https:\/\/www.facebook.com\/qcbutton\" \/>\n<meta property=\"article:modified_time\" content=\"2024-06-17T07:44:22+00:00\" \/>\n<meta name=\"twitter:card\" content=\"summary_large_image\" \/>\n<meta name=\"twitter:label1\" content=\"Tahmini okuma s\u00fcresi\" \/>\n\t<meta name=\"twitter:data1\" content=\"1 dakika\" \/>\n<script type=\"application\/ld+json\" class=\"yoast-schema-graph\">{\"@context\":\"https:\\\/\\\/schema.org\",\"@graph\":[{\"@type\":\"WebPage\",\"@id\":\"https:\\\/\\\/qcgac.com\\\/set-up-a-aluminum-nail-factory\\\/\",\"url\":\"https:\\\/\\\/qcgac.com\\\/set-up-a-aluminum-nail-factory\\\/\",\"name\":\"set up a aluminum nail factory - Foshan Qingchen Garment Accessories Co., Ltd.\",\"isPartOf\":{\"@id\":\"https:\\\/\\\/qcgac.com\\\/#website\"},\"datePublished\":\"2024-06-14T06:53:25+00:00\",\"dateModified\":\"2024-06-17T07:44:22+00:00\",\"breadcrumb\":{\"@id\":\"https:\\\/\\\/qcgac.com\\\/set-up-a-aluminum-nail-factory\\\/#breadcrumb\"},\"inLanguage\":\"tr\",\"potentialAction\":[{\"@type\":\"ReadAction\",\"target\":[\"https:\\\/\\\/qcgac.com\\\/set-up-a-aluminum-nail-factory\\\/\"]}]},{\"@type\":\"BreadcrumbList\",\"@id\":\"https:\\\/\\\/qcgac.com\\\/set-up-a-aluminum-nail-factory\\\/#breadcrumb\",\"itemListElement\":[{\"@type\":\"ListItem\",\"position\":1,\"name\":\"\u9996\u9875\",\"item\":\"https:\\\/\\\/qcgac.com\\\/\"},{\"@type\":\"ListItem\",\"position\":2,\"name\":\"set up a aluminum nail factory\"}]},{\"@type\":\"WebSite\",\"@id\":\"https:\\\/\\\/qcgac.com\\\/#website\",\"url\":\"https:\\\/\\\/qcgac.com\\\/\",\"name\":\"Foshan Qingchen Garment Accessories Co., Ltd.\",\"description\":\"Premier Garment Accessories Manufacturer - Foshan Qingchen Garment Accessories Co., Ltd.\",\"publisher\":{\"@id\":\"https:\\\/\\\/qcgac.com\\\/#organization\"},\"potentialAction\":[{\"@type\":\"SearchAction\",\"target\":{\"@type\":\"EntryPoint\",\"urlTemplate\":\"https:\\\/\\\/qcgac.com\\\/?s={search_term_string}\"},\"query-input\":{\"@type\":\"PropertyValueSpecification\",\"valueRequired\":true,\"valueName\":\"search_term_string\"}}],\"inLanguage\":\"tr\"},{\"@type\":\"Organization\",\"@id\":\"https:\\\/\\\/qcgac.com\\\/#organization\",\"name\":\"Foshan Qingchen Garment Accessories Co., Ltd.\",\"url\":\"https:\\\/\\\/qcgac.com\\\/\",\"logo\":{\"@type\":\"ImageObject\",\"inLanguage\":\"tr\",\"@id\":\"https:\\\/\\\/qcgac.com\\\/#\\\/schema\\\/logo\\\/image\\\/\",\"url\":\"https:\\\/\\\/qcgac.com\\\/wp-content\\\/uploads\\\/2024\\\/06\\\/cropped-22.png\",\"contentUrl\":\"https:\\\/\\\/qcgac.com\\\/wp-content\\\/uploads\\\/2024\\\/06\\\/cropped-22.png\",\"width\":512,\"height\":512,\"caption\":\"Foshan Qingchen Garment Accessories Co., Ltd.\"},\"image\":{\"@id\":\"https:\\\/\\\/qcgac.com\\\/#\\\/schema\\\/logo\\\/image\\\/\"},\"sameAs\":[\"https:\\\/\\\/www.facebook.com\\\/qcbutton\",\"https:\\\/\\\/www.linkedin.com\\\/in\\\/neal-qcfactory-qcgac\\\/\"]}]}<\/script>\n<!-- \/ Yoast SEO plugin. -->","yoast_head_json":{"title":"Al\u00fcminyum \u00e7ivi fabrikas\u0131 kuruldu - Foshan Qingchen Giyim Aksesuarlar\u0131 Co., Ltd.","robots":{"index":"index","follow":"follow","max-snippet":"max-snippet:-1","max-image-preview":"max-image-preview:large","max-video-preview":"max-video-preview:-1"},"canonical":"https:\/\/qcgac.com\/tr\/set-up-a-aluminum-nail-factory\/","og_locale":"tr_TR","og_type":"article","og_title":"set up a aluminum nail factory - Foshan Qingchen Garment Accessories Co., Ltd.","og_description":"Aluminum Nail Material The materials of aluminum nails include European standard wire and ordinary wire. European standard wires are more expensive than ordinary wires and have higher density. For aluminum nails of the same size, the weight of European standard aluminum nails is much greater than that of ordinary materials. However, European standard aluminum wire [&hellip;]","og_url":"https:\/\/qcgac.com\/tr\/set-up-a-aluminum-nail-factory\/","og_site_name":"Foshan Qingchen Garment Accessories Co., Ltd.","article_publisher":"https:\/\/www.facebook.com\/qcbutton","article_modified_time":"2024-06-17T07:44:22+00:00","twitter_card":"summary_large_image","twitter_misc":{"Tahmini okuma s\u00fcresi":"1 dakika"},"schema":{"@context":"https:\/\/schema.org","@graph":[{"@type":"WebPage","@id":"https:\/\/qcgac.com\/set-up-a-aluminum-nail-factory\/","url":"https:\/\/qcgac.com\/set-up-a-aluminum-nail-factory\/","name":"Al\u00fcminyum \u00e7ivi fabrikas\u0131 kuruldu - Foshan Qingchen Giyim Aksesuarlar\u0131 Co., Ltd.","isPartOf":{"@id":"https:\/\/qcgac.com\/#website"},"datePublished":"2024-06-14T06:53:25+00:00","dateModified":"2024-06-17T07:44:22+00:00","breadcrumb":{"@id":"https:\/\/qcgac.com\/set-up-a-aluminum-nail-factory\/#breadcrumb"},"inLanguage":"tr","potentialAction":[{"@type":"ReadAction","target":["https:\/\/qcgac.com\/set-up-a-aluminum-nail-factory\/"]}]},{"@type":"BreadcrumbList","@id":"https:\/\/qcgac.com\/set-up-a-aluminum-nail-factory\/#breadcrumb","itemListElement":[{"@type":"ListItem","position":1,"name":"\u9996\u9875","item":"https:\/\/qcgac.com\/"},{"@type":"ListItem","position":2,"name":"set up a aluminum nail factory"}]},{"@type":"WebSite","@id":"https:\/\/qcgac.com\/#website","url":"https:\/\/qcgac.com\/","name":"Foshan Qingchen Konfeksiyon Aksesuarlar\u0131 Co, Ltd","description":"\u00d6nde Gelen Giyim Aksesuarlar\u0131 \u00dcreticisi - Foshan Qingchen Giyim Aksesuarlar\u0131 Co., Ltd.","publisher":{"@id":"https:\/\/qcgac.com\/#organization"},"potentialAction":[{"@type":"SearchAction","target":{"@type":"EntryPoint","urlTemplate":"https:\/\/qcgac.com\/?s={search_term_string}"},"query-input":{"@type":"PropertyValueSpecification","valueRequired":true,"valueName":"search_term_string"}}],"inLanguage":"tr"},{"@type":"Organization","@id":"https:\/\/qcgac.com\/#organization","name":"Foshan Qingchen Konfeksiyon Aksesuarlar\u0131 Co, Ltd","url":"https:\/\/qcgac.com\/","logo":{"@type":"ImageObject","inLanguage":"tr","@id":"https:\/\/qcgac.com\/#\/schema\/logo\/image\/","url":"https:\/\/qcgac.com\/wp-content\/uploads\/2024\/06\/cropped-22.png","contentUrl":"https:\/\/qcgac.com\/wp-content\/uploads\/2024\/06\/cropped-22.png","width":512,"height":512,"caption":"Foshan Qingchen Garment Accessories Co., Ltd."},"image":{"@id":"https:\/\/qcgac.com\/#\/schema\/logo\/image\/"},"sameAs":["https:\/\/www.facebook.com\/qcbutton","https:\/\/www.linkedin.com\/in\/neal-qcfactory-qcgac\/"]}]}},"_links":{"self":[{"href":"https:\/\/qcgac.com\/tr\/wp-json\/wp\/v2\/pages\/332","targetHints":{"allow":["GET"]}}],"collection":[{"href":"https:\/\/qcgac.com\/tr\/wp-json\/wp\/v2\/pages"}],"about":[{"href":"https:\/\/qcgac.com\/tr\/wp-json\/wp\/v2\/types\/page"}],"author":[{"embeddable":true,"href":"https:\/\/qcgac.com\/tr\/wp-json\/wp\/v2\/users\/2"}],"replies":[{"embeddable":true,"href":"https:\/\/qcgac.com\/tr\/wp-json\/wp\/v2\/comments?post=332"}],"version-history":[{"count":2,"href":"https:\/\/qcgac.com\/tr\/wp-json\/wp\/v2\/pages\/332\/revisions"}],"predecessor-version":[{"id":353,"href":"https:\/\/qcgac.com\/tr\/wp-json\/wp\/v2\/pages\/332\/revisions\/353"}],"wp:attachment":[{"href":"https:\/\/qcgac.com\/tr\/wp-json\/wp\/v2\/media?parent=332"}],"curies":[{"name":"wp","href":"https:\/\/api.w.org\/{rel}","templated":true}]}}