{"id":319,"date":"2024-06-14T14:44:26","date_gmt":"2024-06-14T06:44:26","guid":{"rendered":"https:\/\/qcgac.com\/?page_id=319"},"modified":"2024-06-17T15:42:32","modified_gmt":"2024-06-17T07:42:32","slug":"set-up-a-die-coast-button-factory","status":"publish","type":"page","link":"https:\/\/qcgac.com\/tr\/set-up-a-die-coast-button-factory\/","title":{"rendered":"bir kal\u0131p k\u0131y\u0131s\u0131 d\u00fc\u011fme fabrikas\u0131 kurmak"},"content":{"rendered":"<h1><strong>Kal\u0131p Sahili Kapa\u011f\u0131 Yap\u0131m\u0131<\/strong><\/h1>\n<ol>\n<li>d\u00fc\u011fme makinesi<\/li>\n<\/ol>\n<p>Bas\u0131n\u00e7l\u0131 d\u00f6k\u00fcm makinesi, 160 tonluk en iyisidir. D\u00f6k\u00fcm d\u00fc\u011fme kapa\u011f\u0131nda \u00e7apak yoktur ve y\u00fczey daha parlak ve p\u00fcr\u00fczs\u00fczd\u00fcr.<\/p>\n<div style=\"width: 720px;\" class=\"wp-video\"><video class=\"wp-video-shortcode\" id=\"video-319-1\" width=\"720\" height=\"1280\" preload=\"metadata\" controls=\"controls\"><source type=\"video\/mp4\" src=\"https:\/\/qcgac.com\/wp-content\/uploads\/2024\/06\/\u4e3b\u56fe.mp4?_=1\" \/><a href=\"https:\/\/qcgac.com\/wp-content\/uploads\/2024\/06\/\u4e3b\u56fe.mp4\">https:\/\/qcgac.com\/wp-content\/uploads\/2024\/06\/\u4e3b\u56fe.mp4<\/a><\/video><\/div>\n<ol start=\"2\">\n<li>d\u00fc\u011fme kal\u0131p<\/li>\n<\/ol>\n<p><img loading=\"lazy\" decoding=\"async\" class=\"size-full wp-image-321 aligncenter\" src=\"https:\/\/qcgac.com\/wp-content\/uploads\/2024\/06\/\u56fe\u72478.png\" alt=\"\" width=\"1267\" height=\"950\" srcset=\"https:\/\/qcgac.com\/wp-content\/uploads\/2024\/06\/\u56fe\u72478.png 1267w, https:\/\/qcgac.com\/wp-content\/uploads\/2024\/06\/\u56fe\u72478-300x225.png 300w, https:\/\/qcgac.com\/wp-content\/uploads\/2024\/06\/\u56fe\u72478-1024x768.png 1024w, https:\/\/qcgac.com\/wp-content\/uploads\/2024\/06\/\u56fe\u72478-768x576.png 768w, https:\/\/qcgac.com\/wp-content\/uploads\/2024\/06\/\u56fe\u72478-16x12.png 16w\" sizes=\"auto, (max-width: 1267px) 100vw, 1267px\" \/><\/p>\n<p>3. Dikkat edilmesi gerekenler<\/p>\n<p>\u0130yi bir kal\u0131p \u00fcr\u00fcn\u00fcn sa\u011flanmas\u0131nda en \u00f6nemli fakt\u00f6rd\u00fcr. \u0130yi bir kal\u0131p yaln\u0131zca \u00fcr\u00fcn\u00fcn boyutunu ve kal\u0131nl\u0131\u011f\u0131n\u0131 do\u011fru bir \u015fekilde sa\u011flamakla kalmaz, ayn\u0131 zamanda d\u00fc\u011fmelerin \u00e7apaks\u0131z olmas\u0131n\u0131 da sa\u011flar. \u015eu anda Wenzhou, \u00c7in&#039;deki kal\u0131plar en iyisidir.<\/p>\n<p><img loading=\"lazy\" decoding=\"async\" class=\"alignnone size-full wp-image-322\" src=\"https:\/\/qcgac.com\/wp-content\/uploads\/2024\/06\/\u56fe\u724711.png\" alt=\"\" width=\"650\" height=\"433\" srcset=\"https:\/\/qcgac.com\/wp-content\/uploads\/2024\/06\/\u56fe\u724711.png 650w, https:\/\/qcgac.com\/wp-content\/uploads\/2024\/06\/\u56fe\u724711-300x200.png 300w, https:\/\/qcgac.com\/wp-content\/uploads\/2024\/06\/\u56fe\u724711-18x12.png 18w\" sizes=\"auto, (max-width: 650px) 100vw, 650px\" \/> <img loading=\"lazy\" decoding=\"async\" class=\"alignnone size-full wp-image-323\" src=\"https:\/\/qcgac.com\/wp-content\/uploads\/2024\/06\/\u56fe\u724712.png\" alt=\"\" width=\"287\" height=\"311\" srcset=\"https:\/\/qcgac.com\/wp-content\/uploads\/2024\/06\/\u56fe\u724712.png 287w, https:\/\/qcgac.com\/wp-content\/uploads\/2024\/06\/\u56fe\u724712-277x300.png 277w, https:\/\/qcgac.com\/wp-content\/uploads\/2024\/06\/\u56fe\u724712-11x12.png 11w\" sizes=\"auto, (max-width: 287px) 100vw, 287px\" \/><\/p>\n<p>&nbsp;<\/p>\n<h1><strong>Kal\u0131p Sahil D\u00fc\u011fme \u015eaft\u0131<\/strong><\/h1>\n<ol>\n<li>D\u00fc\u011fme sap\u0131 makinesi<\/li>\n<\/ol>\n<p>Punch pres en yayg\u0131n hafif sanayi makinesi olup, 16-30 ton kapasiteli d\u00fc\u011fmeler \u00e7o\u011fu fabrikan\u0131n tercihidir.<\/p>\n<p>&nbsp;<\/p>\n<ol start=\"2\">\n<li>Dikkat edilmesi gerekenler<\/li>\n<\/ol>\n<p>Bir d\u00fc\u011fmenin alt k\u0131sm\u0131, tam bir d\u00fc\u011fmenin \u00f6nemli bir par\u00e7as\u0131d\u0131r. Farkl\u0131 boyut ve kal\u0131nl\u0131klar\u0131n yan\u0131 s\u0131ra paslanmaz \u00e7elik ve d\u00f6k\u00fcm d\u00fc\u011fmeler i\u00e7in kullan\u0131lan alt par\u00e7alar da farkl\u0131d\u0131r. D\u00f6k\u00fcm kapaklar\u0131n k\u00f6\u015feleri yuvarlat\u0131lm\u0131\u015ft\u0131r ancak paslanmaz \u00e7elik ve demir gibi malzemelerden yap\u0131lan kapaklar k\u00f6\u015fesiz saplar gerektirir.<\/p>\n<h1><strong>Kal\u0131p Sahil D\u00fc\u011fmesi D\u00fc\u011fme Cilas\u0131 ve Kaplama<\/strong><\/h1>\n<p>&nbsp;<\/p>\n<p>&nbsp;<\/p>\n<h1><strong>\u00a0<\/strong><\/h1>\n<h1><strong>Kal\u0131p Sahil D\u00fc\u011fmesi Montaj\u0131<\/strong><\/h1>\n<p>\u00c7inko ala\u015f\u0131m\u0131n\u0131n montaj\u0131 daha g\u00fc\u00e7l\u00fc makineler gerektirir.<\/p>\n<p>&nbsp;<\/p>\n<div style=\"width: 720px;\" class=\"wp-video\"><video class=\"wp-video-shortcode\" id=\"video-319-2\" width=\"720\" height=\"1280\" preload=\"metadata\" controls=\"controls\"><source type=\"video\/mp4\" src=\"https:\/\/qcgac.com\/wp-content\/uploads\/2024\/06\/c6c50f96f93f9f3c2c8b6623e7686793.mp4?_=2\" \/><a href=\"https:\/\/qcgac.com\/wp-content\/uploads\/2024\/06\/c6c50f96f93f9f3c2c8b6623e7686793.mp4\">https:\/\/qcgac.com\/wp-content\/uploads\/2024\/06\/c6c50f96f93f9f3c2c8b6623e7686793.mp4<\/a><\/video><\/div>\n<h1><strong>Kal\u0131p Sahil D\u00fc\u011fmesi Tamamland\u0131<\/strong><\/h1>\n<ol>\n<li>Bitti D\u00fc\u011fmesi<\/li>\n<\/ol>\n<p>&nbsp;<\/p>\n<p><img loading=\"lazy\" decoding=\"async\" class=\"alignnone size-full wp-image-326\" src=\"https:\/\/qcgac.com\/wp-content\/uploads\/2024\/06\/\u56fe\u724716.png\" alt=\"\" width=\"300\" height=\"381\" srcset=\"https:\/\/qcgac.com\/wp-content\/uploads\/2024\/06\/\u56fe\u724716.png 300w, https:\/\/qcgac.com\/wp-content\/uploads\/2024\/06\/\u56fe\u724716-236x300.png 236w, https:\/\/qcgac.com\/wp-content\/uploads\/2024\/06\/\u56fe\u724716-9x12.png 9w\" sizes=\"auto, (max-width: 300px) 100vw, 300px\" \/> <img loading=\"lazy\" decoding=\"async\" class=\"alignnone size-full wp-image-327\" src=\"https:\/\/qcgac.com\/wp-content\/uploads\/2024\/06\/\u56fe\u724714.png\" alt=\"\" width=\"381\" height=\"381\" srcset=\"https:\/\/qcgac.com\/wp-content\/uploads\/2024\/06\/\u56fe\u724714.png 381w, https:\/\/qcgac.com\/wp-content\/uploads\/2024\/06\/\u56fe\u724714-300x300.png 300w, https:\/\/qcgac.com\/wp-content\/uploads\/2024\/06\/\u56fe\u724714-150x150.png 150w, https:\/\/qcgac.com\/wp-content\/uploads\/2024\/06\/\u56fe\u724714-12x12.png 12w\" sizes=\"auto, (max-width: 381px) 100vw, 381px\" \/> <img loading=\"lazy\" decoding=\"async\" class=\"alignnone  wp-image-329\" src=\"https:\/\/qcgac.com\/wp-content\/uploads\/2024\/06\/\u56fe\u724715.png\" alt=\"\" width=\"252\" height=\"336\" srcset=\"https:\/\/qcgac.com\/wp-content\/uploads\/2024\/06\/\u56fe\u724715.png 720w, https:\/\/qcgac.com\/wp-content\/uploads\/2024\/06\/\u56fe\u724715-225x300.png 225w, https:\/\/qcgac.com\/wp-content\/uploads\/2024\/06\/\u56fe\u724715-9x12.png 9w\" sizes=\"auto, (max-width: 252px) 100vw, 252px\" \/><\/p>","protected":false},"excerpt":{"rendered":"<p>Die-coast Cap Make button machine Die casting machine, 160 tons is the best. The die-cast button cap has no burrs and the surface is more shiny and smooth. button mold 3.Things to note A good mold is the most important factor in ensuring the product. A good mold can not only accurately ensure the size [&hellip;]<\/p>\n","protected":false},"author":2,"featured_media":0,"parent":0,"menu_order":0,"comment_status":"closed","ping_status":"closed","template":"page\/application.php","meta":{"_uf_show_specific_survey":0,"_uf_disable_surveys":false,"footnotes":""},"class_list":["post-319","page","type-page","status-publish","hentry"],"yoast_head":"<!-- This site is optimized with the Yoast SEO plugin v27.4 - https:\/\/yoast.com\/product\/yoast-seo-wordpress\/ -->\n<title>set up a die-coast button factory - Foshan Qingchen Garment Accessories Co., Ltd.<\/title>\n<meta name=\"robots\" content=\"index, follow, max-snippet:-1, max-image-preview:large, max-video-preview:-1\" \/>\n<link rel=\"canonical\" href=\"https:\/\/qcgac.com\/tr\/set-up-a-die-coast-button-factory\/\" \/>\n<meta property=\"og:locale\" content=\"tr_TR\" \/>\n<meta property=\"og:type\" content=\"article\" \/>\n<meta property=\"og:title\" content=\"set up a die-coast button factory - Foshan Qingchen Garment Accessories Co., Ltd.\" \/>\n<meta property=\"og:description\" content=\"Die-coast Cap Make button machine Die casting machine, 160 tons is the best. The die-cast button cap has no burrs and the surface is more shiny and smooth. button mold 3.Things to note A good mold is the most important factor in ensuring the product. A good mold can not only accurately ensure the size [&hellip;]\" \/>\n<meta property=\"og:url\" content=\"https:\/\/qcgac.com\/tr\/set-up-a-die-coast-button-factory\/\" \/>\n<meta property=\"og:site_name\" content=\"Foshan Qingchen Garment Accessories Co., Ltd.\" \/>\n<meta property=\"article:publisher\" content=\"https:\/\/www.facebook.com\/qcbutton\" \/>\n<meta property=\"article:modified_time\" content=\"2024-06-17T07:42:32+00:00\" \/>\n<meta name=\"twitter:card\" content=\"summary_large_image\" \/>\n<meta name=\"twitter:label1\" content=\"Tahmini okuma s\u00fcresi\" \/>\n\t<meta name=\"twitter:data1\" content=\"1 dakika\" \/>\n<script type=\"application\/ld+json\" class=\"yoast-schema-graph\">{\"@context\":\"https:\\\/\\\/schema.org\",\"@graph\":[{\"@type\":\"WebPage\",\"@id\":\"https:\\\/\\\/qcgac.com\\\/set-up-a-die-coast-button-factory\\\/\",\"url\":\"https:\\\/\\\/qcgac.com\\\/set-up-a-die-coast-button-factory\\\/\",\"name\":\"set up a die-coast button factory - Foshan Qingchen Garment Accessories Co., Ltd.\",\"isPartOf\":{\"@id\":\"https:\\\/\\\/qcgac.com\\\/#website\"},\"datePublished\":\"2024-06-14T06:44:26+00:00\",\"dateModified\":\"2024-06-17T07:42:32+00:00\",\"breadcrumb\":{\"@id\":\"https:\\\/\\\/qcgac.com\\\/set-up-a-die-coast-button-factory\\\/#breadcrumb\"},\"inLanguage\":\"tr\",\"potentialAction\":[{\"@type\":\"ReadAction\",\"target\":[\"https:\\\/\\\/qcgac.com\\\/set-up-a-die-coast-button-factory\\\/\"]}]},{\"@type\":\"BreadcrumbList\",\"@id\":\"https:\\\/\\\/qcgac.com\\\/set-up-a-die-coast-button-factory\\\/#breadcrumb\",\"itemListElement\":[{\"@type\":\"ListItem\",\"position\":1,\"name\":\"\u9996\u9875\",\"item\":\"https:\\\/\\\/qcgac.com\\\/\"},{\"@type\":\"ListItem\",\"position\":2,\"name\":\"set up a die-coast button factory\"}]},{\"@type\":\"WebSite\",\"@id\":\"https:\\\/\\\/qcgac.com\\\/#website\",\"url\":\"https:\\\/\\\/qcgac.com\\\/\",\"name\":\"Foshan Qingchen Garment Accessories Co., Ltd.\",\"description\":\"Premier Garment Accessories Manufacturer - Foshan Qingchen Garment Accessories Co., Ltd.\",\"publisher\":{\"@id\":\"https:\\\/\\\/qcgac.com\\\/#organization\"},\"potentialAction\":[{\"@type\":\"SearchAction\",\"target\":{\"@type\":\"EntryPoint\",\"urlTemplate\":\"https:\\\/\\\/qcgac.com\\\/?s={search_term_string}\"},\"query-input\":{\"@type\":\"PropertyValueSpecification\",\"valueRequired\":true,\"valueName\":\"search_term_string\"}}],\"inLanguage\":\"tr\"},{\"@type\":\"Organization\",\"@id\":\"https:\\\/\\\/qcgac.com\\\/#organization\",\"name\":\"Foshan Qingchen Garment Accessories Co., Ltd.\",\"url\":\"https:\\\/\\\/qcgac.com\\\/\",\"logo\":{\"@type\":\"ImageObject\",\"inLanguage\":\"tr\",\"@id\":\"https:\\\/\\\/qcgac.com\\\/#\\\/schema\\\/logo\\\/image\\\/\",\"url\":\"https:\\\/\\\/qcgac.com\\\/wp-content\\\/uploads\\\/2024\\\/06\\\/cropped-22.png\",\"contentUrl\":\"https:\\\/\\\/qcgac.com\\\/wp-content\\\/uploads\\\/2024\\\/06\\\/cropped-22.png\",\"width\":512,\"height\":512,\"caption\":\"Foshan Qingchen Garment Accessories Co., Ltd.\"},\"image\":{\"@id\":\"https:\\\/\\\/qcgac.com\\\/#\\\/schema\\\/logo\\\/image\\\/\"},\"sameAs\":[\"https:\\\/\\\/www.facebook.com\\\/qcbutton\",\"https:\\\/\\\/www.linkedin.com\\\/in\\\/neal-qcfactory-qcgac\\\/\"]}]}<\/script>\n<!-- \/ Yoast SEO plugin. -->","yoast_head_json":{"title":"set up a die-coast button factory - Foshan Qingchen Garment Accessories Co., Ltd.","robots":{"index":"index","follow":"follow","max-snippet":"max-snippet:-1","max-image-preview":"max-image-preview:large","max-video-preview":"max-video-preview:-1"},"canonical":"https:\/\/qcgac.com\/tr\/set-up-a-die-coast-button-factory\/","og_locale":"tr_TR","og_type":"article","og_title":"set up a die-coast button factory - Foshan Qingchen Garment Accessories Co., Ltd.","og_description":"Die-coast Cap Make button machine Die casting machine, 160 tons is the best. The die-cast button cap has no burrs and the surface is more shiny and smooth. button mold 3.Things to note A good mold is the most important factor in ensuring the product. A good mold can not only accurately ensure the size [&hellip;]","og_url":"https:\/\/qcgac.com\/tr\/set-up-a-die-coast-button-factory\/","og_site_name":"Foshan Qingchen Garment Accessories Co., Ltd.","article_publisher":"https:\/\/www.facebook.com\/qcbutton","article_modified_time":"2024-06-17T07:42:32+00:00","twitter_card":"summary_large_image","twitter_misc":{"Tahmini okuma s\u00fcresi":"1 dakika"},"schema":{"@context":"https:\/\/schema.org","@graph":[{"@type":"WebPage","@id":"https:\/\/qcgac.com\/set-up-a-die-coast-button-factory\/","url":"https:\/\/qcgac.com\/set-up-a-die-coast-button-factory\/","name":"set up a die-coast button factory - Foshan Qingchen Garment Accessories Co., Ltd.","isPartOf":{"@id":"https:\/\/qcgac.com\/#website"},"datePublished":"2024-06-14T06:44:26+00:00","dateModified":"2024-06-17T07:42:32+00:00","breadcrumb":{"@id":"https:\/\/qcgac.com\/set-up-a-die-coast-button-factory\/#breadcrumb"},"inLanguage":"tr","potentialAction":[{"@type":"ReadAction","target":["https:\/\/qcgac.com\/set-up-a-die-coast-button-factory\/"]}]},{"@type":"BreadcrumbList","@id":"https:\/\/qcgac.com\/set-up-a-die-coast-button-factory\/#breadcrumb","itemListElement":[{"@type":"ListItem","position":1,"name":"\u9996\u9875","item":"https:\/\/qcgac.com\/"},{"@type":"ListItem","position":2,"name":"set up a die-coast button factory"}]},{"@type":"WebSite","@id":"https:\/\/qcgac.com\/#website","url":"https:\/\/qcgac.com\/","name":"Foshan Qingchen Konfeksiyon Aksesuarlar\u0131 Co, Ltd","description":"\u00d6nde Gelen Giyim Aksesuarlar\u0131 \u00dcreticisi - Foshan Qingchen Giyim Aksesuarlar\u0131 Co., Ltd.","publisher":{"@id":"https:\/\/qcgac.com\/#organization"},"potentialAction":[{"@type":"SearchAction","target":{"@type":"EntryPoint","urlTemplate":"https:\/\/qcgac.com\/?s={search_term_string}"},"query-input":{"@type":"PropertyValueSpecification","valueRequired":true,"valueName":"search_term_string"}}],"inLanguage":"tr"},{"@type":"Organization","@id":"https:\/\/qcgac.com\/#organization","name":"Foshan Qingchen Konfeksiyon Aksesuarlar\u0131 Co, Ltd","url":"https:\/\/qcgac.com\/","logo":{"@type":"ImageObject","inLanguage":"tr","@id":"https:\/\/qcgac.com\/#\/schema\/logo\/image\/","url":"https:\/\/qcgac.com\/wp-content\/uploads\/2024\/06\/cropped-22.png","contentUrl":"https:\/\/qcgac.com\/wp-content\/uploads\/2024\/06\/cropped-22.png","width":512,"height":512,"caption":"Foshan Qingchen Garment Accessories Co., Ltd."},"image":{"@id":"https:\/\/qcgac.com\/#\/schema\/logo\/image\/"},"sameAs":["https:\/\/www.facebook.com\/qcbutton","https:\/\/www.linkedin.com\/in\/neal-qcfactory-qcgac\/"]}]}},"_links":{"self":[{"href":"https:\/\/qcgac.com\/tr\/wp-json\/wp\/v2\/pages\/319","targetHints":{"allow":["GET"]}}],"collection":[{"href":"https:\/\/qcgac.com\/tr\/wp-json\/wp\/v2\/pages"}],"about":[{"href":"https:\/\/qcgac.com\/tr\/wp-json\/wp\/v2\/types\/page"}],"author":[{"embeddable":true,"href":"https:\/\/qcgac.com\/tr\/wp-json\/wp\/v2\/users\/2"}],"replies":[{"embeddable":true,"href":"https:\/\/qcgac.com\/tr\/wp-json\/wp\/v2\/comments?post=319"}],"version-history":[{"count":3,"href":"https:\/\/qcgac.com\/tr\/wp-json\/wp\/v2\/pages\/319\/revisions"}],"predecessor-version":[{"id":352,"href":"https:\/\/qcgac.com\/tr\/wp-json\/wp\/v2\/pages\/319\/revisions\/352"}],"wp:attachment":[{"href":"https:\/\/qcgac.com\/tr\/wp-json\/wp\/v2\/media?parent=319"}],"curies":[{"name":"wp","href":"https:\/\/api.w.org\/{rel}","templated":true}]}}