{"id":309,"date":"2024-06-14T14:38:57","date_gmt":"2024-06-14T06:38:57","guid":{"rendered":"https:\/\/qcgac.com\/?page_id=309"},"modified":"2024-06-17T15:38:13","modified_gmt":"2024-06-17T07:38:13","slug":"set-up-a-punch-button-factory","status":"publish","type":"page","link":"https:\/\/qcgac.com\/tr\/set-up-a-punch-button-factory\/","title":{"rendered":"delikli d\u00fc\u011fme fabrikas\u0131 kurmak"},"content":{"rendered":"<h1><strong>Delgi D\u00fc\u011fmesi Hammaddesi<\/strong><\/h1>\n<p>Damgal\u0131 d\u00fc\u011fme yap\u0131m\u0131nda kullan\u0131lan hammaddeler genellikle bak\u0131r, paslanmaz \u00e7elik, demir ve al\u00fcminyum levhalard\u0131r. Bak\u0131r 62 bak\u0131r ve 65 bak\u0131r olarak ikiye ayr\u0131labilir. 65 bak\u0131r ayn\u0131 zamanda 65 rafine bak\u0131r ve \u00e7evre dostu bir malzeme bak\u0131r olarak da adland\u0131r\u0131l\u0131r. Paslanmaz \u00e7elik manyetik olmayan bir malzemedir. Bu malzeme d\u00fc\u011fmeler i\u00e7in \u00f6zel olarak \u00fcretilmi\u015ftir ve herhangi bir s\u0131n\u0131f\u0131 yoktur.<\/p>\n<div style=\"width: 540px;\" class=\"wp-video\"><video class=\"wp-video-shortcode\" id=\"video-309-1\" width=\"540\" height=\"960\" preload=\"metadata\" controls=\"controls\"><source type=\"video\/mp4\" src=\"https:\/\/qcgac.com\/wp-content\/uploads\/2024\/06\/8d8b821993df772079ce950e1e9e3ac2.mp4?_=1\" \/><a href=\"https:\/\/qcgac.com\/wp-content\/uploads\/2024\/06\/8d8b821993df772079ce950e1e9e3ac2.mp4\">https:\/\/qcgac.com\/wp-content\/uploads\/2024\/06\/8d8b821993df772079ce950e1e9e3ac2.mp4<\/a><\/video><\/div>\n<h1><strong>Delme D\u00fc\u011fmesi Kapa\u011f\u0131 Yap\u0131m\u0131<\/strong><\/h1>\n<ol>\n<li>d\u00fc\u011fme kapa\u011f\u0131 makinesi<\/li>\n<\/ol>\n<p>D\u00fc\u011fme kapak makinesi de bir \u00e7e\u015fit punch makinesidir ancak kapak makinesi kapak desenini daha net hale getirebilir ve \u00e7apaklar\u0131 azaltabilir. Bir seferde 3-5 kapak \u00fcretebilir<\/p>\n<p><img loading=\"lazy\" decoding=\"async\" class=\"alignnone size-full wp-image-311\" src=\"https:\/\/qcgac.com\/wp-content\/uploads\/2024\/06\/\u56fe\u72472.png\" alt=\"\" width=\"390\" height=\"381\" srcset=\"https:\/\/qcgac.com\/wp-content\/uploads\/2024\/06\/\u56fe\u72472.png 390w, https:\/\/qcgac.com\/wp-content\/uploads\/2024\/06\/\u56fe\u72472-300x293.png 300w, https:\/\/qcgac.com\/wp-content\/uploads\/2024\/06\/\u56fe\u72472-12x12.png 12w\" sizes=\"auto, (max-width: 390px) 100vw, 390px\" \/><\/p>\n<ol start=\"2\">\n<li>d\u00fc\u011fme kal\u0131p<\/li>\n<\/ol>\n<p><img loading=\"lazy\" decoding=\"async\" class=\"alignnone size-full wp-image-312\" src=\"https:\/\/qcgac.com\/wp-content\/uploads\/2024\/06\/\u56fe\u72473.png\" alt=\"\" width=\"390\" height=\"381\" srcset=\"https:\/\/qcgac.com\/wp-content\/uploads\/2024\/06\/\u56fe\u72473.png 390w, https:\/\/qcgac.com\/wp-content\/uploads\/2024\/06\/\u56fe\u72473-300x293.png 300w, https:\/\/qcgac.com\/wp-content\/uploads\/2024\/06\/\u56fe\u72473-12x12.png 12w\" sizes=\"auto, (max-width: 390px) 100vw, 390px\" \/><\/p>\n<p>3. Dikkat edilmesi gerekenler<\/p>\n<p>\u0130yi bir kal\u0131p \u00fcr\u00fcn\u00fcn sa\u011flanmas\u0131nda en \u00f6nemli fakt\u00f6rd\u00fcr. \u0130yi bir kal\u0131p yaln\u0131zca \u00fcr\u00fcn\u00fcn boyutunu ve kal\u0131nl\u0131\u011f\u0131n\u0131 do\u011fru bir \u015fekilde sa\u011flamakla kalmaz, ayn\u0131 zamanda d\u00fc\u011fmelerin \u00e7apaks\u0131z olmas\u0131n\u0131 da sa\u011flar.<\/p>\n<h1><strong>\u00a0Delme D\u00fc\u011fmesi \u015eaft\u0131<\/strong><\/h1>\n<ol>\n<li>D\u00fc\u011fme sap\u0131 makinesi<\/li>\n<\/ol>\n<p>Punch pres en yayg\u0131n hafif sanayi makinesi olup, 16-30 ton kapasiteli d\u00fc\u011fmeler \u00e7o\u011fu fabrikan\u0131n tercihidir.<\/p>\n<p><img loading=\"lazy\" decoding=\"async\" class=\"alignnone size-full wp-image-314\" src=\"https:\/\/qcgac.com\/wp-content\/uploads\/2024\/06\/\u56fe\u72474.png\" alt=\"\" width=\"650\" height=\"433\" srcset=\"https:\/\/qcgac.com\/wp-content\/uploads\/2024\/06\/\u56fe\u72474.png 650w, https:\/\/qcgac.com\/wp-content\/uploads\/2024\/06\/\u56fe\u72474-300x200.png 300w, https:\/\/qcgac.com\/wp-content\/uploads\/2024\/06\/\u56fe\u72474-18x12.png 18w\" sizes=\"auto, (max-width: 650px) 100vw, 650px\" \/><img loading=\"lazy\" decoding=\"async\" class=\"alignnone size-full wp-image-313\" src=\"https:\/\/qcgac.com\/wp-content\/uploads\/2024\/06\/\u56fe\u72475.png\" alt=\"\" width=\"433\" height=\"433\" srcset=\"https:\/\/qcgac.com\/wp-content\/uploads\/2024\/06\/\u56fe\u72475.png 433w, https:\/\/qcgac.com\/wp-content\/uploads\/2024\/06\/\u56fe\u72475-300x300.png 300w, https:\/\/qcgac.com\/wp-content\/uploads\/2024\/06\/\u56fe\u72475-150x150.png 150w, https:\/\/qcgac.com\/wp-content\/uploads\/2024\/06\/\u56fe\u72475-12x12.png 12w\" sizes=\"auto, (max-width: 433px) 100vw, 433px\" \/><\/p>\n<p>&nbsp;<\/p>\n<ol start=\"2\">\n<li>Dikkat edilmesi gerekenler<\/li>\n<\/ol>\n<p>Bir d\u00fc\u011fmenin alt k\u0131sm\u0131, tam bir d\u00fc\u011fmenin \u00f6nemli bir par\u00e7as\u0131d\u0131r. Farkl\u0131 boyut ve kal\u0131nl\u0131klar\u0131n yan\u0131 s\u0131ra paslanmaz \u00e7elik ve d\u00f6k\u00fcm d\u00fc\u011fmeler i\u00e7in kullan\u0131lan alt par\u00e7alar da farkl\u0131d\u0131r. D\u00f6k\u00fcm kapaklar\u0131n k\u00f6\u015feleri yuvarlat\u0131lm\u0131\u015ft\u0131r ancak paslanmaz \u00e7elik ve demir gibi malzemelerden yap\u0131lan kapaklar k\u00f6\u015fesiz saplar gerektirir.<\/p>\n<h1><strong>Delme D\u00fc\u011fmesi D\u00fc\u011fmesi Cilalama ve Kaplama<\/strong><\/h1>\n<p><img loading=\"lazy\" decoding=\"async\" class=\"size-full wp-image-315 aligncenter\" src=\"https:\/\/qcgac.com\/wp-content\/uploads\/2024\/06\/\u56fe\u72476.png\" alt=\"\" width=\"591\" height=\"1280\" srcset=\"https:\/\/qcgac.com\/wp-content\/uploads\/2024\/06\/\u56fe\u72476.png 591w, https:\/\/qcgac.com\/wp-content\/uploads\/2024\/06\/\u56fe\u72476-139x300.png 139w, https:\/\/qcgac.com\/wp-content\/uploads\/2024\/06\/\u56fe\u72476-473x1024.png 473w, https:\/\/qcgac.com\/wp-content\/uploads\/2024\/06\/\u56fe\u72476-6x12.png 6w\" sizes=\"auto, (max-width: 591px) 100vw, 591px\" \/><\/p>\n<p>&nbsp;<\/p>\n<p>Paslanmaz \u00e7elik d\u00fc\u011fmelerin daha parlak ve g\u00fczel olmas\u0131 i\u00e7in cilalanmas\u0131 gerekirken, demir d\u00fc\u011fmelerin paslanmay\u0131 \u00f6nlemek ve parlakl\u0131\u011f\u0131 korumak i\u00e7in elektro galvanizlenmesi gerekir.<\/p>\n<h1><strong>Delme D\u00fc\u011fmesi Montaj\u0131<\/strong><\/h1>\n<div style=\"width: 480px;\" class=\"wp-video\"><video class=\"wp-video-shortcode\" id=\"video-309-2\" width=\"480\" height=\"846\" preload=\"metadata\" controls=\"controls\"><source type=\"video\/mp4\" src=\"https:\/\/qcgac.com\/wp-content\/uploads\/2024\/06\/stainless-steel-jeans-button-assembly-machine.mp4?_=2\" \/><a href=\"https:\/\/qcgac.com\/wp-content\/uploads\/2024\/06\/stainless-steel-jeans-button-assembly-machine.mp4\">https:\/\/qcgac.com\/wp-content\/uploads\/2024\/06\/stainless-steel-jeans-button-assembly-machine.mp4<\/a><\/video><\/div>\n<h1><strong>Delme D\u00fc\u011fmesi Bitti<\/strong><\/h1>\n<ol>\n<li>Bitti D\u00fc\u011fmesi<\/li>\n<\/ol>\n<p><img loading=\"lazy\" decoding=\"async\" class=\"alignnone size-full wp-image-317\" src=\"https:\/\/qcgac.com\/wp-content\/uploads\/2024\/06\/\u56fe\u72477.png\" alt=\"\" width=\"390\" height=\"381\" srcset=\"https:\/\/qcgac.com\/wp-content\/uploads\/2024\/06\/\u56fe\u72477.png 390w, https:\/\/qcgac.com\/wp-content\/uploads\/2024\/06\/\u56fe\u72477-300x293.png 300w, https:\/\/qcgac.com\/wp-content\/uploads\/2024\/06\/\u56fe\u72477-12x12.png 12w\" sizes=\"auto, (max-width: 390px) 100vw, 390px\" \/><\/p>\n<p>&nbsp;<\/p>\n<p>&nbsp;<\/p>","protected":false},"excerpt":{"rendered":"<p>Punch Button Raw Material The raw materials used to make stamped buttons are generally: copper, stainless steel, iron, and aluminum sheets. Copper can be divided into 62 copper and 65 copper. 65 copper is also called 65 refined copper and environmentally friendly material copper. Stainless steel is a non-magnetic material. This material is specially made [&hellip;]<\/p>\n","protected":false},"author":2,"featured_media":0,"parent":0,"menu_order":0,"comment_status":"closed","ping_status":"closed","template":"page\/application.php","meta":{"_uf_show_specific_survey":0,"_uf_disable_surveys":false,"footnotes":""},"class_list":["post-309","page","type-page","status-publish","hentry"],"yoast_head":"<!-- This site is optimized with the Yoast SEO plugin v27.5 - https:\/\/yoast.com\/product\/yoast-seo-wordpress\/ -->\n<title>set up a punch button factory - Foshan Qingchen Garment Accessories Co., Ltd.<\/title>\n<meta name=\"robots\" content=\"index, follow, max-snippet:-1, max-image-preview:large, max-video-preview:-1\" \/>\n<link rel=\"canonical\" href=\"https:\/\/qcgac.com\/tr\/set-up-a-punch-button-factory\/\" \/>\n<meta property=\"og:locale\" content=\"tr_TR\" \/>\n<meta property=\"og:type\" content=\"article\" \/>\n<meta property=\"og:title\" content=\"set up a punch button factory - Foshan Qingchen Garment Accessories Co., Ltd.\" \/>\n<meta property=\"og:description\" content=\"Punch Button Raw Material The raw materials used to make stamped buttons are generally: copper, stainless steel, iron, and aluminum sheets. Copper can be divided into 62 copper and 65 copper. 65 copper is also called 65 refined copper and environmentally friendly material copper. Stainless steel is a non-magnetic material. This material is specially made [&hellip;]\" \/>\n<meta property=\"og:url\" content=\"https:\/\/qcgac.com\/tr\/set-up-a-punch-button-factory\/\" \/>\n<meta property=\"og:site_name\" content=\"Foshan Qingchen Garment Accessories Co., Ltd.\" \/>\n<meta property=\"article:publisher\" content=\"https:\/\/www.facebook.com\/qcbutton\" \/>\n<meta property=\"article:modified_time\" content=\"2024-06-17T07:38:13+00:00\" \/>\n<meta name=\"twitter:card\" content=\"summary_large_image\" \/>\n<meta name=\"twitter:label1\" content=\"Tahmini okuma s\u00fcresi\" \/>\n\t<meta name=\"twitter:data1\" content=\"1 dakika\" \/>\n<script type=\"application\/ld+json\" class=\"yoast-schema-graph\">{\"@context\":\"https:\\\/\\\/schema.org\",\"@graph\":[{\"@type\":\"WebPage\",\"@id\":\"https:\\\/\\\/qcgac.com\\\/set-up-a-punch-button-factory\\\/\",\"url\":\"https:\\\/\\\/qcgac.com\\\/set-up-a-punch-button-factory\\\/\",\"name\":\"set up a punch button factory - Foshan Qingchen Garment Accessories Co., Ltd.\",\"isPartOf\":{\"@id\":\"https:\\\/\\\/qcgac.com\\\/#website\"},\"datePublished\":\"2024-06-14T06:38:57+00:00\",\"dateModified\":\"2024-06-17T07:38:13+00:00\",\"breadcrumb\":{\"@id\":\"https:\\\/\\\/qcgac.com\\\/set-up-a-punch-button-factory\\\/#breadcrumb\"},\"inLanguage\":\"tr\",\"potentialAction\":[{\"@type\":\"ReadAction\",\"target\":[\"https:\\\/\\\/qcgac.com\\\/set-up-a-punch-button-factory\\\/\"]}]},{\"@type\":\"BreadcrumbList\",\"@id\":\"https:\\\/\\\/qcgac.com\\\/set-up-a-punch-button-factory\\\/#breadcrumb\",\"itemListElement\":[{\"@type\":\"ListItem\",\"position\":1,\"name\":\"\u9996\u9875\",\"item\":\"https:\\\/\\\/qcgac.com\\\/\"},{\"@type\":\"ListItem\",\"position\":2,\"name\":\"set up a punch button factory\"}]},{\"@type\":\"WebSite\",\"@id\":\"https:\\\/\\\/qcgac.com\\\/#website\",\"url\":\"https:\\\/\\\/qcgac.com\\\/\",\"name\":\"Foshan Qingchen Garment Accessories Co., Ltd.\",\"description\":\"Premier Garment Accessories Manufacturer - Foshan Qingchen Garment Accessories Co., Ltd.\",\"publisher\":{\"@id\":\"https:\\\/\\\/qcgac.com\\\/#organization\"},\"potentialAction\":[{\"@type\":\"SearchAction\",\"target\":{\"@type\":\"EntryPoint\",\"urlTemplate\":\"https:\\\/\\\/qcgac.com\\\/?s={search_term_string}\"},\"query-input\":{\"@type\":\"PropertyValueSpecification\",\"valueRequired\":true,\"valueName\":\"search_term_string\"}}],\"inLanguage\":\"tr\"},{\"@type\":\"Organization\",\"@id\":\"https:\\\/\\\/qcgac.com\\\/#organization\",\"name\":\"Foshan Qingchen Garment Accessories Co., Ltd.\",\"url\":\"https:\\\/\\\/qcgac.com\\\/\",\"logo\":{\"@type\":\"ImageObject\",\"inLanguage\":\"tr\",\"@id\":\"https:\\\/\\\/qcgac.com\\\/#\\\/schema\\\/logo\\\/image\\\/\",\"url\":\"https:\\\/\\\/qcgac.com\\\/wp-content\\\/uploads\\\/2024\\\/06\\\/cropped-22.png\",\"contentUrl\":\"https:\\\/\\\/qcgac.com\\\/wp-content\\\/uploads\\\/2024\\\/06\\\/cropped-22.png\",\"width\":512,\"height\":512,\"caption\":\"Foshan Qingchen Garment Accessories Co., Ltd.\"},\"image\":{\"@id\":\"https:\\\/\\\/qcgac.com\\\/#\\\/schema\\\/logo\\\/image\\\/\"},\"sameAs\":[\"https:\\\/\\\/www.facebook.com\\\/qcbutton\",\"https:\\\/\\\/www.linkedin.com\\\/in\\\/neal-qcfactory-qcgac\\\/\"]}]}<\/script>\n<!-- \/ Yoast SEO plugin. -->","yoast_head_json":{"title":"set up a punch button factory - Foshan Qingchen Garment Accessories Co., Ltd.","robots":{"index":"index","follow":"follow","max-snippet":"max-snippet:-1","max-image-preview":"max-image-preview:large","max-video-preview":"max-video-preview:-1"},"canonical":"https:\/\/qcgac.com\/tr\/set-up-a-punch-button-factory\/","og_locale":"tr_TR","og_type":"article","og_title":"set up a punch button factory - Foshan Qingchen Garment Accessories Co., Ltd.","og_description":"Punch Button Raw Material The raw materials used to make stamped buttons are generally: copper, stainless steel, iron, and aluminum sheets. Copper can be divided into 62 copper and 65 copper. 65 copper is also called 65 refined copper and environmentally friendly material copper. Stainless steel is a non-magnetic material. This material is specially made [&hellip;]","og_url":"https:\/\/qcgac.com\/tr\/set-up-a-punch-button-factory\/","og_site_name":"Foshan Qingchen Garment Accessories Co., Ltd.","article_publisher":"https:\/\/www.facebook.com\/qcbutton","article_modified_time":"2024-06-17T07:38:13+00:00","twitter_card":"summary_large_image","twitter_misc":{"Tahmini okuma s\u00fcresi":"1 dakika"},"schema":{"@context":"https:\/\/schema.org","@graph":[{"@type":"WebPage","@id":"https:\/\/qcgac.com\/set-up-a-punch-button-factory\/","url":"https:\/\/qcgac.com\/set-up-a-punch-button-factory\/","name":"set up a punch button factory - Foshan Qingchen Garment Accessories Co., Ltd.","isPartOf":{"@id":"https:\/\/qcgac.com\/#website"},"datePublished":"2024-06-14T06:38:57+00:00","dateModified":"2024-06-17T07:38:13+00:00","breadcrumb":{"@id":"https:\/\/qcgac.com\/set-up-a-punch-button-factory\/#breadcrumb"},"inLanguage":"tr","potentialAction":[{"@type":"ReadAction","target":["https:\/\/qcgac.com\/set-up-a-punch-button-factory\/"]}]},{"@type":"BreadcrumbList","@id":"https:\/\/qcgac.com\/set-up-a-punch-button-factory\/#breadcrumb","itemListElement":[{"@type":"ListItem","position":1,"name":"\u9996\u9875","item":"https:\/\/qcgac.com\/"},{"@type":"ListItem","position":2,"name":"set up a punch button factory"}]},{"@type":"WebSite","@id":"https:\/\/qcgac.com\/#website","url":"https:\/\/qcgac.com\/","name":"Foshan Qingchen Konfeksiyon Aksesuarlar\u0131 Co, Ltd","description":"\u00d6nde Gelen Giyim Aksesuarlar\u0131 \u00dcreticisi - Foshan Qingchen Giyim Aksesuarlar\u0131 Co., Ltd.","publisher":{"@id":"https:\/\/qcgac.com\/#organization"},"potentialAction":[{"@type":"SearchAction","target":{"@type":"EntryPoint","urlTemplate":"https:\/\/qcgac.com\/?s={search_term_string}"},"query-input":{"@type":"PropertyValueSpecification","valueRequired":true,"valueName":"search_term_string"}}],"inLanguage":"tr"},{"@type":"Organization","@id":"https:\/\/qcgac.com\/#organization","name":"Foshan Qingchen Konfeksiyon Aksesuarlar\u0131 Co, Ltd","url":"https:\/\/qcgac.com\/","logo":{"@type":"ImageObject","inLanguage":"tr","@id":"https:\/\/qcgac.com\/#\/schema\/logo\/image\/","url":"https:\/\/qcgac.com\/wp-content\/uploads\/2024\/06\/cropped-22.png","contentUrl":"https:\/\/qcgac.com\/wp-content\/uploads\/2024\/06\/cropped-22.png","width":512,"height":512,"caption":"Foshan Qingchen Garment Accessories Co., Ltd."},"image":{"@id":"https:\/\/qcgac.com\/#\/schema\/logo\/image\/"},"sameAs":["https:\/\/www.facebook.com\/qcbutton","https:\/\/www.linkedin.com\/in\/neal-qcfactory-qcgac\/"]}]}},"_links":{"self":[{"href":"https:\/\/qcgac.com\/tr\/wp-json\/wp\/v2\/pages\/309","targetHints":{"allow":["GET"]}}],"collection":[{"href":"https:\/\/qcgac.com\/tr\/wp-json\/wp\/v2\/pages"}],"about":[{"href":"https:\/\/qcgac.com\/tr\/wp-json\/wp\/v2\/types\/page"}],"author":[{"embeddable":true,"href":"https:\/\/qcgac.com\/tr\/wp-json\/wp\/v2\/users\/2"}],"replies":[{"embeddable":true,"href":"https:\/\/qcgac.com\/tr\/wp-json\/wp\/v2\/comments?post=309"}],"version-history":[{"count":2,"href":"https:\/\/qcgac.com\/tr\/wp-json\/wp\/v2\/pages\/309\/revisions"}],"predecessor-version":[{"id":351,"href":"https:\/\/qcgac.com\/tr\/wp-json\/wp\/v2\/pages\/309\/revisions\/351"}],"wp:attachment":[{"href":"https:\/\/qcgac.com\/tr\/wp-json\/wp\/v2\/media?parent=309"}],"curies":[{"name":"wp","href":"https:\/\/api.w.org\/{rel}","templated":true}]}}