{"id":298,"date":"2024-06-14T14:22:16","date_gmt":"2024-06-14T06:22:16","guid":{"rendered":"https:\/\/qcgac.com\/?page_id=298"},"modified":"2024-06-14T15:36:00","modified_gmt":"2024-06-14T07:36:00","slug":"nylon-cap-make","status":"publish","type":"page","link":"https:\/\/qcgac.com\/tr\/nylon-cap-make\/","title":{"rendered":"Naylon Kapak Yap\u0131m\u0131"},"content":{"rendered":"<h1 style=\"text-align: left;\"><strong>Naylon Kapak Yap\u0131m\u0131<\/strong><\/h1>\n<ol style=\"text-align: left;\">\n<li>d\u00fc\u011fme makinesi<\/li>\n<\/ol>\n<p style=\"text-align: left;\"><img loading=\"lazy\" decoding=\"async\" class=\"alignnone wp-image-299 size-large\" src=\"https:\/\/qcgac.com\/wp-content\/uploads\/2024\/06\/\u56fe\u72471-576x1024.png\" alt=\"\" width=\"576\" height=\"1024\" srcset=\"https:\/\/qcgac.com\/wp-content\/uploads\/2024\/06\/\u56fe\u72471-576x1024.png 576w, https:\/\/qcgac.com\/wp-content\/uploads\/2024\/06\/\u56fe\u72471-169x300.png 169w, https:\/\/qcgac.com\/wp-content\/uploads\/2024\/06\/\u56fe\u72471-7x12.png 7w, https:\/\/qcgac.com\/wp-content\/uploads\/2024\/06\/\u56fe\u72471.png 720w\" sizes=\"auto, (max-width: 576px) 100vw, 576px\" \/><\/p>\n<div style=\"width: 500px;\" class=\"wp-video\"><video class=\"wp-video-shortcode\" id=\"video-298-1\" width=\"500\" height=\"500\" preload=\"metadata\" controls=\"controls\"><source type=\"video\/mp4\" src=\"https:\/\/qcgac.com\/wp-content\/uploads\/2024\/06\/\u5851\u6599\u94ae\u6263\u751f\u4ea7.mp4?_=1\" \/><a href=\"https:\/\/qcgac.com\/wp-content\/uploads\/2024\/06\/\u5851\u6599\u94ae\u6263\u751f\u4ea7.mp4\">https:\/\/qcgac.com\/wp-content\/uploads\/2024\/06\/\u5851\u6599\u94ae\u6263\u751f\u4ea7.mp4<\/a><\/video><\/div>\n<ol style=\"text-align: left;\">\n<li>d\u00fc\u011fme kal\u0131p<\/li>\n<\/ol>\n<div style=\"width: 576px;\" class=\"wp-video\"><video class=\"wp-video-shortcode\" id=\"video-298-2\" width=\"576\" height=\"500\" preload=\"metadata\" controls=\"controls\"><source type=\"video\/mp4\" src=\"https:\/\/qcgac.com\/wp-content\/uploads\/2024\/06\/\u5851\u6599\u94ae\u6263\u6a21\u5177\u751f\u4ea7.mp4?_=2\" \/><a href=\"https:\/\/qcgac.com\/wp-content\/uploads\/2024\/06\/\u5851\u6599\u94ae\u6263\u6a21\u5177\u751f\u4ea7.mp4\">https:\/\/qcgac.com\/wp-content\/uploads\/2024\/06\/\u5851\u6599\u94ae\u6263\u6a21\u5177\u751f\u4ea7.mp4<\/a><\/video><\/div>\n<p style=\"text-align: left;\">3. Dikkat edilmesi gerekenler<\/p>\n<p style=\"text-align: left;\">\u0130yi bir kal\u0131p \u00fcr\u00fcn\u00fcn sa\u011flanmas\u0131nda en \u00f6nemli fakt\u00f6rd\u00fcr. \u0130yi bir kal\u0131p yaln\u0131zca \u00fcr\u00fcn\u00fcn boyutunu ve kal\u0131nl\u0131\u011f\u0131n\u0131 do\u011fru bir \u015fekilde sa\u011flamakla kalmaz, ayn\u0131 zamanda d\u00fc\u011fmelerin \u00e7apaks\u0131z olmas\u0131n\u0131 da sa\u011flar.<\/p>\n<h1 style=\"text-align: left;\"><strong>Naylon Kapak Ay\u0131rma<\/strong><\/h1>\n<ol style=\"text-align: left;\">\n<li>d\u00fc\u011fme makinesi<\/li>\n<\/ol>\n<div style=\"width: 544px;\" class=\"wp-video\"><video class=\"wp-video-shortcode\" id=\"video-298-3\" width=\"544\" height=\"960\" preload=\"metadata\" controls=\"controls\"><source type=\"video\/mp4\" src=\"https:\/\/qcgac.com\/wp-content\/uploads\/2024\/06\/884e8fa6a282194add73520749e7a327.mp4?_=3\" \/><a href=\"https:\/\/qcgac.com\/wp-content\/uploads\/2024\/06\/884e8fa6a282194add73520749e7a327.mp4\">https:\/\/qcgac.com\/wp-content\/uploads\/2024\/06\/884e8fa6a282194add73520749e7a327.mp4<\/a><\/video><\/div>\n<ol style=\"text-align: left;\">\n<li>Dikkat edilmesi gerekenler<\/li>\n<\/ol>\n<p style=\"text-align: left;\">Mevcut ay\u0131rma y\u00f6ntemleri, d\u00fc\u011fmelerin ve \u00e7er\u00e7evelerin manuel olarak kesilmesine ve ayr\u0131lmas\u0131na dayanmaktad\u0131r; ikincisi ise nozzle ay\u0131rma ve lazer ay\u0131rma makineleridir. Lazer ay\u0131rman\u0131n maliyeti \u00e7ok y\u00fcksektir, bu nedenle \u00e7o\u011fu fabrika nozullu ay\u0131rma makineleri kullan\u0131r. Nozul ay\u0131rma makinas\u0131n\u0131n avantajlar\u0131 ucuz, k\u00fc\u00e7\u00fck boyutlu ve h\u0131zl\u0131 olmas\u0131, dezavantaj\u0131 ise kal\u0131ba \u00e7ok ba\u011fl\u0131 olmas\u0131d\u0131r. Kal\u0131p \u00e7ok zay\u0131fsa ve ay\u0131rma noktas\u0131 d\u00fc\u011fmeden \u00e7ok uzaktaysa d\u00fc\u011fmenin \u00e7apaklar\u0131 uzun olacakt\u0131r.<\/p>\n<h1 style=\"text-align: left;\"><strong>Naylon D\u00fc\u011fme Cilas\u0131<\/strong><\/h1>\n<div style=\"width: 720px;\" class=\"wp-video\"><video class=\"wp-video-shortcode\" id=\"video-298-4\" width=\"720\" height=\"1280\" preload=\"metadata\" controls=\"controls\"><source type=\"video\/mp4\" src=\"https:\/\/qcgac.com\/wp-content\/uploads\/2024\/06\/6f36bf779974ea63d41b827a7bca6226.mp4?_=4\" \/><a href=\"https:\/\/qcgac.com\/wp-content\/uploads\/2024\/06\/6f36bf779974ea63d41b827a7bca6226.mp4\">https:\/\/qcgac.com\/wp-content\/uploads\/2024\/06\/6f36bf779974ea63d41b827a7bca6226.mp4<\/a><\/video><\/div>\n<p style=\"text-align: left;\">\u00c7apaklar\u0131n nozullu ay\u0131rma makinesi kullan\u0131larak giderilemedi\u011fi durumlarda, \u00e7apaklar\u0131 gidermek i\u00e7in so\u011fuk nitrojen havas\u0131 kullan\u0131labilir.<\/p>\n<h1 style=\"text-align: left;\"><strong>Naylon D\u00fc\u011fme Montaj\u0131<\/strong><\/h1>\n<h1 style=\"text-align: left;\"><strong>Naylon Bitmi\u015f D\u00fc\u011fme<\/strong><\/h1>\n<ol style=\"text-align: left;\">\n<li>Bitti D\u00fc\u011fmesi<\/li>\n<\/ol>\n<p style=\"text-align: left;\"><img loading=\"lazy\" decoding=\"async\" class=\"size-full wp-image-343 alignleft\" src=\"https:\/\/qcgac.com\/wp-content\/uploads\/2024\/06\/WX20240614-153521@2x.png\" alt=\"\" width=\"1006\" height=\"1024\" srcset=\"https:\/\/qcgac.com\/wp-content\/uploads\/2024\/06\/WX20240614-153521@2x.png 1006w, https:\/\/qcgac.com\/wp-content\/uploads\/2024\/06\/WX20240614-153521@2x-295x300.png 295w, https:\/\/qcgac.com\/wp-content\/uploads\/2024\/06\/WX20240614-153521@2x-768x782.png 768w, https:\/\/qcgac.com\/wp-content\/uploads\/2024\/06\/WX20240614-153521@2x-12x12.png 12w\" sizes=\"auto, (max-width: 1006px) 100vw, 1006px\" \/><\/p>","protected":false},"excerpt":{"rendered":"<p>Nylon Cap Make button machine button mold 3.Things to note A good mold is the most important factor in ensuring the product. A good mold can not only accurately ensure the size and thickness of the product, but also make the buttons burr-free. Nylon Cap Separation button machine Things to note The current separation methods [&hellip;]<\/p>\n","protected":false},"author":2,"featured_media":0,"parent":0,"menu_order":0,"comment_status":"closed","ping_status":"closed","template":"page\/application.php","meta":{"_uf_show_specific_survey":0,"_uf_disable_surveys":false,"footnotes":""},"class_list":["post-298","page","type-page","status-publish","hentry"],"yoast_head":"<!-- This site is optimized with the Yoast SEO plugin v27.4 - https:\/\/yoast.com\/product\/yoast-seo-wordpress\/ -->\n<title>Nylon Cap Make - Foshan Qingchen Garment Accessories Co., Ltd.<\/title>\n<meta name=\"robots\" content=\"index, follow, max-snippet:-1, max-image-preview:large, max-video-preview:-1\" \/>\n<link rel=\"canonical\" href=\"https:\/\/qcgac.com\/tr\/nylon-cap-make\/\" \/>\n<meta property=\"og:locale\" content=\"tr_TR\" \/>\n<meta property=\"og:type\" content=\"article\" \/>\n<meta property=\"og:title\" content=\"Nylon Cap Make - Foshan Qingchen Garment Accessories Co., Ltd.\" \/>\n<meta property=\"og:description\" content=\"Nylon Cap Make button machine button mold 3.Things to note A good mold is the most important factor in ensuring the product. A good mold can not only accurately ensure the size and thickness of the product, but also make the buttons burr-free. Nylon Cap Separation button machine Things to note The current separation methods [&hellip;]\" \/>\n<meta property=\"og:url\" content=\"https:\/\/qcgac.com\/tr\/nylon-cap-make\/\" \/>\n<meta property=\"og:site_name\" content=\"Foshan Qingchen Garment Accessories Co., Ltd.\" \/>\n<meta property=\"article:publisher\" content=\"https:\/\/www.facebook.com\/qcbutton\" \/>\n<meta property=\"article:modified_time\" content=\"2024-06-14T07:36:00+00:00\" \/>\n<meta property=\"og:image\" content=\"https:\/\/qcgac.com\/wp-content\/uploads\/2024\/06\/WX20240614-153521@2x.png\" \/>\n<meta name=\"twitter:card\" content=\"summary_large_image\" \/>\n<meta name=\"twitter:label1\" content=\"Tahmini okuma s\u00fcresi\" \/>\n\t<meta name=\"twitter:data1\" content=\"1 dakika\" \/>\n<script type=\"application\/ld+json\" class=\"yoast-schema-graph\">{\"@context\":\"https:\\\/\\\/schema.org\",\"@graph\":[{\"@type\":\"WebPage\",\"@id\":\"https:\\\/\\\/qcgac.com\\\/nylon-cap-make\\\/\",\"url\":\"https:\\\/\\\/qcgac.com\\\/nylon-cap-make\\\/\",\"name\":\"Nylon Cap Make - Foshan Qingchen Garment Accessories Co., Ltd.\",\"isPartOf\":{\"@id\":\"https:\\\/\\\/qcgac.com\\\/#website\"},\"primaryImageOfPage\":{\"@id\":\"https:\\\/\\\/qcgac.com\\\/nylon-cap-make\\\/#primaryimage\"},\"image\":{\"@id\":\"https:\\\/\\\/qcgac.com\\\/nylon-cap-make\\\/#primaryimage\"},\"thumbnailUrl\":\"https:\\\/\\\/qcgac.com\\\/wp-content\\\/uploads\\\/2024\\\/06\\\/WX20240614-153521@2x.png\",\"datePublished\":\"2024-06-14T06:22:16+00:00\",\"dateModified\":\"2024-06-14T07:36:00+00:00\",\"breadcrumb\":{\"@id\":\"https:\\\/\\\/qcgac.com\\\/nylon-cap-make\\\/#breadcrumb\"},\"inLanguage\":\"tr\",\"potentialAction\":[{\"@type\":\"ReadAction\",\"target\":[\"https:\\\/\\\/qcgac.com\\\/nylon-cap-make\\\/\"]}]},{\"@type\":\"ImageObject\",\"inLanguage\":\"tr\",\"@id\":\"https:\\\/\\\/qcgac.com\\\/nylon-cap-make\\\/#primaryimage\",\"url\":\"https:\\\/\\\/qcgac.com\\\/wp-content\\\/uploads\\\/2024\\\/06\\\/WX20240614-153521@2x.png\",\"contentUrl\":\"https:\\\/\\\/qcgac.com\\\/wp-content\\\/uploads\\\/2024\\\/06\\\/WX20240614-153521@2x.png\"},{\"@type\":\"BreadcrumbList\",\"@id\":\"https:\\\/\\\/qcgac.com\\\/nylon-cap-make\\\/#breadcrumb\",\"itemListElement\":[{\"@type\":\"ListItem\",\"position\":1,\"name\":\"\u9996\u9875\",\"item\":\"https:\\\/\\\/qcgac.com\\\/\"},{\"@type\":\"ListItem\",\"position\":2,\"name\":\"Nylon Cap Make\"}]},{\"@type\":\"WebSite\",\"@id\":\"https:\\\/\\\/qcgac.com\\\/#website\",\"url\":\"https:\\\/\\\/qcgac.com\\\/\",\"name\":\"Foshan Qingchen Garment Accessories Co., Ltd.\",\"description\":\"Premier Garment Accessories Manufacturer - Foshan Qingchen Garment Accessories Co., Ltd.\",\"publisher\":{\"@id\":\"https:\\\/\\\/qcgac.com\\\/#organization\"},\"potentialAction\":[{\"@type\":\"SearchAction\",\"target\":{\"@type\":\"EntryPoint\",\"urlTemplate\":\"https:\\\/\\\/qcgac.com\\\/?s={search_term_string}\"},\"query-input\":{\"@type\":\"PropertyValueSpecification\",\"valueRequired\":true,\"valueName\":\"search_term_string\"}}],\"inLanguage\":\"tr\"},{\"@type\":\"Organization\",\"@id\":\"https:\\\/\\\/qcgac.com\\\/#organization\",\"name\":\"Foshan Qingchen Garment Accessories Co., Ltd.\",\"url\":\"https:\\\/\\\/qcgac.com\\\/\",\"logo\":{\"@type\":\"ImageObject\",\"inLanguage\":\"tr\",\"@id\":\"https:\\\/\\\/qcgac.com\\\/#\\\/schema\\\/logo\\\/image\\\/\",\"url\":\"https:\\\/\\\/qcgac.com\\\/wp-content\\\/uploads\\\/2024\\\/06\\\/cropped-22.png\",\"contentUrl\":\"https:\\\/\\\/qcgac.com\\\/wp-content\\\/uploads\\\/2024\\\/06\\\/cropped-22.png\",\"width\":512,\"height\":512,\"caption\":\"Foshan Qingchen Garment Accessories Co., Ltd.\"},\"image\":{\"@id\":\"https:\\\/\\\/qcgac.com\\\/#\\\/schema\\\/logo\\\/image\\\/\"},\"sameAs\":[\"https:\\\/\\\/www.facebook.com\\\/qcbutton\",\"https:\\\/\\\/www.linkedin.com\\\/in\\\/neal-qcfactory-qcgac\\\/\"]}]}<\/script>\n<!-- \/ Yoast SEO plugin. -->","yoast_head_json":{"title":"Nylon Cap Make - Foshan Qingchen Garment Accessories Co., Ltd.","robots":{"index":"index","follow":"follow","max-snippet":"max-snippet:-1","max-image-preview":"max-image-preview:large","max-video-preview":"max-video-preview:-1"},"canonical":"https:\/\/qcgac.com\/tr\/nylon-cap-make\/","og_locale":"tr_TR","og_type":"article","og_title":"Nylon Cap Make - Foshan Qingchen Garment Accessories Co., Ltd.","og_description":"Nylon Cap Make button machine button mold 3.Things to note A good mold is the most important factor in ensuring the product. A good mold can not only accurately ensure the size and thickness of the product, but also make the buttons burr-free. Nylon Cap Separation button machine Things to note The current separation methods [&hellip;]","og_url":"https:\/\/qcgac.com\/tr\/nylon-cap-make\/","og_site_name":"Foshan Qingchen Garment Accessories Co., Ltd.","article_publisher":"https:\/\/www.facebook.com\/qcbutton","article_modified_time":"2024-06-14T07:36:00+00:00","og_image":[{"url":"https:\/\/qcgac.com\/wp-content\/uploads\/2024\/06\/WX20240614-153521@2x.png","type":"","width":"","height":""}],"twitter_card":"summary_large_image","twitter_misc":{"Tahmini okuma s\u00fcresi":"1 dakika"},"schema":{"@context":"https:\/\/schema.org","@graph":[{"@type":"WebPage","@id":"https:\/\/qcgac.com\/nylon-cap-make\/","url":"https:\/\/qcgac.com\/nylon-cap-make\/","name":"Nylon Cap Make - Foshan Qingchen Garment Accessories Co., Ltd.","isPartOf":{"@id":"https:\/\/qcgac.com\/#website"},"primaryImageOfPage":{"@id":"https:\/\/qcgac.com\/nylon-cap-make\/#primaryimage"},"image":{"@id":"https:\/\/qcgac.com\/nylon-cap-make\/#primaryimage"},"thumbnailUrl":"https:\/\/qcgac.com\/wp-content\/uploads\/2024\/06\/WX20240614-153521@2x.png","datePublished":"2024-06-14T06:22:16+00:00","dateModified":"2024-06-14T07:36:00+00:00","breadcrumb":{"@id":"https:\/\/qcgac.com\/nylon-cap-make\/#breadcrumb"},"inLanguage":"tr","potentialAction":[{"@type":"ReadAction","target":["https:\/\/qcgac.com\/nylon-cap-make\/"]}]},{"@type":"ImageObject","inLanguage":"tr","@id":"https:\/\/qcgac.com\/nylon-cap-make\/#primaryimage","url":"https:\/\/qcgac.com\/wp-content\/uploads\/2024\/06\/WX20240614-153521@2x.png","contentUrl":"https:\/\/qcgac.com\/wp-content\/uploads\/2024\/06\/WX20240614-153521@2x.png"},{"@type":"BreadcrumbList","@id":"https:\/\/qcgac.com\/nylon-cap-make\/#breadcrumb","itemListElement":[{"@type":"ListItem","position":1,"name":"\u9996\u9875","item":"https:\/\/qcgac.com\/"},{"@type":"ListItem","position":2,"name":"Nylon Cap Make"}]},{"@type":"WebSite","@id":"https:\/\/qcgac.com\/#website","url":"https:\/\/qcgac.com\/","name":"Foshan Qingchen Konfeksiyon Aksesuarlar\u0131 Co, Ltd","description":"\u00d6nde Gelen Giyim Aksesuarlar\u0131 \u00dcreticisi - Foshan Qingchen Giyim Aksesuarlar\u0131 Co., Ltd.","publisher":{"@id":"https:\/\/qcgac.com\/#organization"},"potentialAction":[{"@type":"SearchAction","target":{"@type":"EntryPoint","urlTemplate":"https:\/\/qcgac.com\/?s={search_term_string}"},"query-input":{"@type":"PropertyValueSpecification","valueRequired":true,"valueName":"search_term_string"}}],"inLanguage":"tr"},{"@type":"Organization","@id":"https:\/\/qcgac.com\/#organization","name":"Foshan Qingchen Konfeksiyon Aksesuarlar\u0131 Co, Ltd","url":"https:\/\/qcgac.com\/","logo":{"@type":"ImageObject","inLanguage":"tr","@id":"https:\/\/qcgac.com\/#\/schema\/logo\/image\/","url":"https:\/\/qcgac.com\/wp-content\/uploads\/2024\/06\/cropped-22.png","contentUrl":"https:\/\/qcgac.com\/wp-content\/uploads\/2024\/06\/cropped-22.png","width":512,"height":512,"caption":"Foshan Qingchen Garment Accessories Co., Ltd."},"image":{"@id":"https:\/\/qcgac.com\/#\/schema\/logo\/image\/"},"sameAs":["https:\/\/www.facebook.com\/qcbutton","https:\/\/www.linkedin.com\/in\/neal-qcfactory-qcgac\/"]}]}},"_links":{"self":[{"href":"https:\/\/qcgac.com\/tr\/wp-json\/wp\/v2\/pages\/298","targetHints":{"allow":["GET"]}}],"collection":[{"href":"https:\/\/qcgac.com\/tr\/wp-json\/wp\/v2\/pages"}],"about":[{"href":"https:\/\/qcgac.com\/tr\/wp-json\/wp\/v2\/types\/page"}],"author":[{"embeddable":true,"href":"https:\/\/qcgac.com\/tr\/wp-json\/wp\/v2\/users\/2"}],"replies":[{"embeddable":true,"href":"https:\/\/qcgac.com\/tr\/wp-json\/wp\/v2\/comments?post=298"}],"version-history":[{"count":7,"href":"https:\/\/qcgac.com\/tr\/wp-json\/wp\/v2\/pages\/298\/revisions"}],"predecessor-version":[{"id":345,"href":"https:\/\/qcgac.com\/tr\/wp-json\/wp\/v2\/pages\/298\/revisions\/345"}],"wp:attachment":[{"href":"https:\/\/qcgac.com\/tr\/wp-json\/wp\/v2\/media?parent=298"}],"curies":[{"name":"wp","href":"https:\/\/api.w.org\/{rel}","templated":true}]}}