{"id":21,"date":"2023-12-10T21:12:20","date_gmt":"2023-12-10T13:12:20","guid":{"rendered":"https:\/\/qcgac.com\/?page_id=21"},"modified":"2023-12-10T22:26:39","modified_gmt":"2023-12-10T14:26:39","slug":"about","status":"publish","type":"page","link":"https:\/\/qcgac.com\/tr\/about\/","title":{"rendered":"hakk\u0131nda"},"content":{"rendered":"<p>Foshan Qingchen Konfeksiyon Aksesuarlar\u0131 Co., Ltd., Guangdong Eyaleti, Foshan \u015eehri, Sanshui B\u00f6lgesi&#039;nde bulunan bir giysi aksesuarlar\u0131 \u00fcreticisidir. \u015eirket 30 y\u0131l\u0131 a\u015fk\u0131n bir s\u00fcredir giysi aksesuarlar\u0131n\u0131n \u00fcretimi ve ara\u015ft\u0131rmas\u0131na odaklanmaktad\u0131r. Zengin end\u00fcstri deneyimine ve olgun bir \u00fcretim tedarik zincirine sahiptir ve end\u00fcstrinin ihtiya\u00e7lar\u0131 konusunda keskin bir anlay\u0131\u015fa sahiptir.<\/p>\n<p>&nbsp;<\/p>","protected":false},"excerpt":{"rendered":"<p>Foshan Qingchen Garment Accessories Co., Ltd. is a garment accessories manufacturer located in Sanshui District, Foshan City, Guangdong Province. The company has been focusing on the production and research of garment accessories for more than 30 years. It has rich industry experience and a mature production supply chain, and has a keen insight into the [&hellip;]<\/p>\n","protected":false},"author":2,"featured_media":0,"parent":0,"menu_order":0,"comment_status":"closed","ping_status":"closed","template":"page\/about.php","meta":{"_uf_show_specific_survey":0,"_uf_disable_surveys":false,"footnotes":""},"class_list":["post-21","page","type-page","status-publish","hentry"],"yoast_head":"<!-- This site is optimized with the Yoast SEO plugin v27.4 - https:\/\/yoast.com\/product\/yoast-seo-wordpress\/ -->\n<title>about - Foshan Qingchen Garment Accessories Co., Ltd.<\/title>\n<meta name=\"robots\" content=\"index, follow, max-snippet:-1, max-image-preview:large, max-video-preview:-1\" \/>\n<link rel=\"canonical\" href=\"https:\/\/qcgac.com\/tr\/about\/\" \/>\n<meta property=\"og:locale\" content=\"tr_TR\" \/>\n<meta property=\"og:type\" content=\"article\" \/>\n<meta property=\"og:title\" content=\"about - Foshan Qingchen Garment Accessories Co., Ltd.\" \/>\n<meta property=\"og:description\" content=\"Foshan Qingchen Garment Accessories Co., Ltd. is a garment accessories manufacturer located in Sanshui District, Foshan City, Guangdong Province. The company has been focusing on the production and research of garment accessories for more than 30 years. It has rich industry experience and a mature production supply chain, and has a keen insight into the [&hellip;]\" \/>\n<meta property=\"og:url\" content=\"https:\/\/qcgac.com\/tr\/about\/\" \/>\n<meta property=\"og:site_name\" content=\"Foshan Qingchen Garment Accessories Co., Ltd.\" \/>\n<meta property=\"article:publisher\" content=\"https:\/\/www.facebook.com\/qcbutton\" \/>\n<meta property=\"article:modified_time\" content=\"2023-12-10T14:26:39+00:00\" \/>\n<meta name=\"twitter:card\" content=\"summary_large_image\" \/>\n<script type=\"application\/ld+json\" class=\"yoast-schema-graph\">{\"@context\":\"https:\\\/\\\/schema.org\",\"@graph\":[{\"@type\":\"WebPage\",\"@id\":\"https:\\\/\\\/qcgac.com\\\/about\\\/\",\"url\":\"https:\\\/\\\/qcgac.com\\\/about\\\/\",\"name\":\"about - Foshan Qingchen Garment Accessories Co., Ltd.\",\"isPartOf\":{\"@id\":\"https:\\\/\\\/qcgac.com\\\/#website\"},\"datePublished\":\"2023-12-10T13:12:20+00:00\",\"dateModified\":\"2023-12-10T14:26:39+00:00\",\"breadcrumb\":{\"@id\":\"https:\\\/\\\/qcgac.com\\\/about\\\/#breadcrumb\"},\"inLanguage\":\"tr\",\"potentialAction\":[{\"@type\":\"ReadAction\",\"target\":[\"https:\\\/\\\/qcgac.com\\\/about\\\/\"]}]},{\"@type\":\"BreadcrumbList\",\"@id\":\"https:\\\/\\\/qcgac.com\\\/about\\\/#breadcrumb\",\"itemListElement\":[{\"@type\":\"ListItem\",\"position\":1,\"name\":\"\u9996\u9875\",\"item\":\"https:\\\/\\\/qcgac.com\\\/\"},{\"@type\":\"ListItem\",\"position\":2,\"name\":\"about\"}]},{\"@type\":\"WebSite\",\"@id\":\"https:\\\/\\\/qcgac.com\\\/#website\",\"url\":\"https:\\\/\\\/qcgac.com\\\/\",\"name\":\"Foshan Qingchen Garment Accessories Co., Ltd.\",\"description\":\"Premier Garment Accessories Manufacturer - Foshan Qingchen Garment Accessories Co., Ltd.\",\"publisher\":{\"@id\":\"https:\\\/\\\/qcgac.com\\\/#organization\"},\"potentialAction\":[{\"@type\":\"SearchAction\",\"target\":{\"@type\":\"EntryPoint\",\"urlTemplate\":\"https:\\\/\\\/qcgac.com\\\/?s={search_term_string}\"},\"query-input\":{\"@type\":\"PropertyValueSpecification\",\"valueRequired\":true,\"valueName\":\"search_term_string\"}}],\"inLanguage\":\"tr\"},{\"@type\":\"Organization\",\"@id\":\"https:\\\/\\\/qcgac.com\\\/#organization\",\"name\":\"Foshan Qingchen Garment Accessories Co., Ltd.\",\"url\":\"https:\\\/\\\/qcgac.com\\\/\",\"logo\":{\"@type\":\"ImageObject\",\"inLanguage\":\"tr\",\"@id\":\"https:\\\/\\\/qcgac.com\\\/#\\\/schema\\\/logo\\\/image\\\/\",\"url\":\"https:\\\/\\\/qcgac.com\\\/wp-content\\\/uploads\\\/2024\\\/06\\\/cropped-22.png\",\"contentUrl\":\"https:\\\/\\\/qcgac.com\\\/wp-content\\\/uploads\\\/2024\\\/06\\\/cropped-22.png\",\"width\":512,\"height\":512,\"caption\":\"Foshan Qingchen Garment Accessories Co., Ltd.\"},\"image\":{\"@id\":\"https:\\\/\\\/qcgac.com\\\/#\\\/schema\\\/logo\\\/image\\\/\"},\"sameAs\":[\"https:\\\/\\\/www.facebook.com\\\/qcbutton\",\"https:\\\/\\\/www.linkedin.com\\\/in\\\/neal-qcfactory-qcgac\\\/\"]}]}<\/script>\n<!-- \/ Yoast SEO plugin. -->","yoast_head_json":{"title":"hakk\u0131nda - Foshan Qingchen Giyim Aksesuarlar\u0131 Co., Ltd.","robots":{"index":"index","follow":"follow","max-snippet":"max-snippet:-1","max-image-preview":"max-image-preview:large","max-video-preview":"max-video-preview:-1"},"canonical":"https:\/\/qcgac.com\/tr\/about\/","og_locale":"tr_TR","og_type":"article","og_title":"about - Foshan Qingchen Garment Accessories Co., Ltd.","og_description":"Foshan Qingchen Garment Accessories Co., Ltd. is a garment accessories manufacturer located in Sanshui District, Foshan City, Guangdong Province. The company has been focusing on the production and research of garment accessories for more than 30 years. It has rich industry experience and a mature production supply chain, and has a keen insight into the [&hellip;]","og_url":"https:\/\/qcgac.com\/tr\/about\/","og_site_name":"Foshan Qingchen Garment Accessories Co., Ltd.","article_publisher":"https:\/\/www.facebook.com\/qcbutton","article_modified_time":"2023-12-10T14:26:39+00:00","twitter_card":"summary_large_image","schema":{"@context":"https:\/\/schema.org","@graph":[{"@type":"WebPage","@id":"https:\/\/qcgac.com\/about\/","url":"https:\/\/qcgac.com\/about\/","name":"hakk\u0131nda - Foshan Qingchen Giyim Aksesuarlar\u0131 Co., Ltd.","isPartOf":{"@id":"https:\/\/qcgac.com\/#website"},"datePublished":"2023-12-10T13:12:20+00:00","dateModified":"2023-12-10T14:26:39+00:00","breadcrumb":{"@id":"https:\/\/qcgac.com\/about\/#breadcrumb"},"inLanguage":"tr","potentialAction":[{"@type":"ReadAction","target":["https:\/\/qcgac.com\/about\/"]}]},{"@type":"BreadcrumbList","@id":"https:\/\/qcgac.com\/about\/#breadcrumb","itemListElement":[{"@type":"ListItem","position":1,"name":"\u9996\u9875","item":"https:\/\/qcgac.com\/"},{"@type":"ListItem","position":2,"name":"about"}]},{"@type":"WebSite","@id":"https:\/\/qcgac.com\/#website","url":"https:\/\/qcgac.com\/","name":"Foshan Qingchen Konfeksiyon Aksesuarlar\u0131 Co, Ltd","description":"\u00d6nde Gelen Giyim Aksesuarlar\u0131 \u00dcreticisi - Foshan Qingchen Giyim Aksesuarlar\u0131 Co., Ltd.","publisher":{"@id":"https:\/\/qcgac.com\/#organization"},"potentialAction":[{"@type":"SearchAction","target":{"@type":"EntryPoint","urlTemplate":"https:\/\/qcgac.com\/?s={search_term_string}"},"query-input":{"@type":"PropertyValueSpecification","valueRequired":true,"valueName":"search_term_string"}}],"inLanguage":"tr"},{"@type":"Organization","@id":"https:\/\/qcgac.com\/#organization","name":"Foshan Qingchen Konfeksiyon Aksesuarlar\u0131 Co, Ltd","url":"https:\/\/qcgac.com\/","logo":{"@type":"ImageObject","inLanguage":"tr","@id":"https:\/\/qcgac.com\/#\/schema\/logo\/image\/","url":"https:\/\/qcgac.com\/wp-content\/uploads\/2024\/06\/cropped-22.png","contentUrl":"https:\/\/qcgac.com\/wp-content\/uploads\/2024\/06\/cropped-22.png","width":512,"height":512,"caption":"Foshan Qingchen Garment Accessories Co., Ltd."},"image":{"@id":"https:\/\/qcgac.com\/#\/schema\/logo\/image\/"},"sameAs":["https:\/\/www.facebook.com\/qcbutton","https:\/\/www.linkedin.com\/in\/neal-qcfactory-qcgac\/"]}]}},"_links":{"self":[{"href":"https:\/\/qcgac.com\/tr\/wp-json\/wp\/v2\/pages\/21","targetHints":{"allow":["GET"]}}],"collection":[{"href":"https:\/\/qcgac.com\/tr\/wp-json\/wp\/v2\/pages"}],"about":[{"href":"https:\/\/qcgac.com\/tr\/wp-json\/wp\/v2\/types\/page"}],"author":[{"embeddable":true,"href":"https:\/\/qcgac.com\/tr\/wp-json\/wp\/v2\/users\/2"}],"replies":[{"embeddable":true,"href":"https:\/\/qcgac.com\/tr\/wp-json\/wp\/v2\/comments?post=21"}],"version-history":[{"count":3,"href":"https:\/\/qcgac.com\/tr\/wp-json\/wp\/v2\/pages\/21\/revisions"}],"predecessor-version":[{"id":87,"href":"https:\/\/qcgac.com\/tr\/wp-json\/wp\/v2\/pages\/21\/revisions\/87"}],"wp:attachment":[{"href":"https:\/\/qcgac.com\/tr\/wp-json\/wp\/v2\/media?parent=21"}],"curies":[{"name":"wp","href":"https:\/\/api.w.org\/{rel}","templated":true}]}}