{"id":361,"date":"2024-06-17T16:54:22","date_gmt":"2024-06-17T08:54:22","guid":{"rendered":"https:\/\/qcgac.com\/?page_id=361"},"modified":"2024-06-17T16:54:27","modified_gmt":"2024-06-17T08:54:27","slug":"lower-body-garments","status":"publish","type":"page","link":"https:\/\/qcgac.com\/es\/lower-body-garments\/","title":{"rendered":"Prendas para la parte inferior del cuerpo"},"content":{"rendered":"<p style=\"text-align: center;\">Pantalones<\/p>\n<p style=\"text-align: center;\">\u00a0 <img loading=\"lazy\" decoding=\"async\" class=\"alignnone size-full wp-image-363\" src=\"https:\/\/qcgac.com\/wp-content\/uploads\/2024\/06\/\u56fe\u72473-1.png\" alt=\"\" width=\"750\" height=\"750\" srcset=\"https:\/\/qcgac.com\/wp-content\/uploads\/2024\/06\/\u56fe\u72473-1.png 750w, https:\/\/qcgac.com\/wp-content\/uploads\/2024\/06\/\u56fe\u72473-1-300x300.png 300w, https:\/\/qcgac.com\/wp-content\/uploads\/2024\/06\/\u56fe\u72473-1-150x150.png 150w, https:\/\/qcgac.com\/wp-content\/uploads\/2024\/06\/\u56fe\u72473-1-12x12.png 12w\" sizes=\"auto, (max-width: 750px) 100vw, 750px\" \/><\/p>\n<p style=\"text-align: center;\">Los botones pueden asegurar el cierre de los pantalones, haci\u00e9ndolos m\u00e1s c\u00f3modos de usar y m\u00e1s f\u00e1ciles de poner.<\/p>\n<p style=\"text-align: center;\">Pantalones<\/p>\n<p style=\"text-align: center;\"><img loading=\"lazy\" decoding=\"async\" class=\"alignnone size-full wp-image-364\" src=\"https:\/\/qcgac.com\/wp-content\/uploads\/2024\/06\/\u56fe\u72475-1.png\" alt=\"\" width=\"750\" height=\"750\" srcset=\"https:\/\/qcgac.com\/wp-content\/uploads\/2024\/06\/\u56fe\u72475-1.png 750w, https:\/\/qcgac.com\/wp-content\/uploads\/2024\/06\/\u56fe\u72475-1-300x300.png 300w, https:\/\/qcgac.com\/wp-content\/uploads\/2024\/06\/\u56fe\u72475-1-150x150.png 150w, https:\/\/qcgac.com\/wp-content\/uploads\/2024\/06\/\u56fe\u72475-1-12x12.png 12w\" sizes=\"auto, (max-width: 750px) 100vw, 750px\" \/><\/p>\n<p style=\"text-align: center;\">Los botones aplicados a los pantalones pueden ajustar la tensi\u00f3n de la cintura, mejorando la comodidad y el ajuste.<\/p>\n<p style=\"text-align: center;\">Falda<\/p>\n<p style=\"text-align: center;\">Los botones ayudan a que las faldas se ajusten mejor al cuerpo y brindan cierre, lo que agrega comodidad al usarlas.<\/p>\n<p style=\"text-align: center;\">Bermudas<\/p>\n<p style=\"text-align: center;\"><img loading=\"lazy\" decoding=\"async\" class=\"alignnone size-full wp-image-365\" src=\"https:\/\/qcgac.com\/wp-content\/uploads\/2024\/06\/\u56fe\u72476-1.png\" alt=\"\" width=\"750\" height=\"750\" srcset=\"https:\/\/qcgac.com\/wp-content\/uploads\/2024\/06\/\u56fe\u72476-1.png 750w, https:\/\/qcgac.com\/wp-content\/uploads\/2024\/06\/\u56fe\u72476-1-300x300.png 300w, https:\/\/qcgac.com\/wp-content\/uploads\/2024\/06\/\u56fe\u72476-1-150x150.png 150w, https:\/\/qcgac.com\/wp-content\/uploads\/2024\/06\/\u56fe\u72476-1-12x12.png 12w\" sizes=\"auto, (max-width: 750px) 100vw, 750px\" \/><\/p>\n<p style=\"text-align: center;\">Los botones garantizan el ajuste de los pantalones cortos y al mismo tiempo sirven como parte del dise\u00f1o, a\u00f1adiendo estilo al aspecto general.<\/p>\n<p style=\"text-align: center;\">","protected":false},"excerpt":{"rendered":"<p>Pants \u00a0 Buttons can secure the closure of pants, making them more comfortable to wear and easier to put on. Trousers Buttons applied to trousers can adjust the waist's tightness, improving comfort and fit. Skirt Buttons help skirts better conform to the body and provide closure, adding convenience to wearing. Shorts Buttons ensure the fit [&hellip;]<\/p>\n","protected":false},"author":2,"featured_media":0,"parent":0,"menu_order":0,"comment_status":"closed","ping_status":"closed","template":"page\/application.php","meta":{"_uf_show_specific_survey":0,"_uf_disable_surveys":false,"footnotes":""},"class_list":["post-361","page","type-page","status-publish","hentry"],"yoast_head":"<!-- This site is optimized with the Yoast SEO plugin v27.4 - https:\/\/yoast.com\/product\/yoast-seo-wordpress\/ -->\n<title>Lower Body Garments - Foshan Qingchen Garment Accessories Co., Ltd.<\/title>\n<meta name=\"robots\" content=\"index, follow, max-snippet:-1, max-image-preview:large, max-video-preview:-1\" \/>\n<link rel=\"canonical\" href=\"https:\/\/qcgac.com\/es\/lower-body-garments\/\" \/>\n<meta property=\"og:locale\" content=\"es_ES\" \/>\n<meta property=\"og:type\" content=\"article\" \/>\n<meta property=\"og:title\" content=\"Lower Body Garments - Foshan Qingchen Garment Accessories Co., Ltd.\" \/>\n<meta property=\"og:description\" content=\"Pants \u00a0 Buttons can secure the closure of pants, making them more comfortable to wear and easier to put on. Trousers Buttons applied to trousers can adjust the waist&#039;s tightness, improving comfort and fit. Skirt Buttons help skirts better conform to the body and provide closure, adding convenience to wearing. Shorts Buttons ensure the fit [&hellip;]\" \/>\n<meta property=\"og:url\" content=\"https:\/\/qcgac.com\/es\/lower-body-garments\/\" \/>\n<meta property=\"og:site_name\" content=\"Foshan Qingchen Garment Accessories Co., Ltd.\" \/>\n<meta property=\"article:publisher\" content=\"https:\/\/www.facebook.com\/qcbutton\" \/>\n<meta property=\"article:modified_time\" content=\"2024-06-17T08:54:27+00:00\" \/>\n<meta name=\"twitter:card\" content=\"summary_large_image\" \/>\n<script type=\"application\/ld+json\" class=\"yoast-schema-graph\">{\"@context\":\"https:\\\/\\\/schema.org\",\"@graph\":[{\"@type\":\"WebPage\",\"@id\":\"https:\\\/\\\/qcgac.com\\\/lower-body-garments\\\/\",\"url\":\"https:\\\/\\\/qcgac.com\\\/lower-body-garments\\\/\",\"name\":\"Lower Body Garments - Foshan Qingchen Garment Accessories Co., Ltd.\",\"isPartOf\":{\"@id\":\"https:\\\/\\\/qcgac.com\\\/#website\"},\"datePublished\":\"2024-06-17T08:54:22+00:00\",\"dateModified\":\"2024-06-17T08:54:27+00:00\",\"breadcrumb\":{\"@id\":\"https:\\\/\\\/qcgac.com\\\/lower-body-garments\\\/#breadcrumb\"},\"inLanguage\":\"es\",\"potentialAction\":[{\"@type\":\"ReadAction\",\"target\":[\"https:\\\/\\\/qcgac.com\\\/lower-body-garments\\\/\"]}]},{\"@type\":\"BreadcrumbList\",\"@id\":\"https:\\\/\\\/qcgac.com\\\/lower-body-garments\\\/#breadcrumb\",\"itemListElement\":[{\"@type\":\"ListItem\",\"position\":1,\"name\":\"\u9996\u9875\",\"item\":\"https:\\\/\\\/qcgac.com\\\/\"},{\"@type\":\"ListItem\",\"position\":2,\"name\":\"Lower Body Garments\"}]},{\"@type\":\"WebSite\",\"@id\":\"https:\\\/\\\/qcgac.com\\\/#website\",\"url\":\"https:\\\/\\\/qcgac.com\\\/\",\"name\":\"Foshan Qingchen Garment Accessories Co., Ltd.\",\"description\":\"Premier Garment Accessories Manufacturer - Foshan Qingchen Garment Accessories Co., Ltd.\",\"publisher\":{\"@id\":\"https:\\\/\\\/qcgac.com\\\/#organization\"},\"potentialAction\":[{\"@type\":\"SearchAction\",\"target\":{\"@type\":\"EntryPoint\",\"urlTemplate\":\"https:\\\/\\\/qcgac.com\\\/?s={search_term_string}\"},\"query-input\":{\"@type\":\"PropertyValueSpecification\",\"valueRequired\":true,\"valueName\":\"search_term_string\"}}],\"inLanguage\":\"es\"},{\"@type\":\"Organization\",\"@id\":\"https:\\\/\\\/qcgac.com\\\/#organization\",\"name\":\"Foshan Qingchen Garment Accessories Co., Ltd.\",\"url\":\"https:\\\/\\\/qcgac.com\\\/\",\"logo\":{\"@type\":\"ImageObject\",\"inLanguage\":\"es\",\"@id\":\"https:\\\/\\\/qcgac.com\\\/#\\\/schema\\\/logo\\\/image\\\/\",\"url\":\"https:\\\/\\\/qcgac.com\\\/wp-content\\\/uploads\\\/2024\\\/06\\\/cropped-22.png\",\"contentUrl\":\"https:\\\/\\\/qcgac.com\\\/wp-content\\\/uploads\\\/2024\\\/06\\\/cropped-22.png\",\"width\":512,\"height\":512,\"caption\":\"Foshan Qingchen Garment Accessories Co., Ltd.\"},\"image\":{\"@id\":\"https:\\\/\\\/qcgac.com\\\/#\\\/schema\\\/logo\\\/image\\\/\"},\"sameAs\":[\"https:\\\/\\\/www.facebook.com\\\/qcbutton\",\"https:\\\/\\\/www.linkedin.com\\\/in\\\/neal-qcfactory-qcgac\\\/\"]}]}<\/script>\n<!-- \/ Yoast SEO plugin. -->","yoast_head_json":{"title":"Prendas para la parte inferior del cuerpo - Foshan Qingchen Garment Accessories Co., Ltd.","robots":{"index":"index","follow":"follow","max-snippet":"max-snippet:-1","max-image-preview":"max-image-preview:large","max-video-preview":"max-video-preview:-1"},"canonical":"https:\/\/qcgac.com\/es\/lower-body-garments\/","og_locale":"es_ES","og_type":"article","og_title":"Lower Body Garments - Foshan Qingchen Garment Accessories Co., Ltd.","og_description":"Pants \u00a0 Buttons can secure the closure of pants, making them more comfortable to wear and easier to put on. Trousers Buttons applied to trousers can adjust the waist's tightness, improving comfort and fit. Skirt Buttons help skirts better conform to the body and provide closure, adding convenience to wearing. Shorts Buttons ensure the fit [&hellip;]","og_url":"https:\/\/qcgac.com\/es\/lower-body-garments\/","og_site_name":"Foshan Qingchen Garment Accessories Co., Ltd.","article_publisher":"https:\/\/www.facebook.com\/qcbutton","article_modified_time":"2024-06-17T08:54:27+00:00","twitter_card":"summary_large_image","schema":{"@context":"https:\/\/schema.org","@graph":[{"@type":"WebPage","@id":"https:\/\/qcgac.com\/lower-body-garments\/","url":"https:\/\/qcgac.com\/lower-body-garments\/","name":"Prendas para la parte inferior del cuerpo - Foshan Qingchen Garment Accessories Co., Ltd.","isPartOf":{"@id":"https:\/\/qcgac.com\/#website"},"datePublished":"2024-06-17T08:54:22+00:00","dateModified":"2024-06-17T08:54:27+00:00","breadcrumb":{"@id":"https:\/\/qcgac.com\/lower-body-garments\/#breadcrumb"},"inLanguage":"es","potentialAction":[{"@type":"ReadAction","target":["https:\/\/qcgac.com\/lower-body-garments\/"]}]},{"@type":"BreadcrumbList","@id":"https:\/\/qcgac.com\/lower-body-garments\/#breadcrumb","itemListElement":[{"@type":"ListItem","position":1,"name":"\u9996\u9875","item":"https:\/\/qcgac.com\/"},{"@type":"ListItem","position":2,"name":"Lower Body Garments"}]},{"@type":"WebSite","@id":"https:\/\/qcgac.com\/#website","url":"https:\/\/qcgac.com\/","name":"Accesorios de ropa Co., Ltd. de Foshan Qingchen","description":"Fabricante de accesorios de prendas de primer nivel - Foshan Qingchen Garment Accessories Co., Ltd.","publisher":{"@id":"https:\/\/qcgac.com\/#organization"},"potentialAction":[{"@type":"SearchAction","target":{"@type":"EntryPoint","urlTemplate":"https:\/\/qcgac.com\/?s={search_term_string}"},"query-input":{"@type":"PropertyValueSpecification","valueRequired":true,"valueName":"search_term_string"}}],"inLanguage":"es"},{"@type":"Organization","@id":"https:\/\/qcgac.com\/#organization","name":"Accesorios de ropa Co., Ltd. de Foshan Qingchen","url":"https:\/\/qcgac.com\/","logo":{"@type":"ImageObject","inLanguage":"es","@id":"https:\/\/qcgac.com\/#\/schema\/logo\/image\/","url":"https:\/\/qcgac.com\/wp-content\/uploads\/2024\/06\/cropped-22.png","contentUrl":"https:\/\/qcgac.com\/wp-content\/uploads\/2024\/06\/cropped-22.png","width":512,"height":512,"caption":"Foshan Qingchen Garment Accessories Co., Ltd."},"image":{"@id":"https:\/\/qcgac.com\/#\/schema\/logo\/image\/"},"sameAs":["https:\/\/www.facebook.com\/qcbutton","https:\/\/www.linkedin.com\/in\/neal-qcfactory-qcgac\/"]}]}},"_links":{"self":[{"href":"https:\/\/qcgac.com\/es\/wp-json\/wp\/v2\/pages\/361","targetHints":{"allow":["GET"]}}],"collection":[{"href":"https:\/\/qcgac.com\/es\/wp-json\/wp\/v2\/pages"}],"about":[{"href":"https:\/\/qcgac.com\/es\/wp-json\/wp\/v2\/types\/page"}],"author":[{"embeddable":true,"href":"https:\/\/qcgac.com\/es\/wp-json\/wp\/v2\/users\/2"}],"replies":[{"embeddable":true,"href":"https:\/\/qcgac.com\/es\/wp-json\/wp\/v2\/comments?post=361"}],"version-history":[{"count":2,"href":"https:\/\/qcgac.com\/es\/wp-json\/wp\/v2\/pages\/361\/revisions"}],"predecessor-version":[{"id":367,"href":"https:\/\/qcgac.com\/es\/wp-json\/wp\/v2\/pages\/361\/revisions\/367"}],"wp:attachment":[{"href":"https:\/\/qcgac.com\/es\/wp-json\/wp\/v2\/media?parent=361"}],"curies":[{"name":"gracias","href":"https:\/\/api.w.org\/{rel}","templated":true}]}}