{"id":354,"date":"2024-06-17T16:51:26","date_gmt":"2024-06-17T08:51:26","guid":{"rendered":"https:\/\/qcgac.com\/?page_id=354"},"modified":"2024-06-17T16:52:00","modified_gmt":"2024-06-17T08:52:00","slug":"accessories","status":"publish","type":"page","link":"https:\/\/qcgac.com\/es\/accessories\/","title":{"rendered":"Accesorios"},"content":{"rendered":"<p style=\"text-align: center;\">Accesorios:<\/p>\n<h2 style=\"text-align: center;\">Sombrero<\/h2>\n<p style=\"text-align: center;\"><img loading=\"lazy\" decoding=\"async\" class=\"alignnone size-full wp-image-357\" src=\"https:\/\/qcgac.com\/wp-content\/uploads\/2024\/06\/\u672a\u547d\u540d\u7684\u6587\u4ef6.png\" alt=\"\" width=\"720\" height=\"720\" srcset=\"https:\/\/qcgac.com\/wp-content\/uploads\/2024\/06\/\u672a\u547d\u540d\u7684\u6587\u4ef6.png 720w, https:\/\/qcgac.com\/wp-content\/uploads\/2024\/06\/\u672a\u547d\u540d\u7684\u6587\u4ef6-300x300.png 300w, https:\/\/qcgac.com\/wp-content\/uploads\/2024\/06\/\u672a\u547d\u540d\u7684\u6587\u4ef6-150x150.png 150w, https:\/\/qcgac.com\/wp-content\/uploads\/2024\/06\/\u672a\u547d\u540d\u7684\u6587\u4ef6-12x12.png 12w\" sizes=\"auto, (max-width: 720px) 100vw, 720px\" \/><\/p>\n<p style=\"text-align: center;\">Los botones pueden fijar la forma y el tama\u00f1o de los sombreros, garantizando estabilidad y comodidad al usarlos.<\/p>\n<p style=\"text-align: center;\">\n<h2 style=\"text-align: center;\"><strong>Bolsa<\/strong><\/h2>\n<p style=\"text-align: center;\">\n<p style=\"text-align: center;\"><img loading=\"lazy\" decoding=\"async\" class=\"alignnone size-full wp-image-356\" src=\"https:\/\/qcgac.com\/wp-content\/uploads\/2024\/06\/\u56fe\u72471-1.png\" alt=\"\" width=\"720\" height=\"763\" srcset=\"https:\/\/qcgac.com\/wp-content\/uploads\/2024\/06\/\u56fe\u72471-1.png 720w, https:\/\/qcgac.com\/wp-content\/uploads\/2024\/06\/\u56fe\u72471-1-283x300.png 283w, https:\/\/qcgac.com\/wp-content\/uploads\/2024\/06\/\u56fe\u72471-1-11x12.png 11w\" sizes=\"auto, (max-width: 720px) 100vw, 720px\" \/><\/p>\n<p style=\"text-align: center;\">Los botones pueden fijar la forma y el tama\u00f1o de los sombreros, garantizando estabilidad y comodidad al usarlos.<\/p>\n<p style=\"text-align: center;\">\n<h2 style=\"text-align: center;\"><strong>Zapatos<\/strong><\/h2>\n<p style=\"text-align: center;\"><img loading=\"lazy\" decoding=\"async\" class=\"alignnone size-full wp-image-355\" src=\"https:\/\/qcgac.com\/wp-content\/uploads\/2024\/06\/\u56fe\u72472-1.png\" alt=\"\" width=\"750\" height=\"750\" srcset=\"https:\/\/qcgac.com\/wp-content\/uploads\/2024\/06\/\u56fe\u72472-1.png 750w, https:\/\/qcgac.com\/wp-content\/uploads\/2024\/06\/\u56fe\u72472-1-300x300.png 300w, https:\/\/qcgac.com\/wp-content\/uploads\/2024\/06\/\u56fe\u72472-1-150x150.png 150w, https:\/\/qcgac.com\/wp-content\/uploads\/2024\/06\/\u56fe\u72472-1-12x12.png 12w\" sizes=\"auto, (max-width: 750px) 100vw, 750px\" \/><\/p>\n<p style=\"text-align: center;\">Los botones aplicados a los zapatos pueden asegurar la parte superior, garantizando un ajuste adecuado y agregando elementos de dise\u00f1o \u00fanicos.<\/p>\n<p style=\"text-align: center;\">","protected":false},"excerpt":{"rendered":"<p>Accesorios: Los botones para sombreros fijan la forma y el tama\u00f1o de los sombreros, garantizando estabilidad y comodidad. Los botones para bolsos fijan la forma y el tama\u00f1o de los sombreros, garantizando estabilidad y comodidad. Los botones para zapatos fijan la parte superior, asegurando un ajuste perfecto y a\u00f1adiendo elementos de dise\u00f1o \u00fanicos.<\/p>","protected":false},"author":2,"featured_media":0,"parent":0,"menu_order":0,"comment_status":"closed","ping_status":"closed","template":"page\/application.php","meta":{"_uf_show_specific_survey":0,"_uf_disable_surveys":false,"footnotes":""},"class_list":["post-354","page","type-page","status-publish","hentry"],"yoast_head":"<!-- This site is optimized with the Yoast SEO plugin v27.4 - https:\/\/yoast.com\/product\/yoast-seo-wordpress\/ -->\n<title>Accessories - Foshan Qingchen Garment Accessories Co., Ltd.<\/title>\n<meta name=\"robots\" content=\"index, follow, max-snippet:-1, max-image-preview:large, max-video-preview:-1\" \/>\n<link rel=\"canonical\" href=\"https:\/\/qcgac.com\/es\/accessories\/\" \/>\n<meta property=\"og:locale\" content=\"es_ES\" \/>\n<meta property=\"og:type\" content=\"article\" \/>\n<meta property=\"og:title\" content=\"Accessories - Foshan Qingchen Garment Accessories Co., Ltd.\" \/>\n<meta property=\"og:description\" content=\"Accessories: Hat Buttons can secure the shape and size of hats, ensuring stability and comfort when worn. Bag Buttons can secure the shape and size of hats, ensuring stability and comfort when worn. Shoes Buttons applied to shoes can secure the upper part, ensuring a proper fit and adding unique design elements.\" \/>\n<meta property=\"og:url\" content=\"https:\/\/qcgac.com\/es\/accessories\/\" \/>\n<meta property=\"og:site_name\" content=\"Foshan Qingchen Garment Accessories Co., Ltd.\" \/>\n<meta property=\"article:publisher\" content=\"https:\/\/www.facebook.com\/qcbutton\" \/>\n<meta property=\"article:modified_time\" content=\"2024-06-17T08:52:00+00:00\" \/>\n<meta name=\"twitter:card\" content=\"summary_large_image\" \/>\n<script type=\"application\/ld+json\" class=\"yoast-schema-graph\">{\"@context\":\"https:\\\/\\\/schema.org\",\"@graph\":[{\"@type\":\"WebPage\",\"@id\":\"https:\\\/\\\/qcgac.com\\\/accessories\\\/\",\"url\":\"https:\\\/\\\/qcgac.com\\\/accessories\\\/\",\"name\":\"Accessories - Foshan Qingchen Garment Accessories Co., Ltd.\",\"isPartOf\":{\"@id\":\"https:\\\/\\\/qcgac.com\\\/#website\"},\"datePublished\":\"2024-06-17T08:51:26+00:00\",\"dateModified\":\"2024-06-17T08:52:00+00:00\",\"breadcrumb\":{\"@id\":\"https:\\\/\\\/qcgac.com\\\/accessories\\\/#breadcrumb\"},\"inLanguage\":\"es\",\"potentialAction\":[{\"@type\":\"ReadAction\",\"target\":[\"https:\\\/\\\/qcgac.com\\\/accessories\\\/\"]}]},{\"@type\":\"BreadcrumbList\",\"@id\":\"https:\\\/\\\/qcgac.com\\\/accessories\\\/#breadcrumb\",\"itemListElement\":[{\"@type\":\"ListItem\",\"position\":1,\"name\":\"\u9996\u9875\",\"item\":\"https:\\\/\\\/qcgac.com\\\/\"},{\"@type\":\"ListItem\",\"position\":2,\"name\":\"Accessories\"}]},{\"@type\":\"WebSite\",\"@id\":\"https:\\\/\\\/qcgac.com\\\/#website\",\"url\":\"https:\\\/\\\/qcgac.com\\\/\",\"name\":\"Foshan Qingchen Garment Accessories Co., Ltd.\",\"description\":\"Premier Garment Accessories Manufacturer - Foshan Qingchen Garment Accessories Co., Ltd.\",\"publisher\":{\"@id\":\"https:\\\/\\\/qcgac.com\\\/#organization\"},\"potentialAction\":[{\"@type\":\"SearchAction\",\"target\":{\"@type\":\"EntryPoint\",\"urlTemplate\":\"https:\\\/\\\/qcgac.com\\\/?s={search_term_string}\"},\"query-input\":{\"@type\":\"PropertyValueSpecification\",\"valueRequired\":true,\"valueName\":\"search_term_string\"}}],\"inLanguage\":\"es\"},{\"@type\":\"Organization\",\"@id\":\"https:\\\/\\\/qcgac.com\\\/#organization\",\"name\":\"Foshan Qingchen Garment Accessories Co., Ltd.\",\"url\":\"https:\\\/\\\/qcgac.com\\\/\",\"logo\":{\"@type\":\"ImageObject\",\"inLanguage\":\"es\",\"@id\":\"https:\\\/\\\/qcgac.com\\\/#\\\/schema\\\/logo\\\/image\\\/\",\"url\":\"https:\\\/\\\/qcgac.com\\\/wp-content\\\/uploads\\\/2024\\\/06\\\/cropped-22.png\",\"contentUrl\":\"https:\\\/\\\/qcgac.com\\\/wp-content\\\/uploads\\\/2024\\\/06\\\/cropped-22.png\",\"width\":512,\"height\":512,\"caption\":\"Foshan Qingchen Garment Accessories Co., Ltd.\"},\"image\":{\"@id\":\"https:\\\/\\\/qcgac.com\\\/#\\\/schema\\\/logo\\\/image\\\/\"},\"sameAs\":[\"https:\\\/\\\/www.facebook.com\\\/qcbutton\",\"https:\\\/\\\/www.linkedin.com\\\/in\\\/neal-qcfactory-qcgac\\\/\"]}]}<\/script>\n<!-- \/ Yoast SEO plugin. -->","yoast_head_json":{"title":"Accesorios - Foshan Qingchen Garment Accessories Co., Ltd.","robots":{"index":"index","follow":"follow","max-snippet":"max-snippet:-1","max-image-preview":"max-image-preview:large","max-video-preview":"max-video-preview:-1"},"canonical":"https:\/\/qcgac.com\/es\/accessories\/","og_locale":"es_ES","og_type":"article","og_title":"Accessories - Foshan Qingchen Garment Accessories Co., Ltd.","og_description":"Accessories: Hat Buttons can secure the shape and size of hats, ensuring stability and comfort when worn. Bag Buttons can secure the shape and size of hats, ensuring stability and comfort when worn. Shoes Buttons applied to shoes can secure the upper part, ensuring a proper fit and adding unique design elements.","og_url":"https:\/\/qcgac.com\/es\/accessories\/","og_site_name":"Foshan Qingchen Garment Accessories Co., Ltd.","article_publisher":"https:\/\/www.facebook.com\/qcbutton","article_modified_time":"2024-06-17T08:52:00+00:00","twitter_card":"summary_large_image","schema":{"@context":"https:\/\/schema.org","@graph":[{"@type":"WebPage","@id":"https:\/\/qcgac.com\/accessories\/","url":"https:\/\/qcgac.com\/accessories\/","name":"Accesorios - Foshan Qingchen Garment Accessories Co., Ltd.","isPartOf":{"@id":"https:\/\/qcgac.com\/#website"},"datePublished":"2024-06-17T08:51:26+00:00","dateModified":"2024-06-17T08:52:00+00:00","breadcrumb":{"@id":"https:\/\/qcgac.com\/accessories\/#breadcrumb"},"inLanguage":"es","potentialAction":[{"@type":"ReadAction","target":["https:\/\/qcgac.com\/accessories\/"]}]},{"@type":"BreadcrumbList","@id":"https:\/\/qcgac.com\/accessories\/#breadcrumb","itemListElement":[{"@type":"ListItem","position":1,"name":"\u9996\u9875","item":"https:\/\/qcgac.com\/"},{"@type":"ListItem","position":2,"name":"Accessories"}]},{"@type":"WebSite","@id":"https:\/\/qcgac.com\/#website","url":"https:\/\/qcgac.com\/","name":"Accesorios de ropa Co., Ltd. de Foshan Qingchen","description":"Fabricante de accesorios de prendas de primer nivel - Foshan Qingchen Garment Accessories Co., Ltd.","publisher":{"@id":"https:\/\/qcgac.com\/#organization"},"potentialAction":[{"@type":"SearchAction","target":{"@type":"EntryPoint","urlTemplate":"https:\/\/qcgac.com\/?s={search_term_string}"},"query-input":{"@type":"PropertyValueSpecification","valueRequired":true,"valueName":"search_term_string"}}],"inLanguage":"es"},{"@type":"Organization","@id":"https:\/\/qcgac.com\/#organization","name":"Accesorios de ropa Co., Ltd. de Foshan Qingchen","url":"https:\/\/qcgac.com\/","logo":{"@type":"ImageObject","inLanguage":"es","@id":"https:\/\/qcgac.com\/#\/schema\/logo\/image\/","url":"https:\/\/qcgac.com\/wp-content\/uploads\/2024\/06\/cropped-22.png","contentUrl":"https:\/\/qcgac.com\/wp-content\/uploads\/2024\/06\/cropped-22.png","width":512,"height":512,"caption":"Foshan Qingchen Garment Accessories Co., Ltd."},"image":{"@id":"https:\/\/qcgac.com\/#\/schema\/logo\/image\/"},"sameAs":["https:\/\/www.facebook.com\/qcbutton","https:\/\/www.linkedin.com\/in\/neal-qcfactory-qcgac\/"]}]}},"_links":{"self":[{"href":"https:\/\/qcgac.com\/es\/wp-json\/wp\/v2\/pages\/354","targetHints":{"allow":["GET"]}}],"collection":[{"href":"https:\/\/qcgac.com\/es\/wp-json\/wp\/v2\/pages"}],"about":[{"href":"https:\/\/qcgac.com\/es\/wp-json\/wp\/v2\/types\/page"}],"author":[{"embeddable":true,"href":"https:\/\/qcgac.com\/es\/wp-json\/wp\/v2\/users\/2"}],"replies":[{"embeddable":true,"href":"https:\/\/qcgac.com\/es\/wp-json\/wp\/v2\/comments?post=354"}],"version-history":[{"count":3,"href":"https:\/\/qcgac.com\/es\/wp-json\/wp\/v2\/pages\/354\/revisions"}],"predecessor-version":[{"id":360,"href":"https:\/\/qcgac.com\/es\/wp-json\/wp\/v2\/pages\/354\/revisions\/360"}],"wp:attachment":[{"href":"https:\/\/qcgac.com\/es\/wp-json\/wp\/v2\/media?parent=354"}],"curies":[{"name":"gracias","href":"https:\/\/api.w.org\/{rel}","templated":true}]}}