{"id":332,"date":"2024-06-14T14:53:25","date_gmt":"2024-06-14T06:53:25","guid":{"rendered":"https:\/\/qcgac.com\/?page_id=332"},"modified":"2024-06-17T15:44:22","modified_gmt":"2024-06-17T07:44:22","slug":"set-up-a-aluminum-nail-factory","status":"publish","type":"page","link":"https:\/\/qcgac.com\/es\/set-up-a-aluminum-nail-factory\/","title":{"rendered":"montar una f\u00e1brica de clavos de aluminio"},"content":{"rendered":"<h1><strong>Material de u\u00f1as de aluminio<\/strong><\/h1>\n<p>Los materiales de los clavos de aluminio incluyen alambre est\u00e1ndar europeo y alambre ordinario. Los cables est\u00e1ndar europeos son m\u00e1s caros que los cables normales y tienen mayor densidad. Para clavos de aluminio del mismo tama\u00f1o, el peso de los clavos de aluminio est\u00e1ndar europeos es mucho mayor que el de los materiales normales. Sin embargo, el alambre de aluminio est\u00e1ndar europeo es dif\u00edcil de procesar debido a su alta densidad y alta p\u00e9rdida de moldeo.<\/p>\n<div style=\"width: 960px;\" class=\"wp-video\"><video class=\"wp-video-shortcode\" id=\"video-332-1\" width=\"960\" height=\"544\" preload=\"metadata\" controls=\"controls\"><source type=\"video\/mp4\" src=\"https:\/\/qcgac.com\/wp-content\/uploads\/2024\/06\/58f0ac1809889a6f7e1b73418db79f18.mp4?_=1\" \/><a href=\"https:\/\/qcgac.com\/wp-content\/uploads\/2024\/06\/58f0ac1809889a6f7e1b73418db79f18.mp4\">https:\/\/qcgac.com\/wp-content\/uploads\/2024\/06\/58f0ac1809889a6f7e1b73418db79f18.mp4<\/a><\/video><\/div>\n<h1><strong>Fabricaci\u00f3n de clavos de aluminio<\/strong><\/h1>\n<ol>\n<li>M\u00e1quina de clavos de aluminio<\/li>\n<\/ol>\n<p>Las m\u00e1quinas para clavos de aluminio incluyen m\u00e1quinas para fabricar varillas para clavos de aluminio y m\u00e1quinas para afilar clavos de aluminio.<\/p>\n<div style=\"width: 960px;\" class=\"wp-video\"><video class=\"wp-video-shortcode\" id=\"video-332-2\" width=\"960\" height=\"544\" preload=\"metadata\" controls=\"controls\"><source type=\"video\/mp4\" src=\"https:\/\/qcgac.com\/wp-content\/uploads\/2024\/06\/857a448c077e46bbed8b9dca94787ceb.mp4?_=2\" \/><a href=\"https:\/\/qcgac.com\/wp-content\/uploads\/2024\/06\/857a448c077e46bbed8b9dca94787ceb.mp4\">https:\/\/qcgac.com\/wp-content\/uploads\/2024\/06\/857a448c077e46bbed8b9dca94787ceb.mp4<\/a><\/video><\/div>\n<div style=\"width: 720px;\" class=\"wp-video\"><video class=\"wp-video-shortcode\" id=\"video-332-3\" width=\"720\" height=\"1280\" preload=\"metadata\" controls=\"controls\"><source type=\"video\/mp4\" src=\"https:\/\/qcgac.com\/wp-content\/uploads\/2024\/06\/f7fa0999fc9bc2500fce5dd117bedf9d.mp4?_=3\" \/><a href=\"https:\/\/qcgac.com\/wp-content\/uploads\/2024\/06\/f7fa0999fc9bc2500fce5dd117bedf9d.mp4\">https:\/\/qcgac.com\/wp-content\/uploads\/2024\/06\/f7fa0999fc9bc2500fce5dd117bedf9d.mp4<\/a><\/video><\/div>\n<ol start=\"2\">\n<li>Molde para u\u00f1as de aluminio<\/li>\n<\/ol>\n<p>Los clavos de aluminio tambi\u00e9n pueden tener logotipos como botones. Hoy en d\u00eda, el alambre de aluminio m\u00e1s popular en el mercado son los clavos de aluminio revestidos. Se fabrica una tapa de acero inoxidable para el clavo de aluminio. El patr\u00f3n de la gorra se puede personalizar. Por supuesto, para ahorrar costes, lo m\u00e1s econ\u00f3mico y econ\u00f3mico es grabar directamente el logotipo en el clavo de aluminio.<\/p>\n<p><img loading=\"lazy\" decoding=\"async\" class=\"alignnone size-full wp-image-336\" src=\"https:\/\/qcgac.com\/wp-content\/uploads\/2024\/06\/\u56fe\u724717.png\" alt=\"\" width=\"1267\" height=\"585\" srcset=\"https:\/\/qcgac.com\/wp-content\/uploads\/2024\/06\/\u56fe\u724717.png 1267w, https:\/\/qcgac.com\/wp-content\/uploads\/2024\/06\/\u56fe\u724717-300x139.png 300w, https:\/\/qcgac.com\/wp-content\/uploads\/2024\/06\/\u56fe\u724717-1024x473.png 1024w, https:\/\/qcgac.com\/wp-content\/uploads\/2024\/06\/\u56fe\u724717-768x355.png 768w, https:\/\/qcgac.com\/wp-content\/uploads\/2024\/06\/\u56fe\u724717-18x8.png 18w\" sizes=\"auto, (max-width: 1267px) 100vw, 1267px\" \/><\/p>\n<p><img loading=\"lazy\" decoding=\"async\" class=\"alignnone size-full wp-image-337\" src=\"https:\/\/qcgac.com\/wp-content\/uploads\/2024\/06\/\u56fe\u724718.png\" alt=\"\" width=\"1280\" height=\"540\" srcset=\"https:\/\/qcgac.com\/wp-content\/uploads\/2024\/06\/\u56fe\u724718.png 1280w, https:\/\/qcgac.com\/wp-content\/uploads\/2024\/06\/\u56fe\u724718-300x127.png 300w, https:\/\/qcgac.com\/wp-content\/uploads\/2024\/06\/\u56fe\u724718-1024x432.png 1024w, https:\/\/qcgac.com\/wp-content\/uploads\/2024\/06\/\u56fe\u724718-768x324.png 768w, https:\/\/qcgac.com\/wp-content\/uploads\/2024\/06\/\u56fe\u724718-18x8.png 18w\" sizes=\"auto, (max-width: 1280px) 100vw, 1280px\" \/><\/p>\n<p>3.Cosas a tener en cuenta<\/p>\n<p>Un buen molde es el factor m\u00e1s importante para garantizar el producto. Un buen molde no solo puede garantizar con precisi\u00f3n el tama\u00f1o y el grosor del producto, sino tambi\u00e9n hacer que los botones no tengan rebabas. Por lo tanto, se recomienda reemplazar el molde a tiempo para obtener una buena calidad.<\/p>\n<p>&nbsp;<\/p>\n<h1><strong>Acabado de clavos de aluminio.<\/strong><\/h1>\n<p>Clavo de aluminio acabado<\/p>\n<p>&nbsp;<\/p>\n<p>&nbsp;<\/p>\n<p>&nbsp;<\/p>\n<p>&nbsp;<\/p>","protected":false},"excerpt":{"rendered":"<p>Aluminum Nail Material The materials of aluminum nails include European standard wire and ordinary wire. European standard wires are more expensive than ordinary wires and have higher density. For aluminum nails of the same size, the weight of European standard aluminum nails is much greater than that of ordinary materials. However, European standard aluminum wire [&hellip;]<\/p>\n","protected":false},"author":2,"featured_media":0,"parent":0,"menu_order":0,"comment_status":"closed","ping_status":"closed","template":"page\/application.php","meta":{"_uf_show_specific_survey":0,"_uf_disable_surveys":false,"footnotes":""},"class_list":["post-332","page","type-page","status-publish","hentry"],"yoast_head":"<!-- This site is optimized with the Yoast SEO plugin v27.4 - https:\/\/yoast.com\/product\/yoast-seo-wordpress\/ -->\n<title>set up a aluminum nail factory - Foshan Qingchen Garment Accessories Co., Ltd.<\/title>\n<meta name=\"robots\" content=\"index, follow, max-snippet:-1, max-image-preview:large, max-video-preview:-1\" \/>\n<link rel=\"canonical\" href=\"https:\/\/qcgac.com\/es\/set-up-a-aluminum-nail-factory\/\" \/>\n<meta property=\"og:locale\" content=\"es_ES\" \/>\n<meta property=\"og:type\" content=\"article\" \/>\n<meta property=\"og:title\" content=\"set up a aluminum nail factory - Foshan Qingchen Garment Accessories Co., Ltd.\" \/>\n<meta property=\"og:description\" content=\"Aluminum Nail Material The materials of aluminum nails include European standard wire and ordinary wire. European standard wires are more expensive than ordinary wires and have higher density. For aluminum nails of the same size, the weight of European standard aluminum nails is much greater than that of ordinary materials. However, European standard aluminum wire [&hellip;]\" \/>\n<meta property=\"og:url\" content=\"https:\/\/qcgac.com\/es\/set-up-a-aluminum-nail-factory\/\" \/>\n<meta property=\"og:site_name\" content=\"Foshan Qingchen Garment Accessories Co., Ltd.\" \/>\n<meta property=\"article:publisher\" content=\"https:\/\/www.facebook.com\/qcbutton\" \/>\n<meta property=\"article:modified_time\" content=\"2024-06-17T07:44:22+00:00\" \/>\n<meta name=\"twitter:card\" content=\"summary_large_image\" \/>\n<meta name=\"twitter:label1\" content=\"Tiempo de lectura\" \/>\n\t<meta name=\"twitter:data1\" content=\"1 minuto\" \/>\n<script type=\"application\/ld+json\" class=\"yoast-schema-graph\">{\"@context\":\"https:\\\/\\\/schema.org\",\"@graph\":[{\"@type\":\"WebPage\",\"@id\":\"https:\\\/\\\/qcgac.com\\\/set-up-a-aluminum-nail-factory\\\/\",\"url\":\"https:\\\/\\\/qcgac.com\\\/set-up-a-aluminum-nail-factory\\\/\",\"name\":\"set up a aluminum nail factory - Foshan Qingchen Garment Accessories Co., Ltd.\",\"isPartOf\":{\"@id\":\"https:\\\/\\\/qcgac.com\\\/#website\"},\"datePublished\":\"2024-06-14T06:53:25+00:00\",\"dateModified\":\"2024-06-17T07:44:22+00:00\",\"breadcrumb\":{\"@id\":\"https:\\\/\\\/qcgac.com\\\/set-up-a-aluminum-nail-factory\\\/#breadcrumb\"},\"inLanguage\":\"es\",\"potentialAction\":[{\"@type\":\"ReadAction\",\"target\":[\"https:\\\/\\\/qcgac.com\\\/set-up-a-aluminum-nail-factory\\\/\"]}]},{\"@type\":\"BreadcrumbList\",\"@id\":\"https:\\\/\\\/qcgac.com\\\/set-up-a-aluminum-nail-factory\\\/#breadcrumb\",\"itemListElement\":[{\"@type\":\"ListItem\",\"position\":1,\"name\":\"\u9996\u9875\",\"item\":\"https:\\\/\\\/qcgac.com\\\/\"},{\"@type\":\"ListItem\",\"position\":2,\"name\":\"set up a aluminum nail factory\"}]},{\"@type\":\"WebSite\",\"@id\":\"https:\\\/\\\/qcgac.com\\\/#website\",\"url\":\"https:\\\/\\\/qcgac.com\\\/\",\"name\":\"Foshan Qingchen Garment Accessories Co., Ltd.\",\"description\":\"Premier Garment Accessories Manufacturer - Foshan Qingchen Garment Accessories Co., Ltd.\",\"publisher\":{\"@id\":\"https:\\\/\\\/qcgac.com\\\/#organization\"},\"potentialAction\":[{\"@type\":\"SearchAction\",\"target\":{\"@type\":\"EntryPoint\",\"urlTemplate\":\"https:\\\/\\\/qcgac.com\\\/?s={search_term_string}\"},\"query-input\":{\"@type\":\"PropertyValueSpecification\",\"valueRequired\":true,\"valueName\":\"search_term_string\"}}],\"inLanguage\":\"es\"},{\"@type\":\"Organization\",\"@id\":\"https:\\\/\\\/qcgac.com\\\/#organization\",\"name\":\"Foshan Qingchen Garment Accessories Co., Ltd.\",\"url\":\"https:\\\/\\\/qcgac.com\\\/\",\"logo\":{\"@type\":\"ImageObject\",\"inLanguage\":\"es\",\"@id\":\"https:\\\/\\\/qcgac.com\\\/#\\\/schema\\\/logo\\\/image\\\/\",\"url\":\"https:\\\/\\\/qcgac.com\\\/wp-content\\\/uploads\\\/2024\\\/06\\\/cropped-22.png\",\"contentUrl\":\"https:\\\/\\\/qcgac.com\\\/wp-content\\\/uploads\\\/2024\\\/06\\\/cropped-22.png\",\"width\":512,\"height\":512,\"caption\":\"Foshan Qingchen Garment Accessories Co., Ltd.\"},\"image\":{\"@id\":\"https:\\\/\\\/qcgac.com\\\/#\\\/schema\\\/logo\\\/image\\\/\"},\"sameAs\":[\"https:\\\/\\\/www.facebook.com\\\/qcbutton\",\"https:\\\/\\\/www.linkedin.com\\\/in\\\/neal-qcfactory-qcgac\\\/\"]}]}<\/script>\n<!-- \/ Yoast SEO plugin. -->","yoast_head_json":{"title":"Establecer una f\u00e1brica de clavos de aluminio - Foshan Qingchen Garment Accessories Co., Ltd.","robots":{"index":"index","follow":"follow","max-snippet":"max-snippet:-1","max-image-preview":"max-image-preview:large","max-video-preview":"max-video-preview:-1"},"canonical":"https:\/\/qcgac.com\/es\/set-up-a-aluminum-nail-factory\/","og_locale":"es_ES","og_type":"article","og_title":"set up a aluminum nail factory - Foshan Qingchen Garment Accessories Co., Ltd.","og_description":"Aluminum Nail Material The materials of aluminum nails include European standard wire and ordinary wire. European standard wires are more expensive than ordinary wires and have higher density. For aluminum nails of the same size, the weight of European standard aluminum nails is much greater than that of ordinary materials. However, European standard aluminum wire [&hellip;]","og_url":"https:\/\/qcgac.com\/es\/set-up-a-aluminum-nail-factory\/","og_site_name":"Foshan Qingchen Garment Accessories Co., Ltd.","article_publisher":"https:\/\/www.facebook.com\/qcbutton","article_modified_time":"2024-06-17T07:44:22+00:00","twitter_card":"summary_large_image","twitter_misc":{"Tiempo de lectura":"1 minuto"},"schema":{"@context":"https:\/\/schema.org","@graph":[{"@type":"WebPage","@id":"https:\/\/qcgac.com\/set-up-a-aluminum-nail-factory\/","url":"https:\/\/qcgac.com\/set-up-a-aluminum-nail-factory\/","name":"Establecer una f\u00e1brica de clavos de aluminio - Foshan Qingchen Garment Accessories Co., Ltd.","isPartOf":{"@id":"https:\/\/qcgac.com\/#website"},"datePublished":"2024-06-14T06:53:25+00:00","dateModified":"2024-06-17T07:44:22+00:00","breadcrumb":{"@id":"https:\/\/qcgac.com\/set-up-a-aluminum-nail-factory\/#breadcrumb"},"inLanguage":"es","potentialAction":[{"@type":"ReadAction","target":["https:\/\/qcgac.com\/set-up-a-aluminum-nail-factory\/"]}]},{"@type":"BreadcrumbList","@id":"https:\/\/qcgac.com\/set-up-a-aluminum-nail-factory\/#breadcrumb","itemListElement":[{"@type":"ListItem","position":1,"name":"\u9996\u9875","item":"https:\/\/qcgac.com\/"},{"@type":"ListItem","position":2,"name":"set up a aluminum nail factory"}]},{"@type":"WebSite","@id":"https:\/\/qcgac.com\/#website","url":"https:\/\/qcgac.com\/","name":"Accesorios de ropa Co., Ltd. de Foshan Qingchen","description":"Fabricante de accesorios de prendas de primer nivel - Foshan Qingchen Garment Accessories Co., Ltd.","publisher":{"@id":"https:\/\/qcgac.com\/#organization"},"potentialAction":[{"@type":"SearchAction","target":{"@type":"EntryPoint","urlTemplate":"https:\/\/qcgac.com\/?s={search_term_string}"},"query-input":{"@type":"PropertyValueSpecification","valueRequired":true,"valueName":"search_term_string"}}],"inLanguage":"es"},{"@type":"Organization","@id":"https:\/\/qcgac.com\/#organization","name":"Accesorios de ropa Co., Ltd. de Foshan Qingchen","url":"https:\/\/qcgac.com\/","logo":{"@type":"ImageObject","inLanguage":"es","@id":"https:\/\/qcgac.com\/#\/schema\/logo\/image\/","url":"https:\/\/qcgac.com\/wp-content\/uploads\/2024\/06\/cropped-22.png","contentUrl":"https:\/\/qcgac.com\/wp-content\/uploads\/2024\/06\/cropped-22.png","width":512,"height":512,"caption":"Foshan Qingchen Garment Accessories Co., Ltd."},"image":{"@id":"https:\/\/qcgac.com\/#\/schema\/logo\/image\/"},"sameAs":["https:\/\/www.facebook.com\/qcbutton","https:\/\/www.linkedin.com\/in\/neal-qcfactory-qcgac\/"]}]}},"_links":{"self":[{"href":"https:\/\/qcgac.com\/es\/wp-json\/wp\/v2\/pages\/332","targetHints":{"allow":["GET"]}}],"collection":[{"href":"https:\/\/qcgac.com\/es\/wp-json\/wp\/v2\/pages"}],"about":[{"href":"https:\/\/qcgac.com\/es\/wp-json\/wp\/v2\/types\/page"}],"author":[{"embeddable":true,"href":"https:\/\/qcgac.com\/es\/wp-json\/wp\/v2\/users\/2"}],"replies":[{"embeddable":true,"href":"https:\/\/qcgac.com\/es\/wp-json\/wp\/v2\/comments?post=332"}],"version-history":[{"count":2,"href":"https:\/\/qcgac.com\/es\/wp-json\/wp\/v2\/pages\/332\/revisions"}],"predecessor-version":[{"id":353,"href":"https:\/\/qcgac.com\/es\/wp-json\/wp\/v2\/pages\/332\/revisions\/353"}],"wp:attachment":[{"href":"https:\/\/qcgac.com\/es\/wp-json\/wp\/v2\/media?parent=332"}],"curies":[{"name":"gracias","href":"https:\/\/api.w.org\/{rel}","templated":true}]}}