{"id":319,"date":"2024-06-14T14:44:26","date_gmt":"2024-06-14T06:44:26","guid":{"rendered":"https:\/\/qcgac.com\/?page_id=319"},"modified":"2024-06-17T15:42:32","modified_gmt":"2024-06-17T07:42:32","slug":"set-up-a-die-coast-button-factory","status":"publish","type":"page","link":"https:\/\/qcgac.com\/es\/set-up-a-die-coast-button-factory\/","title":{"rendered":"montar una f\u00e1brica de botones de troquelado"},"content":{"rendered":"<h1><strong>Marca de tapa de costa<\/strong><\/h1>\n<ol>\n<li>m\u00e1quina de botones<\/li>\n<\/ol>\n<p>M\u00e1quina de fundici\u00f3n a presi\u00f3n, 160 toneladas es la mejor. La tapa del bot\u00f3n fundido a presi\u00f3n no tiene rebabas y la superficie es m\u00e1s brillante y lisa.<\/p>\n<div style=\"width: 720px;\" class=\"wp-video\"><video class=\"wp-video-shortcode\" id=\"video-319-1\" width=\"720\" height=\"1280\" preload=\"metadata\" controls=\"controls\"><source type=\"video\/mp4\" src=\"https:\/\/qcgac.com\/wp-content\/uploads\/2024\/06\/\u4e3b\u56fe.mp4?_=1\" \/><a href=\"https:\/\/qcgac.com\/wp-content\/uploads\/2024\/06\/\u4e3b\u56fe.mp4\">https:\/\/qcgac.com\/wp-content\/uploads\/2024\/06\/\u4e3b\u56fe.mp4<\/a><\/video><\/div>\n<ol start=\"2\">\n<li>molde de bot\u00f3n<\/li>\n<\/ol>\n<p><img loading=\"lazy\" decoding=\"async\" class=\"size-full wp-image-321 aligncenter\" src=\"https:\/\/qcgac.com\/wp-content\/uploads\/2024\/06\/\u56fe\u72478.png\" alt=\"\" width=\"1267\" height=\"950\" srcset=\"https:\/\/qcgac.com\/wp-content\/uploads\/2024\/06\/\u56fe\u72478.png 1267w, https:\/\/qcgac.com\/wp-content\/uploads\/2024\/06\/\u56fe\u72478-300x225.png 300w, https:\/\/qcgac.com\/wp-content\/uploads\/2024\/06\/\u56fe\u72478-1024x768.png 1024w, https:\/\/qcgac.com\/wp-content\/uploads\/2024\/06\/\u56fe\u72478-768x576.png 768w, https:\/\/qcgac.com\/wp-content\/uploads\/2024\/06\/\u56fe\u72478-16x12.png 16w\" sizes=\"auto, (max-width: 1267px) 100vw, 1267px\" \/><\/p>\n<p>3.Cosas a tener en cuenta<\/p>\n<p>Un buen molde es el factor m\u00e1s importante para garantizar el producto. Un buen molde no solo puede garantizar con precisi\u00f3n el tama\u00f1o y el grosor del producto, sino tambi\u00e9n hacer que los botones no tengan rebabas. En la actualidad, los moldes en Wenzhou, China, son los mejores.<\/p>\n<p><img loading=\"lazy\" decoding=\"async\" class=\"alignnone size-full wp-image-322\" src=\"https:\/\/qcgac.com\/wp-content\/uploads\/2024\/06\/\u56fe\u724711.png\" alt=\"\" width=\"650\" height=\"433\" srcset=\"https:\/\/qcgac.com\/wp-content\/uploads\/2024\/06\/\u56fe\u724711.png 650w, https:\/\/qcgac.com\/wp-content\/uploads\/2024\/06\/\u56fe\u724711-300x200.png 300w, https:\/\/qcgac.com\/wp-content\/uploads\/2024\/06\/\u56fe\u724711-18x12.png 18w\" sizes=\"auto, (max-width: 650px) 100vw, 650px\" \/> <img loading=\"lazy\" decoding=\"async\" class=\"alignnone size-full wp-image-323\" src=\"https:\/\/qcgac.com\/wp-content\/uploads\/2024\/06\/\u56fe\u724712.png\" alt=\"\" width=\"287\" height=\"311\" srcset=\"https:\/\/qcgac.com\/wp-content\/uploads\/2024\/06\/\u56fe\u724712.png 287w, https:\/\/qcgac.com\/wp-content\/uploads\/2024\/06\/\u56fe\u724712-277x300.png 277w, https:\/\/qcgac.com\/wp-content\/uploads\/2024\/06\/\u56fe\u724712-11x12.png 11w\" sizes=\"auto, (max-width: 287px) 100vw, 287px\" \/><\/p>\n<p>&nbsp;<\/p>\n<h1><strong>V\u00e1stago de bot\u00f3n de costa<\/strong><\/h1>\n<ol>\n<li>M\u00e1quina de mango de bot\u00f3n<\/li>\n<\/ol>\n<p>La punzonadora es la m\u00e1quina industrial ligera m\u00e1s com\u00fan y los botones con una capacidad de 16 a 30 toneladas son la elecci\u00f3n de la mayor\u00eda de las f\u00e1bricas.<\/p>\n<p>&nbsp;<\/p>\n<ol start=\"2\">\n<li>Cosas a tener en cuenta<\/li>\n<\/ol>\n<p>La parte inferior de un bot\u00f3n es una parte importante de un bot\u00f3n completo. Adem\u00e1s de los diferentes tama\u00f1os y espesores, las partes inferiores utilizadas para los botones de acero inoxidable y de fundici\u00f3n tambi\u00e9n son diferentes. Las tapas de fundici\u00f3n tienen esquinas redondeadas, pero las tapas hechas de materiales como acero inoxidable y hierro requieren v\u00e1stagos sin esquinas.<\/p>\n<h1><strong>Pulido y enchapado de botones Die-coast Button<\/strong><\/h1>\n<p>&nbsp;<\/p>\n<p>&nbsp;<\/p>\n<h1><strong>\u00a0<\/strong><\/h1>\n<h1><strong>Ensamblaje de botones de troquelado<\/strong><\/h1>\n<p>El montaje de aleaciones de zinc requiere m\u00e1quinas m\u00e1s potentes.<\/p>\n<p>&nbsp;<\/p>\n<div style=\"width: 720px;\" class=\"wp-video\"><video class=\"wp-video-shortcode\" id=\"video-319-2\" width=\"720\" height=\"1280\" preload=\"metadata\" controls=\"controls\"><source type=\"video\/mp4\" src=\"https:\/\/qcgac.com\/wp-content\/uploads\/2024\/06\/c6c50f96f93f9f3c2c8b6623e7686793.mp4?_=2\" \/><a href=\"https:\/\/qcgac.com\/wp-content\/uploads\/2024\/06\/c6c50f96f93f9f3c2c8b6623e7686793.mp4\">https:\/\/qcgac.com\/wp-content\/uploads\/2024\/06\/c6c50f96f93f9f3c2c8b6623e7686793.mp4<\/a><\/video><\/div>\n<h1><strong>Bot\u00f3n de troquelado acabado<\/strong><\/h1>\n<ol>\n<li>Bot\u00f3n terminado<\/li>\n<\/ol>\n<p>&nbsp;<\/p>\n<p><img loading=\"lazy\" decoding=\"async\" class=\"alignnone size-full wp-image-326\" src=\"https:\/\/qcgac.com\/wp-content\/uploads\/2024\/06\/\u56fe\u724716.png\" alt=\"\" width=\"300\" height=\"381\" srcset=\"https:\/\/qcgac.com\/wp-content\/uploads\/2024\/06\/\u56fe\u724716.png 300w, https:\/\/qcgac.com\/wp-content\/uploads\/2024\/06\/\u56fe\u724716-236x300.png 236w, https:\/\/qcgac.com\/wp-content\/uploads\/2024\/06\/\u56fe\u724716-9x12.png 9w\" sizes=\"auto, (max-width: 300px) 100vw, 300px\" \/> <img loading=\"lazy\" decoding=\"async\" class=\"alignnone size-full wp-image-327\" src=\"https:\/\/qcgac.com\/wp-content\/uploads\/2024\/06\/\u56fe\u724714.png\" alt=\"\" width=\"381\" height=\"381\" srcset=\"https:\/\/qcgac.com\/wp-content\/uploads\/2024\/06\/\u56fe\u724714.png 381w, https:\/\/qcgac.com\/wp-content\/uploads\/2024\/06\/\u56fe\u724714-300x300.png 300w, https:\/\/qcgac.com\/wp-content\/uploads\/2024\/06\/\u56fe\u724714-150x150.png 150w, https:\/\/qcgac.com\/wp-content\/uploads\/2024\/06\/\u56fe\u724714-12x12.png 12w\" sizes=\"auto, (max-width: 381px) 100vw, 381px\" \/> <img loading=\"lazy\" decoding=\"async\" class=\"alignnone  wp-image-329\" src=\"https:\/\/qcgac.com\/wp-content\/uploads\/2024\/06\/\u56fe\u724715.png\" alt=\"\" width=\"252\" height=\"336\" srcset=\"https:\/\/qcgac.com\/wp-content\/uploads\/2024\/06\/\u56fe\u724715.png 720w, https:\/\/qcgac.com\/wp-content\/uploads\/2024\/06\/\u56fe\u724715-225x300.png 225w, https:\/\/qcgac.com\/wp-content\/uploads\/2024\/06\/\u56fe\u724715-9x12.png 9w\" sizes=\"auto, (max-width: 252px) 100vw, 252px\" \/><\/p>","protected":false},"excerpt":{"rendered":"<p>Die-coast Cap Make button machine Die casting machine, 160 tons is the best. The die-cast button cap has no burrs and the surface is more shiny and smooth. button mold 3.Things to note A good mold is the most important factor in ensuring the product. A good mold can not only accurately ensure the size [&hellip;]<\/p>\n","protected":false},"author":2,"featured_media":0,"parent":0,"menu_order":0,"comment_status":"closed","ping_status":"closed","template":"page\/application.php","meta":{"_uf_show_specific_survey":0,"_uf_disable_surveys":false,"footnotes":""},"class_list":["post-319","page","type-page","status-publish","hentry"],"yoast_head":"<!-- This site is optimized with the Yoast SEO plugin v27.4 - https:\/\/yoast.com\/product\/yoast-seo-wordpress\/ -->\n<title>set up a die-coast button factory - Foshan Qingchen Garment Accessories Co., Ltd.<\/title>\n<meta name=\"robots\" content=\"index, follow, max-snippet:-1, max-image-preview:large, max-video-preview:-1\" \/>\n<link rel=\"canonical\" href=\"https:\/\/qcgac.com\/es\/set-up-a-die-coast-button-factory\/\" \/>\n<meta property=\"og:locale\" content=\"es_ES\" \/>\n<meta property=\"og:type\" content=\"article\" \/>\n<meta property=\"og:title\" content=\"set up a die-coast button factory - Foshan Qingchen Garment Accessories Co., Ltd.\" \/>\n<meta property=\"og:description\" content=\"Die-coast Cap Make button machine Die casting machine, 160 tons is the best. The die-cast button cap has no burrs and the surface is more shiny and smooth. button mold 3.Things to note A good mold is the most important factor in ensuring the product. A good mold can not only accurately ensure the size [&hellip;]\" \/>\n<meta property=\"og:url\" content=\"https:\/\/qcgac.com\/es\/set-up-a-die-coast-button-factory\/\" \/>\n<meta property=\"og:site_name\" content=\"Foshan Qingchen Garment Accessories Co., Ltd.\" \/>\n<meta property=\"article:publisher\" content=\"https:\/\/www.facebook.com\/qcbutton\" \/>\n<meta property=\"article:modified_time\" content=\"2024-06-17T07:42:32+00:00\" \/>\n<meta name=\"twitter:card\" content=\"summary_large_image\" \/>\n<meta name=\"twitter:label1\" content=\"Tiempo de lectura\" \/>\n\t<meta name=\"twitter:data1\" content=\"1 minuto\" \/>\n<script type=\"application\/ld+json\" class=\"yoast-schema-graph\">{\"@context\":\"https:\\\/\\\/schema.org\",\"@graph\":[{\"@type\":\"WebPage\",\"@id\":\"https:\\\/\\\/qcgac.com\\\/set-up-a-die-coast-button-factory\\\/\",\"url\":\"https:\\\/\\\/qcgac.com\\\/set-up-a-die-coast-button-factory\\\/\",\"name\":\"set up a die-coast button factory - Foshan Qingchen Garment Accessories Co., Ltd.\",\"isPartOf\":{\"@id\":\"https:\\\/\\\/qcgac.com\\\/#website\"},\"datePublished\":\"2024-06-14T06:44:26+00:00\",\"dateModified\":\"2024-06-17T07:42:32+00:00\",\"breadcrumb\":{\"@id\":\"https:\\\/\\\/qcgac.com\\\/set-up-a-die-coast-button-factory\\\/#breadcrumb\"},\"inLanguage\":\"es\",\"potentialAction\":[{\"@type\":\"ReadAction\",\"target\":[\"https:\\\/\\\/qcgac.com\\\/set-up-a-die-coast-button-factory\\\/\"]}]},{\"@type\":\"BreadcrumbList\",\"@id\":\"https:\\\/\\\/qcgac.com\\\/set-up-a-die-coast-button-factory\\\/#breadcrumb\",\"itemListElement\":[{\"@type\":\"ListItem\",\"position\":1,\"name\":\"\u9996\u9875\",\"item\":\"https:\\\/\\\/qcgac.com\\\/\"},{\"@type\":\"ListItem\",\"position\":2,\"name\":\"set up a die-coast button factory\"}]},{\"@type\":\"WebSite\",\"@id\":\"https:\\\/\\\/qcgac.com\\\/#website\",\"url\":\"https:\\\/\\\/qcgac.com\\\/\",\"name\":\"Foshan Qingchen Garment Accessories Co., Ltd.\",\"description\":\"Premier Garment Accessories Manufacturer - Foshan Qingchen Garment Accessories Co., Ltd.\",\"publisher\":{\"@id\":\"https:\\\/\\\/qcgac.com\\\/#organization\"},\"potentialAction\":[{\"@type\":\"SearchAction\",\"target\":{\"@type\":\"EntryPoint\",\"urlTemplate\":\"https:\\\/\\\/qcgac.com\\\/?s={search_term_string}\"},\"query-input\":{\"@type\":\"PropertyValueSpecification\",\"valueRequired\":true,\"valueName\":\"search_term_string\"}}],\"inLanguage\":\"es\"},{\"@type\":\"Organization\",\"@id\":\"https:\\\/\\\/qcgac.com\\\/#organization\",\"name\":\"Foshan Qingchen Garment Accessories Co., Ltd.\",\"url\":\"https:\\\/\\\/qcgac.com\\\/\",\"logo\":{\"@type\":\"ImageObject\",\"inLanguage\":\"es\",\"@id\":\"https:\\\/\\\/qcgac.com\\\/#\\\/schema\\\/logo\\\/image\\\/\",\"url\":\"https:\\\/\\\/qcgac.com\\\/wp-content\\\/uploads\\\/2024\\\/06\\\/cropped-22.png\",\"contentUrl\":\"https:\\\/\\\/qcgac.com\\\/wp-content\\\/uploads\\\/2024\\\/06\\\/cropped-22.png\",\"width\":512,\"height\":512,\"caption\":\"Foshan Qingchen Garment Accessories Co., Ltd.\"},\"image\":{\"@id\":\"https:\\\/\\\/qcgac.com\\\/#\\\/schema\\\/logo\\\/image\\\/\"},\"sameAs\":[\"https:\\\/\\\/www.facebook.com\\\/qcbutton\",\"https:\\\/\\\/www.linkedin.com\\\/in\\\/neal-qcfactory-qcgac\\\/\"]}]}<\/script>\n<!-- \/ Yoast SEO plugin. -->","yoast_head_json":{"title":"Establecer una f\u00e1brica de botones de troquel - Foshan Qingchen Garment Accessories Co., Ltd.","robots":{"index":"index","follow":"follow","max-snippet":"max-snippet:-1","max-image-preview":"max-image-preview:large","max-video-preview":"max-video-preview:-1"},"canonical":"https:\/\/qcgac.com\/es\/set-up-a-die-coast-button-factory\/","og_locale":"es_ES","og_type":"article","og_title":"set up a die-coast button factory - Foshan Qingchen Garment Accessories Co., Ltd.","og_description":"Die-coast Cap Make button machine Die casting machine, 160 tons is the best. The die-cast button cap has no burrs and the surface is more shiny and smooth. button mold 3.Things to note A good mold is the most important factor in ensuring the product. A good mold can not only accurately ensure the size [&hellip;]","og_url":"https:\/\/qcgac.com\/es\/set-up-a-die-coast-button-factory\/","og_site_name":"Foshan Qingchen Garment Accessories Co., Ltd.","article_publisher":"https:\/\/www.facebook.com\/qcbutton","article_modified_time":"2024-06-17T07:42:32+00:00","twitter_card":"summary_large_image","twitter_misc":{"Tiempo de lectura":"1 minuto"},"schema":{"@context":"https:\/\/schema.org","@graph":[{"@type":"WebPage","@id":"https:\/\/qcgac.com\/set-up-a-die-coast-button-factory\/","url":"https:\/\/qcgac.com\/set-up-a-die-coast-button-factory\/","name":"Establecer una f\u00e1brica de botones de troquel - Foshan Qingchen Garment Accessories Co., Ltd.","isPartOf":{"@id":"https:\/\/qcgac.com\/#website"},"datePublished":"2024-06-14T06:44:26+00:00","dateModified":"2024-06-17T07:42:32+00:00","breadcrumb":{"@id":"https:\/\/qcgac.com\/set-up-a-die-coast-button-factory\/#breadcrumb"},"inLanguage":"es","potentialAction":[{"@type":"ReadAction","target":["https:\/\/qcgac.com\/set-up-a-die-coast-button-factory\/"]}]},{"@type":"BreadcrumbList","@id":"https:\/\/qcgac.com\/set-up-a-die-coast-button-factory\/#breadcrumb","itemListElement":[{"@type":"ListItem","position":1,"name":"\u9996\u9875","item":"https:\/\/qcgac.com\/"},{"@type":"ListItem","position":2,"name":"set up a die-coast button factory"}]},{"@type":"WebSite","@id":"https:\/\/qcgac.com\/#website","url":"https:\/\/qcgac.com\/","name":"Accesorios de ropa Co., Ltd. de Foshan Qingchen","description":"Fabricante de accesorios de prendas de primer nivel - Foshan Qingchen Garment Accessories Co., Ltd.","publisher":{"@id":"https:\/\/qcgac.com\/#organization"},"potentialAction":[{"@type":"SearchAction","target":{"@type":"EntryPoint","urlTemplate":"https:\/\/qcgac.com\/?s={search_term_string}"},"query-input":{"@type":"PropertyValueSpecification","valueRequired":true,"valueName":"search_term_string"}}],"inLanguage":"es"},{"@type":"Organization","@id":"https:\/\/qcgac.com\/#organization","name":"Accesorios de ropa Co., Ltd. de Foshan Qingchen","url":"https:\/\/qcgac.com\/","logo":{"@type":"ImageObject","inLanguage":"es","@id":"https:\/\/qcgac.com\/#\/schema\/logo\/image\/","url":"https:\/\/qcgac.com\/wp-content\/uploads\/2024\/06\/cropped-22.png","contentUrl":"https:\/\/qcgac.com\/wp-content\/uploads\/2024\/06\/cropped-22.png","width":512,"height":512,"caption":"Foshan Qingchen Garment Accessories Co., Ltd."},"image":{"@id":"https:\/\/qcgac.com\/#\/schema\/logo\/image\/"},"sameAs":["https:\/\/www.facebook.com\/qcbutton","https:\/\/www.linkedin.com\/in\/neal-qcfactory-qcgac\/"]}]}},"_links":{"self":[{"href":"https:\/\/qcgac.com\/es\/wp-json\/wp\/v2\/pages\/319","targetHints":{"allow":["GET"]}}],"collection":[{"href":"https:\/\/qcgac.com\/es\/wp-json\/wp\/v2\/pages"}],"about":[{"href":"https:\/\/qcgac.com\/es\/wp-json\/wp\/v2\/types\/page"}],"author":[{"embeddable":true,"href":"https:\/\/qcgac.com\/es\/wp-json\/wp\/v2\/users\/2"}],"replies":[{"embeddable":true,"href":"https:\/\/qcgac.com\/es\/wp-json\/wp\/v2\/comments?post=319"}],"version-history":[{"count":3,"href":"https:\/\/qcgac.com\/es\/wp-json\/wp\/v2\/pages\/319\/revisions"}],"predecessor-version":[{"id":352,"href":"https:\/\/qcgac.com\/es\/wp-json\/wp\/v2\/pages\/319\/revisions\/352"}],"wp:attachment":[{"href":"https:\/\/qcgac.com\/es\/wp-json\/wp\/v2\/media?parent=319"}],"curies":[{"name":"gracias","href":"https:\/\/api.w.org\/{rel}","templated":true}]}}