{"id":309,"date":"2024-06-14T14:38:57","date_gmt":"2024-06-14T06:38:57","guid":{"rendered":"https:\/\/qcgac.com\/?page_id=309"},"modified":"2024-06-17T15:38:13","modified_gmt":"2024-06-17T07:38:13","slug":"set-up-a-punch-button-factory","status":"publish","type":"page","link":"https:\/\/qcgac.com\/es\/set-up-a-punch-button-factory\/","title":{"rendered":"montar una f\u00e1brica de botones perforadores"},"content":{"rendered":"<h1><strong>Materia prima para bot\u00f3n de perforaci\u00f3n<\/strong><\/h1>\n<p>Las materias primas que se utilizan para fabricar botones estampados son generalmente: cobre, acero inoxidable, hierro y l\u00e1minas de aluminio. El cobre se puede dividir en cobre 62 y cobre 65. El cobre 65 tambi\u00e9n se denomina cobre refinado 65 y cobre de material ecol\u00f3gico. El acero inoxidable es un material no magn\u00e9tico. Este material est\u00e1 hecho especialmente para botones y no tiene clasificaci\u00f3n.<\/p>\n<div style=\"width: 540px;\" class=\"wp-video\"><video class=\"wp-video-shortcode\" id=\"video-309-1\" width=\"540\" height=\"960\" preload=\"metadata\" controls=\"controls\"><source type=\"video\/mp4\" src=\"https:\/\/qcgac.com\/wp-content\/uploads\/2024\/06\/8d8b821993df772079ce950e1e9e3ac2.mp4?_=1\" \/><a href=\"https:\/\/qcgac.com\/wp-content\/uploads\/2024\/06\/8d8b821993df772079ce950e1e9e3ac2.mp4\">https:\/\/qcgac.com\/wp-content\/uploads\/2024\/06\/8d8b821993df772079ce950e1e9e3ac2.mp4<\/a><\/video><\/div>\n<h1><strong>Hacer una tapa con bot\u00f3n perforado<\/strong><\/h1>\n<ol>\n<li>m\u00e1quina para fabricar tapas de botones<\/li>\n<\/ol>\n<p>La m\u00e1quina para fabricar tapas de bot\u00f3n tambi\u00e9n es un tipo de m\u00e1quina perforadora, pero la m\u00e1quina para fabricar tapas puede hacer que el patr\u00f3n de la tapa sea m\u00e1s claro y reducir las rebabas. Puede producir de 3 a 5 tapas a la vez.<\/p>\n<p><img loading=\"lazy\" decoding=\"async\" class=\"alignnone size-full wp-image-311\" src=\"https:\/\/qcgac.com\/wp-content\/uploads\/2024\/06\/\u56fe\u72472.png\" alt=\"\" width=\"390\" height=\"381\" srcset=\"https:\/\/qcgac.com\/wp-content\/uploads\/2024\/06\/\u56fe\u72472.png 390w, https:\/\/qcgac.com\/wp-content\/uploads\/2024\/06\/\u56fe\u72472-300x293.png 300w, https:\/\/qcgac.com\/wp-content\/uploads\/2024\/06\/\u56fe\u72472-12x12.png 12w\" sizes=\"auto, (max-width: 390px) 100vw, 390px\" \/><\/p>\n<ol start=\"2\">\n<li>molde de bot\u00f3n<\/li>\n<\/ol>\n<p><img loading=\"lazy\" decoding=\"async\" class=\"alignnone size-full wp-image-312\" src=\"https:\/\/qcgac.com\/wp-content\/uploads\/2024\/06\/\u56fe\u72473.png\" alt=\"\" width=\"390\" height=\"381\" srcset=\"https:\/\/qcgac.com\/wp-content\/uploads\/2024\/06\/\u56fe\u72473.png 390w, https:\/\/qcgac.com\/wp-content\/uploads\/2024\/06\/\u56fe\u72473-300x293.png 300w, https:\/\/qcgac.com\/wp-content\/uploads\/2024\/06\/\u56fe\u72473-12x12.png 12w\" sizes=\"auto, (max-width: 390px) 100vw, 390px\" \/><\/p>\n<p>3.Cosas a tener en cuenta<\/p>\n<p>Un buen molde es el factor m\u00e1s importante para garantizar el producto. Un buen molde no solo puede garantizar con precisi\u00f3n el tama\u00f1o y el grosor del producto, sino tambi\u00e9n hacer que los botones est\u00e9n libres de rebabas.<\/p>\n<h1><strong>\u00a0Bot\u00f3n de perforaci\u00f3n con v\u00e1stago<\/strong><\/h1>\n<ol>\n<li>M\u00e1quina de mango de bot\u00f3n<\/li>\n<\/ol>\n<p>La punzonadora es la m\u00e1quina industrial ligera m\u00e1s com\u00fan y los botones con una capacidad de 16 a 30 toneladas son la elecci\u00f3n de la mayor\u00eda de las f\u00e1bricas.<\/p>\n<p><img loading=\"lazy\" decoding=\"async\" class=\"alignnone size-full wp-image-314\" src=\"https:\/\/qcgac.com\/wp-content\/uploads\/2024\/06\/\u56fe\u72474.png\" alt=\"\" width=\"650\" height=\"433\" srcset=\"https:\/\/qcgac.com\/wp-content\/uploads\/2024\/06\/\u56fe\u72474.png 650w, https:\/\/qcgac.com\/wp-content\/uploads\/2024\/06\/\u56fe\u72474-300x200.png 300w, https:\/\/qcgac.com\/wp-content\/uploads\/2024\/06\/\u56fe\u72474-18x12.png 18w\" sizes=\"auto, (max-width: 650px) 100vw, 650px\" \/><img loading=\"lazy\" decoding=\"async\" class=\"alignnone size-full wp-image-313\" src=\"https:\/\/qcgac.com\/wp-content\/uploads\/2024\/06\/\u56fe\u72475.png\" alt=\"\" width=\"433\" height=\"433\" srcset=\"https:\/\/qcgac.com\/wp-content\/uploads\/2024\/06\/\u56fe\u72475.png 433w, https:\/\/qcgac.com\/wp-content\/uploads\/2024\/06\/\u56fe\u72475-300x300.png 300w, https:\/\/qcgac.com\/wp-content\/uploads\/2024\/06\/\u56fe\u72475-150x150.png 150w, https:\/\/qcgac.com\/wp-content\/uploads\/2024\/06\/\u56fe\u72475-12x12.png 12w\" sizes=\"auto, (max-width: 433px) 100vw, 433px\" \/><\/p>\n<p>&nbsp;<\/p>\n<ol start=\"2\">\n<li>Cosas a tener en cuenta<\/li>\n<\/ol>\n<p>La parte inferior de un bot\u00f3n es una parte importante de un bot\u00f3n completo. Adem\u00e1s de los diferentes tama\u00f1os y espesores, las partes inferiores utilizadas para los botones de acero inoxidable y de fundici\u00f3n tambi\u00e9n son diferentes. Las tapas de fundici\u00f3n tienen esquinas redondeadas, pero las tapas hechas de materiales como acero inoxidable y hierro requieren v\u00e1stagos sin esquinas.<\/p>\n<h1><strong>Bot\u00f3n de perforaci\u00f3n Bot\u00f3n de pulido y enchapado<\/strong><\/h1>\n<p><img loading=\"lazy\" decoding=\"async\" class=\"size-full wp-image-315 aligncenter\" src=\"https:\/\/qcgac.com\/wp-content\/uploads\/2024\/06\/\u56fe\u72476.png\" alt=\"\" width=\"591\" height=\"1280\" srcset=\"https:\/\/qcgac.com\/wp-content\/uploads\/2024\/06\/\u56fe\u72476.png 591w, https:\/\/qcgac.com\/wp-content\/uploads\/2024\/06\/\u56fe\u72476-139x300.png 139w, https:\/\/qcgac.com\/wp-content\/uploads\/2024\/06\/\u56fe\u72476-473x1024.png 473w, https:\/\/qcgac.com\/wp-content\/uploads\/2024\/06\/\u56fe\u72476-6x12.png 6w\" sizes=\"auto, (max-width: 591px) 100vw, 591px\" \/><\/p>\n<p>&nbsp;<\/p>\n<p>Los botones de acero inoxidable necesitan ser pulidos para hacerlos m\u00e1s brillantes y hermosos, mientras que los botones de hierro necesitan ser electrogalvanizados para evitar la oxidaci\u00f3n y mantener el brillo.<\/p>\n<h1><strong>Ensamblaje del bot\u00f3n de perforaci\u00f3n<\/strong><\/h1>\n<div style=\"width: 480px;\" class=\"wp-video\"><video class=\"wp-video-shortcode\" id=\"video-309-2\" width=\"480\" height=\"846\" preload=\"metadata\" controls=\"controls\"><source type=\"video\/mp4\" src=\"https:\/\/qcgac.com\/wp-content\/uploads\/2024\/06\/stainless-steel-jeans-button-assembly-machine.mp4?_=2\" \/><a href=\"https:\/\/qcgac.com\/wp-content\/uploads\/2024\/06\/stainless-steel-jeans-button-assembly-machine.mp4\">https:\/\/qcgac.com\/wp-content\/uploads\/2024\/06\/stainless-steel-jeans-button-assembly-machine.mp4<\/a><\/video><\/div>\n<h1><strong>Bot\u00f3n de perforaci\u00f3n terminado<\/strong><\/h1>\n<ol>\n<li>Bot\u00f3n terminado<\/li>\n<\/ol>\n<p><img loading=\"lazy\" decoding=\"async\" class=\"alignnone size-full wp-image-317\" src=\"https:\/\/qcgac.com\/wp-content\/uploads\/2024\/06\/\u56fe\u72477.png\" alt=\"\" width=\"390\" height=\"381\" srcset=\"https:\/\/qcgac.com\/wp-content\/uploads\/2024\/06\/\u56fe\u72477.png 390w, https:\/\/qcgac.com\/wp-content\/uploads\/2024\/06\/\u56fe\u72477-300x293.png 300w, https:\/\/qcgac.com\/wp-content\/uploads\/2024\/06\/\u56fe\u72477-12x12.png 12w\" sizes=\"auto, (max-width: 390px) 100vw, 390px\" \/><\/p>\n<p>&nbsp;<\/p>\n<p>&nbsp;<\/p>","protected":false},"excerpt":{"rendered":"<p>Punch Button Raw Material The raw materials used to make stamped buttons are generally: copper, stainless steel, iron, and aluminum sheets. Copper can be divided into 62 copper and 65 copper. 65 copper is also called 65 refined copper and environmentally friendly material copper. Stainless steel is a non-magnetic material. This material is specially made [&hellip;]<\/p>\n","protected":false},"author":2,"featured_media":0,"parent":0,"menu_order":0,"comment_status":"closed","ping_status":"closed","template":"page\/application.php","meta":{"_uf_show_specific_survey":0,"_uf_disable_surveys":false,"footnotes":""},"class_list":["post-309","page","type-page","status-publish","hentry"],"yoast_head":"<!-- This site is optimized with the Yoast SEO plugin v27.5 - https:\/\/yoast.com\/product\/yoast-seo-wordpress\/ -->\n<title>set up a punch button factory - Foshan Qingchen Garment Accessories Co., Ltd.<\/title>\n<meta name=\"robots\" content=\"index, follow, max-snippet:-1, max-image-preview:large, max-video-preview:-1\" \/>\n<link rel=\"canonical\" href=\"https:\/\/qcgac.com\/es\/set-up-a-punch-button-factory\/\" \/>\n<meta property=\"og:locale\" content=\"es_ES\" \/>\n<meta property=\"og:type\" content=\"article\" \/>\n<meta property=\"og:title\" content=\"set up a punch button factory - Foshan Qingchen Garment Accessories Co., Ltd.\" \/>\n<meta property=\"og:description\" content=\"Punch Button Raw Material The raw materials used to make stamped buttons are generally: copper, stainless steel, iron, and aluminum sheets. Copper can be divided into 62 copper and 65 copper. 65 copper is also called 65 refined copper and environmentally friendly material copper. Stainless steel is a non-magnetic material. This material is specially made [&hellip;]\" \/>\n<meta property=\"og:url\" content=\"https:\/\/qcgac.com\/es\/set-up-a-punch-button-factory\/\" \/>\n<meta property=\"og:site_name\" content=\"Foshan Qingchen Garment Accessories Co., Ltd.\" \/>\n<meta property=\"article:publisher\" content=\"https:\/\/www.facebook.com\/qcbutton\" \/>\n<meta property=\"article:modified_time\" content=\"2024-06-17T07:38:13+00:00\" \/>\n<meta name=\"twitter:card\" content=\"summary_large_image\" \/>\n<meta name=\"twitter:label1\" content=\"Tiempo de lectura\" \/>\n\t<meta name=\"twitter:data1\" content=\"1 minuto\" \/>\n<script type=\"application\/ld+json\" class=\"yoast-schema-graph\">{\"@context\":\"https:\\\/\\\/schema.org\",\"@graph\":[{\"@type\":\"WebPage\",\"@id\":\"https:\\\/\\\/qcgac.com\\\/set-up-a-punch-button-factory\\\/\",\"url\":\"https:\\\/\\\/qcgac.com\\\/set-up-a-punch-button-factory\\\/\",\"name\":\"set up a punch button factory - Foshan Qingchen Garment Accessories Co., Ltd.\",\"isPartOf\":{\"@id\":\"https:\\\/\\\/qcgac.com\\\/#website\"},\"datePublished\":\"2024-06-14T06:38:57+00:00\",\"dateModified\":\"2024-06-17T07:38:13+00:00\",\"breadcrumb\":{\"@id\":\"https:\\\/\\\/qcgac.com\\\/set-up-a-punch-button-factory\\\/#breadcrumb\"},\"inLanguage\":\"es\",\"potentialAction\":[{\"@type\":\"ReadAction\",\"target\":[\"https:\\\/\\\/qcgac.com\\\/set-up-a-punch-button-factory\\\/\"]}]},{\"@type\":\"BreadcrumbList\",\"@id\":\"https:\\\/\\\/qcgac.com\\\/set-up-a-punch-button-factory\\\/#breadcrumb\",\"itemListElement\":[{\"@type\":\"ListItem\",\"position\":1,\"name\":\"\u9996\u9875\",\"item\":\"https:\\\/\\\/qcgac.com\\\/\"},{\"@type\":\"ListItem\",\"position\":2,\"name\":\"set up a punch button factory\"}]},{\"@type\":\"WebSite\",\"@id\":\"https:\\\/\\\/qcgac.com\\\/#website\",\"url\":\"https:\\\/\\\/qcgac.com\\\/\",\"name\":\"Foshan Qingchen Garment Accessories Co., Ltd.\",\"description\":\"Premier Garment Accessories Manufacturer - Foshan Qingchen Garment Accessories Co., Ltd.\",\"publisher\":{\"@id\":\"https:\\\/\\\/qcgac.com\\\/#organization\"},\"potentialAction\":[{\"@type\":\"SearchAction\",\"target\":{\"@type\":\"EntryPoint\",\"urlTemplate\":\"https:\\\/\\\/qcgac.com\\\/?s={search_term_string}\"},\"query-input\":{\"@type\":\"PropertyValueSpecification\",\"valueRequired\":true,\"valueName\":\"search_term_string\"}}],\"inLanguage\":\"es\"},{\"@type\":\"Organization\",\"@id\":\"https:\\\/\\\/qcgac.com\\\/#organization\",\"name\":\"Foshan Qingchen Garment Accessories Co., Ltd.\",\"url\":\"https:\\\/\\\/qcgac.com\\\/\",\"logo\":{\"@type\":\"ImageObject\",\"inLanguage\":\"es\",\"@id\":\"https:\\\/\\\/qcgac.com\\\/#\\\/schema\\\/logo\\\/image\\\/\",\"url\":\"https:\\\/\\\/qcgac.com\\\/wp-content\\\/uploads\\\/2024\\\/06\\\/cropped-22.png\",\"contentUrl\":\"https:\\\/\\\/qcgac.com\\\/wp-content\\\/uploads\\\/2024\\\/06\\\/cropped-22.png\",\"width\":512,\"height\":512,\"caption\":\"Foshan Qingchen Garment Accessories Co., Ltd.\"},\"image\":{\"@id\":\"https:\\\/\\\/qcgac.com\\\/#\\\/schema\\\/logo\\\/image\\\/\"},\"sameAs\":[\"https:\\\/\\\/www.facebook.com\\\/qcbutton\",\"https:\\\/\\\/www.linkedin.com\\\/in\\\/neal-qcfactory-qcgac\\\/\"]}]}<\/script>\n<!-- \/ Yoast SEO plugin. -->","yoast_head_json":{"title":"set up a punch button factory - Foshan Qingchen Garment Accessories Co., Ltd.","robots":{"index":"index","follow":"follow","max-snippet":"max-snippet:-1","max-image-preview":"max-image-preview:large","max-video-preview":"max-video-preview:-1"},"canonical":"https:\/\/qcgac.com\/es\/set-up-a-punch-button-factory\/","og_locale":"es_ES","og_type":"article","og_title":"set up a punch button factory - Foshan Qingchen Garment Accessories Co., Ltd.","og_description":"Punch Button Raw Material The raw materials used to make stamped buttons are generally: copper, stainless steel, iron, and aluminum sheets. Copper can be divided into 62 copper and 65 copper. 65 copper is also called 65 refined copper and environmentally friendly material copper. Stainless steel is a non-magnetic material. This material is specially made [&hellip;]","og_url":"https:\/\/qcgac.com\/es\/set-up-a-punch-button-factory\/","og_site_name":"Foshan Qingchen Garment Accessories Co., Ltd.","article_publisher":"https:\/\/www.facebook.com\/qcbutton","article_modified_time":"2024-06-17T07:38:13+00:00","twitter_card":"summary_large_image","twitter_misc":{"Tiempo de lectura":"1 minuto"},"schema":{"@context":"https:\/\/schema.org","@graph":[{"@type":"WebPage","@id":"https:\/\/qcgac.com\/set-up-a-punch-button-factory\/","url":"https:\/\/qcgac.com\/set-up-a-punch-button-factory\/","name":"set up a punch button factory - Foshan Qingchen Garment Accessories Co., Ltd.","isPartOf":{"@id":"https:\/\/qcgac.com\/#website"},"datePublished":"2024-06-14T06:38:57+00:00","dateModified":"2024-06-17T07:38:13+00:00","breadcrumb":{"@id":"https:\/\/qcgac.com\/set-up-a-punch-button-factory\/#breadcrumb"},"inLanguage":"es","potentialAction":[{"@type":"ReadAction","target":["https:\/\/qcgac.com\/set-up-a-punch-button-factory\/"]}]},{"@type":"BreadcrumbList","@id":"https:\/\/qcgac.com\/set-up-a-punch-button-factory\/#breadcrumb","itemListElement":[{"@type":"ListItem","position":1,"name":"\u9996\u9875","item":"https:\/\/qcgac.com\/"},{"@type":"ListItem","position":2,"name":"set up a punch button factory"}]},{"@type":"WebSite","@id":"https:\/\/qcgac.com\/#website","url":"https:\/\/qcgac.com\/","name":"Accesorios de ropa Co., Ltd. de Foshan Qingchen","description":"Fabricante de accesorios de prendas de primer nivel - Foshan Qingchen Garment Accessories Co., Ltd.","publisher":{"@id":"https:\/\/qcgac.com\/#organization"},"potentialAction":[{"@type":"SearchAction","target":{"@type":"EntryPoint","urlTemplate":"https:\/\/qcgac.com\/?s={search_term_string}"},"query-input":{"@type":"PropertyValueSpecification","valueRequired":true,"valueName":"search_term_string"}}],"inLanguage":"es"},{"@type":"Organization","@id":"https:\/\/qcgac.com\/#organization","name":"Accesorios de ropa Co., Ltd. de Foshan Qingchen","url":"https:\/\/qcgac.com\/","logo":{"@type":"ImageObject","inLanguage":"es","@id":"https:\/\/qcgac.com\/#\/schema\/logo\/image\/","url":"https:\/\/qcgac.com\/wp-content\/uploads\/2024\/06\/cropped-22.png","contentUrl":"https:\/\/qcgac.com\/wp-content\/uploads\/2024\/06\/cropped-22.png","width":512,"height":512,"caption":"Foshan Qingchen Garment Accessories Co., Ltd."},"image":{"@id":"https:\/\/qcgac.com\/#\/schema\/logo\/image\/"},"sameAs":["https:\/\/www.facebook.com\/qcbutton","https:\/\/www.linkedin.com\/in\/neal-qcfactory-qcgac\/"]}]}},"_links":{"self":[{"href":"https:\/\/qcgac.com\/es\/wp-json\/wp\/v2\/pages\/309","targetHints":{"allow":["GET"]}}],"collection":[{"href":"https:\/\/qcgac.com\/es\/wp-json\/wp\/v2\/pages"}],"about":[{"href":"https:\/\/qcgac.com\/es\/wp-json\/wp\/v2\/types\/page"}],"author":[{"embeddable":true,"href":"https:\/\/qcgac.com\/es\/wp-json\/wp\/v2\/users\/2"}],"replies":[{"embeddable":true,"href":"https:\/\/qcgac.com\/es\/wp-json\/wp\/v2\/comments?post=309"}],"version-history":[{"count":2,"href":"https:\/\/qcgac.com\/es\/wp-json\/wp\/v2\/pages\/309\/revisions"}],"predecessor-version":[{"id":351,"href":"https:\/\/qcgac.com\/es\/wp-json\/wp\/v2\/pages\/309\/revisions\/351"}],"wp:attachment":[{"href":"https:\/\/qcgac.com\/es\/wp-json\/wp\/v2\/media?parent=309"}],"curies":[{"name":"gracias","href":"https:\/\/api.w.org\/{rel}","templated":true}]}}